{"id":8375,"date":"2024-06-18T12:24:53","date_gmt":"2024-06-18T10:24:53","guid":{"rendered":"https:\/\/www.tada.si\/?post_type=product&#038;p=8375"},"modified":"2026-02-21T18:14:43","modified_gmt":"2026-02-21T16:14:43","slug":"ubiquiti-prenapetostna-zascita-eth-sp-g2","status":"publish","type":"product","link":"https:\/\/www.tada.si\/en\/trgovina\/mrezna-oprema\/ubiquiti-prenapetostna-zascita-eth-sp-g2\/","title":{"rendered":"Ubiquiti prenapetostna za\u0161\u010dita ETH-SP-G2"},"content":{"rendered":"<h3><a href=\"https:\/\/eu.store.ui.com\/eu\/en\" target=\"_blank\" rel=\"noopener\">Ubiquiti prenapetostna za\u0161\u010dita ETH-SP-GEN2<\/a><\/h3>\n<p>Cenovno u\u010dinkovita <strong data-start=\"122\" data-end=\"156\">Ethernet prenapetostna za\u0161\u010dita<\/strong>, zasnovana za zunanjo in notranjo uporabo ter za\u0161\u010dito omre\u017ene opreme, kot so IP kamere, PoE naprave, Wi-Fi dostopne to\u010dke ali stikala. Namenjena je prepre\u010devanju po\u0161kodb va\u0161e opreme zaradi <strong data-start=\"346\" data-end=\"418\">elektri\u010dnih sunkov, ESD\/EMP motenj in prenapetosti na omre\u017enih vodih<\/strong>.<\/p>\n<p data-start=\"459\" data-end=\"681\">Z enostavno namestitvijo in dvema za\u0161\u010ditenima RJ45 portoma omogo\u010da dodatno plast varnosti za va\u0161e Ethernet povezave, ne da bi vplivala na omre\u017eno hitrost (podpira prenose do 2.5 Gbps).<\/p>\n<p data-start=\"683\" data-end=\"945\">Izdelan iz trpe\u017enega polikarbonata, je primeren za monta\u017eo na steno ali drog in je odporen na vremenske vplive. Za\u0161\u010dita upo\u0161teva standard ETSI300-019-1.4, kar pomeni, da je primerna tudi za profesionalne outdoor instalacije.<\/p>\n<hr data-start=\"947\" data-end=\"950\" \/>\n<h3 data-start=\"952\" data-end=\"986\"><strong data-start=\"956\" data-end=\"986\">Zakaj izbrati ETH-SP-GEN2?<\/strong><\/h3>\n<ul data-start=\"988\" data-end=\"1714\">\n<li data-start=\"988\" data-end=\"1143\">\n<p data-start=\"990\" data-end=\"1143\"><strong data-start=\"990\" data-end=\"1021\">Za\u0161\u010dita medijskega omre\u017eja:<\/strong> Prepre\u010duje po\u0161kodbe omre\u017ene in PoE opreme zaradi prenapetosti ali elektrostatike.<\/p>\n<\/li>\n<li data-start=\"1144\" data-end=\"1270\">\n<p data-start=\"1146\" data-end=\"1270\"><strong data-start=\"1146\" data-end=\"1168\">Dve RJ45 povezavi:<\/strong> Enostavno vgradnja v obstoje\u010de omre\u017eje, brez izgube hitrosti.<\/p>\n<\/li>\n<li data-start=\"1271\" data-end=\"1443\">\n<p data-start=\"1273\" data-end=\"1443\"><strong data-start=\"1273\" data-end=\"1289\">Podpora PoE:<\/strong> Deluje z aktivnimi PoE napravami (802.3af), kar omogo\u010da za\u0161\u010dito kamer, dostopnih to\u010dk in drugih napajanih naprav.<\/p>\n<\/li>\n<li data-start=\"1444\" data-end=\"1607\">\n<p data-start=\"1446\" data-end=\"1607\"><strong data-start=\"1446\" data-end=\"1481\">Vzdr\u017eljiv in vremensko odporen:<\/strong> Polikarbonatno ohi\u0161je in IPX5 za\u0161\u010dita omogo\u010data zunanjo uporabo v ekstremnih pogojih.<\/p>\n<\/li>\n<li data-start=\"1608\" data-end=\"1714\">\n<p data-start=\"1610\" data-end=\"1714\"><strong data-start=\"1610\" data-end=\"1628\">Hitri priklop:<\/strong> Plug &amp; play re\u0161itev, enostavna za namestitev.<\/p>\n<\/li>\n<li data-start=\"1608\" data-end=\"1714\"><strong>\u0160\u010diti<\/strong> zunanje <strong>Ethernet<\/strong> naprave<\/li>\n<li data-start=\"1608\" data-end=\"1714\">(2)Pasivne, prenapetostno za\u0161\u010ditene povezave <strong>RJ45<\/strong><\/li>\n<li data-start=\"1608\" data-end=\"1714\"><strong>Hitra<\/strong> in <strong>enostavna<\/strong> namestitev<\/li>\n<li data-start=\"1608\" data-end=\"1714\"><strong>Zdru\u017eljivo<\/strong> z 2,5 GbE omre\u017eji<\/li>\n<\/ul>\n<hr data-start=\"947\" data-end=\"950\" \/>\n<h3>Tehni\u010dne lastnosti:<\/h3>\n<p>2x 10\/100\/1000 RJ45 port<br \/>\nESD\/EMP za\u0161\u010dita: absorbira prehodni tok z odzivom na prenapetostni elektri\u010dni sunek od 100V\/s do 1kV\/\u00b5s<br \/>\nDC napetost iskrenja: 700V @ 1kV\/\u00b5s<br \/>\nRazelektrenje toka: 10kA+<br \/>\nNajve\u010dja izolacijska upornost: 1G ohm @ 50V<br \/>\nNajve\u010dja kapacitativnost: 1.0 pF @ 1 MHz<br \/>\nPodpora za 802.3af PoE<br \/>\nCertificiranje o udarcih in vibracijah: ETSI300-019-1.4 Standard<br \/>\nDimenzije: 91mm x 61mm x 32,5mm<br \/>\nTemperaturno obmo\u010dje delovanja: -30\u00b0C do 65\u00b0C, Vla\u017enost 10-90% brez kondenza<\/p>","protected":false},"excerpt":{"rendered":"<p>Ubiquiti prenapetostna za\u0161\u010dita ETH-SP-G2 je stro\u0161kovno u\u010dinkovita re\u0161itev za za\u0161\u010dito zunanjih ali notranjih ethernet naprav pred elektri\u010dnimi sunki, ki nastanejo zaradi kopi\u010denja stati\u010dne elektrike.<\/p>\n<p>Oglejte si \u0161e\u00a0<a href=\"https:\/\/www.tada.si\/en\/product-category\/mrezna-oprema\/\">ostalo ponudbo mre\u017ene opreme na na\u0161i spletni strani.<\/a><\/p>","protected":false},"featured_media":8376,"comment_status":"open","ping_status":"closed","template":"","meta":{"inline_featured_image":false},"product_brand":[],"product_cat":[168],"product_tag":[],"class_list":{"0":"post-8375","1":"product","2":"type-product","3":"status-publish","4":"has-post-thumbnail","6":"product_cat-mrezna-oprema","8":"first","9":"instock","10":"taxable","11":"shipping-taxable","12":"purchasable","13":"product-type-simple","14":"czr-hentry"},"_links":{"self":[{"href":"https:\/\/www.tada.si\/en\/wp-json\/wp\/v2\/product\/8375","targetHints":{"allow":["GET"]}}],"collection":[{"href":"https:\/\/www.tada.si\/en\/wp-json\/wp\/v2\/product"}],"about":[{"href":"https:\/\/www.tada.si\/en\/wp-json\/wp\/v2\/types\/product"}],"replies":[{"embeddable":true,"href":"https:\/\/www.tada.si\/en\/wp-json\/wp\/v2\/comments?post=8375"}],"wp:featuredmedia":[{"embeddable":true,"href":"https:\/\/www.tada.si\/en\/wp-json\/wp\/v2\/media\/8376"}],"wp:attachment":[{"href":"https:\/\/www.tada.si\/en\/wp-json\/wp\/v2\/media?parent=8375"}],"wp:term":[{"taxonomy":"product_brand","embeddable":true,"href":"https:\/\/www.tada.si\/en\/wp-json\/wp\/v2\/product_brand?post=8375"},{"taxonomy":"product_cat","embeddable":true,"href":"https:\/\/www.tada.si\/en\/wp-json\/wp\/v2\/product_cat?post=8375"},{"taxonomy":"product_tag","embeddable":true,"href":"https:\/\/www.tada.si\/en\/wp-json\/wp\/v2\/product_tag?post=8375"}],"curies":[{"name":"wp","href":"https:\/\/api.w.org\/{rel}","templated":true}]}}