{"id":8428,"date":"2024-07-17T12:35:20","date_gmt":"2024-07-17T10:35:20","guid":{"rendered":"https:\/\/www.tada.si\/?post_type=product&#038;p=8428"},"modified":"2026-02-23T22:51:41","modified_gmt":"2026-02-23T20:51:41","slug":"alphatronics-stream-5g-pro","status":"publish","type":"product","link":"https:\/\/www.tada.si\/en\/trgovina\/avto-oprema\/tv-alphatronics\/alphatronics-stream-5g-pro\/","title":{"rendered":"alphatronics STREAM 5G Pro"},"content":{"rendered":"<p data-start=\"131\" data-end=\"431\"><strong data-start=\"131\" data-end=\"161\">Alphatronics STREAM 5G Pro<\/strong> je zmogljiv mobilni 5G\/LTE usmerjevalnik, zasnovan za vse, ki \u017eelijo zanesljiv in hiter internet kjerkoli \u2013 doma, na poti ali v avtodomu. Podpira najnovej\u0161a 5G omre\u017eja ter je zdru\u017eljiv tudi z 4G\/LTE, kar zagotavlja stabilno povezavo tudi na obmo\u010djih s slab\u0161im signalom.<\/p>\n<p data-start=\"433\" data-end=\"651\">Z dvojnim re\u017eo za SIM kartici omogo\u010da fleksibilno uporabo razli\u010dnih operaterjev, vgrajeni Wi-Fi pa omogo\u010da povezavo ve\u010d naprav hkrati. Zunanje MIMO antene poskrbijo za odli\u010den sprejem signala, tudi v zahtevnih pogojih.<\/p>\n<p data-start=\"653\" data-end=\"847\">Idealna re\u0161itev za avtodome, prikolice, po\u010ditni\u0161ke hi\u0161e ali mobilne pisarne, kjer potrebujete hitro, stabilno in varno internetno povezavo brez fiksnega priklju\u010dka.<\/p>\n<p><a href=\"https:\/\/www.tada.si\/wp-content\/uploads\/2024\/07\/STREAM-5G-PRO-tech.png\"><img loading=\"lazy\" decoding=\"async\" class=\"alignnone size-medium wp-image-8430\" src=\"https:\/\/www.tada.si\/wp-content\/uploads\/2024\/07\/STREAM-5G-PRO-tech-300x213.png\" alt=\"\" width=\"300\" height=\"213\" srcset=\"https:\/\/www.tada.si\/wp-content\/uploads\/2024\/07\/STREAM-5G-PRO-tech-300x213.png 300w, https:\/\/www.tada.si\/wp-content\/uploads\/2024\/07\/STREAM-5G-PRO-tech-1024x727.png 1024w, https:\/\/www.tada.si\/wp-content\/uploads\/2024\/07\/STREAM-5G-PRO-tech-768x545.png 768w, https:\/\/www.tada.si\/wp-content\/uploads\/2024\/07\/STREAM-5G-PRO-tech-18x12.png 18w, https:\/\/www.tada.si\/wp-content\/uploads\/2024\/07\/STREAM-5G-PRO-tech-570x405.png 570w, https:\/\/www.tada.si\/wp-content\/uploads\/2024\/07\/STREAM-5G-PRO-tech-600x426.png 600w, https:\/\/www.tada.si\/wp-content\/uploads\/2024\/07\/STREAM-5G-PRO-tech-64x45.png 64w, https:\/\/www.tada.si\/wp-content\/uploads\/2024\/07\/STREAM-5G-PRO-tech.png 1154w\" sizes=\"auto, (max-width: 300px) 100vw, 300px\" \/><\/a><\/p>","protected":false},"excerpt":{"rendered":"<p id=\"tw-target-text\" class=\"tw-data-text tw-text-large tw-ta\" dir=\"ltr\" data-placeholder=\"Prevod\" aria-label=\"Prevedeno besedilo\" data-ved=\"2ahUKEwj_5pqnvKuHAxU5g_0HHZWXANwQ3ewLegQIBhAU\"><span class=\"Y2IQFc\" lang=\"sl\">Prva re\u0161itev 5G WIFI\/LTE! <\/span><\/p>\n<p class=\"tw-data-text tw-text-large tw-ta\" dir=\"ltr\" data-placeholder=\"Prevod\" aria-label=\"Prevedeno besedilo\" data-ved=\"2ahUKEwj_5pqnvKuHAxU5g_0HHZWXANwQ3ewLegQIBhAU\"><span class=\"Y2IQFc\" lang=\"sl\">Najnovej\u0161i model v dru\u017eini usmerjevalnikov alphatronics STREAM in vam omogo\u010da najbolj\u0161o trenutno mo\u017eno hitrost prenosa prek kartice SIM. Usmerjevalnik je zasnovan posebej za sprejem 5G in lahko prena\u0161a podatke s hitrostjo do 3000 MBit\/s na sekundo. Zahvaljujo\u010d zdru\u017eljivosti (ali pri pomanjkanju sprejema 5G) je mogo\u010de podatke alternativno prenesti prek omre\u017eja 4G LTE (CAT20) s hitrostjo do 2000 MBit\/s. Ker ima zunanja antena klju\u010dno vlogo pri zmogljivosti 5G, je bila antena 3-v-1 (4x LTE, 2x WiFi in 1x GPS) zasnovana v tesnem sodelovanju s podjetjem <a href=\"https:\/\/panorama-antennas.com\/\">Panorama Antennas<\/a>, vodilnim na trgu antenske tehnologije s sede\u017eem v Nem\u010diji.<\/span><\/p>\n<p id=\"tw-target-text\" class=\"tw-data-text tw-text-large tw-ta\" dir=\"ltr\" data-placeholder=\"Prevod\" aria-label=\"Prevedeno besedilo\" data-ved=\"2ahUKEwj_kq-i7K2HAxUAh_0HHQjMDTgQ3ewLegQIBRAU\"><span class=\"Y2IQFc\" lang=\"sl\">Prednosti izdelka na prvi pogled: <\/span><\/p>\n<ul>\n<li class=\"tw-data-text tw-text-large tw-ta\" dir=\"ltr\" data-placeholder=\"Prevod\" aria-label=\"Prevedeno besedilo\" data-ved=\"2ahUKEwj_kq-i7K2HAxUAh_0HHQjMDTgQ3ewLegQIBRAU\"><span class=\"Y2IQFc\" lang=\"sl\">Spletna aplikacija alphatronics, ki je preprosta za krmarjenje <\/span><\/li>\n<li class=\"tw-data-text tw-text-large tw-ta\" dir=\"ltr\" data-placeholder=\"Prevod\" aria-label=\"Prevedeno besedilo\" data-ved=\"2ahUKEwj_kq-i7K2HAxUAh_0HHQjMDTgQ3ewLegQIBRAU\"><span class=\"Y2IQFc\" lang=\"sl\">Hitrost (prenos) : do 3000 Mbit\/s <\/span><\/li>\n<li class=\"tw-data-text tw-text-large tw-ta\" dir=\"ltr\" data-placeholder=\"Prevod\" aria-label=\"Prevedeno besedilo\" data-ved=\"2ahUKEwj_kq-i7K2HAxUAh_0HHQjMDTgQ3ewLegQIBRAU\"><span class=\"Y2IQFc\" lang=\"sl\">Standard: CAT 20 <\/span><\/li>\n<li class=\"tw-data-text tw-text-large tw-ta\" dir=\"ltr\" data-placeholder=\"Prevod\" aria-label=\"Prevedeno besedilo\" data-ved=\"2ahUKEwj_kq-i7K2HAxUAh_0HHQjMDTgQ3ewLegQIBRAU\"><span class=\"Y2IQFc\" lang=\"sl\">Omre\u017eja mobilne komunikacije: 5G, 4G, 3G <\/span><\/li>\n<li class=\"tw-data-text tw-text-large tw-ta\" dir=\"ltr\" data-placeholder=\"Prevod\" aria-label=\"Prevedeno besedilo\" data-ved=\"2ahUKEwj_kq-i7K2HAxUAh_0HHQjMDTgQ3ewLegQIBRAU\"><span class=\"Y2IQFc\" lang=\"sl\">Preklapljanje re\u017e za kartico SIM: SIM1 ali SIM2 Za uporabo v Evropi, Bli\u017enjem vzhodu, Afriki, Oceaniji <\/span><\/li>\n<li class=\"tw-data-text tw-text-large tw-ta\" dir=\"ltr\" data-placeholder=\"Prevod\" aria-label=\"Prevedeno besedilo\" data-ved=\"2ahUKEwj_kq-i7K2HAxUAh_0HHQjMDTgQ3ewLegQIBRAU\"><span class=\"Y2IQFc\" lang=\"sl\">Posebej zasnovano za vozila za prosti \u010das <\/span><\/li>\n<li class=\"tw-data-text tw-text-large tw-ta\" dir=\"ltr\" data-placeholder=\"Prevod\" aria-label=\"Prevedeno besedilo\" data-ved=\"2ahUKEwj_kq-i7K2HAxUAh_0HHQjMDTgQ3ewLegQIBRAU\"><span class=\"Y2IQFc\" lang=\"sl\">Napajanje: 12V kabel ali 230V <\/span><\/li>\n<li class=\"tw-data-text tw-text-large tw-ta\" dir=\"ltr\" data-placeholder=\"Prevod\" aria-label=\"Prevedeno besedilo\" data-ved=\"2ahUKEwj_kq-i7K2HAxUAh_0HHQjMDTgQ3ewLegQIBRAU\"><span class=\"Y2IQFc\" lang=\"sl\">Primerno za profesionalno uporabo <\/span><\/li>\n<li class=\"tw-data-text tw-text-large tw-ta\" dir=\"ltr\" data-placeholder=\"Prevod\" aria-label=\"Prevedeno besedilo\" data-ved=\"2ahUKEwj_kq-i7K2HAxUAh_0HHQjMDTgQ3ewLegQIBRAU\"><span class=\"Y2IQFc\" lang=\"sl\">Najve\u010dja hitrost za vse va\u0161e naprave!<\/span><\/li>\n<\/ul>\n<p><a href=\"https:\/\/www.youtube.com\/watch?v=GgnlWFaZ7u8\">https:\/\/www.youtube.com\/watch?v=GgnlWFaZ7u8<\/a><\/p>","protected":false},"featured_media":8421,"comment_status":"open","ping_status":"closed","template":"","meta":{"inline_featured_image":false},"product_brand":[],"product_cat":[244,245],"product_tag":[],"class_list":{"0":"post-8428","1":"product","2":"type-product","3":"status-publish","4":"has-post-thumbnail","6":"product_cat-avto-oprema","7":"product_cat-tv-alphatronics","9":"first","10":"instock","11":"taxable","12":"shipping-taxable","13":"purchasable","14":"product-type-simple","15":"czr-hentry"},"_links":{"self":[{"href":"https:\/\/www.tada.si\/en\/wp-json\/wp\/v2\/product\/8428","targetHints":{"allow":["GET"]}}],"collection":[{"href":"https:\/\/www.tada.si\/en\/wp-json\/wp\/v2\/product"}],"about":[{"href":"https:\/\/www.tada.si\/en\/wp-json\/wp\/v2\/types\/product"}],"replies":[{"embeddable":true,"href":"https:\/\/www.tada.si\/en\/wp-json\/wp\/v2\/comments?post=8428"}],"wp:featuredmedia":[{"embeddable":true,"href":"https:\/\/www.tada.si\/en\/wp-json\/wp\/v2\/media\/8421"}],"wp:attachment":[{"href":"https:\/\/www.tada.si\/en\/wp-json\/wp\/v2\/media?parent=8428"}],"wp:term":[{"taxonomy":"product_brand","embeddable":true,"href":"https:\/\/www.tada.si\/en\/wp-json\/wp\/v2\/product_brand?post=8428"},{"taxonomy":"product_cat","embeddable":true,"href":"https:\/\/www.tada.si\/en\/wp-json\/wp\/v2\/product_cat?post=8428"},{"taxonomy":"product_tag","embeddable":true,"href":"https:\/\/www.tada.si\/en\/wp-json\/wp\/v2\/product_tag?post=8428"}],"curies":[{"name":"wp","href":"https:\/\/api.w.org\/{rel}","templated":true}]}}