{"id":8431,"date":"2024-07-17T12:59:49","date_gmt":"2024-07-17T10:59:49","guid":{"rendered":"https:\/\/www.tada.si\/?post_type=product&#038;p=8431"},"modified":"2026-02-23T22:51:24","modified_gmt":"2026-02-23T20:51:24","slug":"alphatronics-stream-2","status":"publish","type":"product","link":"https:\/\/www.tada.si\/en\/trgovina\/avto-oprema\/tv-alphatronics\/alphatronics-stream-2\/","title":{"rendered":"alphatronics STREAM 2"},"content":{"rendered":"","protected":false},"excerpt":{"rendered":"<p id=\"tw-target-text\" class=\"tw-data-text tw-text-large tw-ta\" dir=\"ltr\" data-placeholder=\"Prevod\" aria-label=\"Prevedeno besedilo\" data-ved=\"2ahUKEwjQ6Yb08K2HAxXe9rsIHcCDC88Q3ewLegQIBRAU\"><span class=\"Y2IQFc\" lang=\"sl\">\u0160e hitrej\u0161i internet! <\/span><\/p>\n<p class=\"tw-data-text tw-text-large tw-ta\" dir=\"ltr\" data-placeholder=\"Prevod\" aria-label=\"Prevedeno besedilo\" data-ved=\"2ahUKEwjQ6Yb08K2HAxXe9rsIHcCDC88Q3ewLegQIBRAU\"><span class=\"Y2IQFc\" lang=\"sl\">Usmerjevalnik alphatronics STREAM 2 je optimalna re\u0161itev za omogo\u010danje streaminga in mobilne pisarne prek prenosnika in tablice v vozilu. <\/span><\/p>\n<p class=\"tw-data-text tw-text-large tw-ta\" dir=\"ltr\" data-placeholder=\"Prevod\" aria-label=\"Prevedeno besedilo\" data-ved=\"2ahUKEwjQ6Yb08K2HAxXe9rsIHcCDC88Q3ewLegQIBRAU\"><span class=\"Y2IQFc\" lang=\"sl\">Ker je tehnologija lahko zapletena, je bil poudarek pri razvoju na uporabniku prijaznem vmesniku (Web UI), zaradi katerega je rokovanje z izdelkom otro\u010dje igra. Kljub temu obstaja tudi mo\u017enost konfiguracije vseh funkcij, kot je uporaba VPN-ja, dinami\u010dnega DNS-a itd., prek profesionalnega na\u010dina. <\/span><\/p>\n<p class=\"tw-data-text tw-text-large tw-ta\" dir=\"ltr\" data-placeholder=\"Prevod\" aria-label=\"Prevedeno besedilo\" data-ved=\"2ahUKEwjQ6Yb08K2HAxXe9rsIHcCDC88Q3ewLegQIBRAU\"><span class=\"Y2IQFc\" lang=\"sl\">Usmerjevalnik je zasnovan za omre\u017eja 4G in lahko prena\u0161a podatke do 300 Mbits (CAT 6). 2 re\u017ei za SIM omogo\u010data uporabo razli\u010dnih kartic SIM. To je \u0161e posebej koristno, ko potujete v tujino, da zmanj\u0161ate stro\u0161ke.<\/span><\/p>\n<div class=\"sub-headline\">\n<div class=\"first-head\"><\/div>\n<\/div>\n<p>&nbsp;<\/p>\n<p id=\"tw-target-text\" class=\"tw-data-text tw-text-large tw-ta\" dir=\"ltr\" data-placeholder=\"Prevod\" aria-label=\"Prevedeno besedilo\" data-ved=\"2ahUKEwj_kq-i7K2HAxUAh_0HHQjMDTgQ3ewLegQIBRAU\"><span class=\"Y2IQFc\" lang=\"sl\">Prednosti izdelka: <\/span><\/p>\n<ul>\n<li class=\"tw-data-text tw-text-large tw-ta\" dir=\"ltr\" data-placeholder=\"Prevod\" aria-label=\"Prevedeno besedilo\" data-ved=\"2ahUKEwj_kq-i7K2HAxUAh_0HHQjMDTgQ3ewLegQIBRAU\"><span class=\"Y2IQFc\" lang=\"sl\">Spletna aplikacija alphatronics, ki je preprosta za uporabo<\/span><\/li>\n<li class=\"tw-data-text tw-text-large tw-ta\" dir=\"ltr\" data-placeholder=\"Prevod\" aria-label=\"Prevedeno besedilo\" data-ved=\"2ahUKEwj_kq-i7K2HAxUAh_0HHQjMDTgQ3ewLegQIBRAU\"><span class=\"Y2IQFc\" lang=\"sl\">Hitrost (prenos) : do 300 Mbit\/s <\/span><\/li>\n<li class=\"tw-data-text tw-text-large tw-ta\" dir=\"ltr\" data-placeholder=\"Prevod\" aria-label=\"Prevedeno besedilo\" data-ved=\"2ahUKEwj_kq-i7K2HAxUAh_0HHQjMDTgQ3ewLegQIBRAU\"><span class=\"Y2IQFc\" lang=\"sl\">Standard: CAT 6 <\/span><\/li>\n<li class=\"tw-data-text tw-text-large tw-ta\" dir=\"ltr\" data-placeholder=\"Prevod\" aria-label=\"Prevedeno besedilo\" data-ved=\"2ahUKEwj_kq-i7K2HAxUAh_0HHQjMDTgQ3ewLegQIBRAU\"><span class=\"Y2IQFc\" lang=\"sl\">Mobilna komunikacijska omre\u017eja: 4G, 3G, 2G <\/span><\/li>\n<li class=\"tw-data-text tw-text-large tw-ta\" dir=\"ltr\" data-placeholder=\"Prevod\" aria-label=\"Prevedeno besedilo\" data-ved=\"2ahUKEwj_kq-i7K2HAxUAh_0HHQjMDTgQ3ewLegQIBRAU\"><span class=\"Y2IQFc\" lang=\"sl\">Preklapljanje re\u017e za kartico SIM: SIM1 ali SIM2 Za uporabo v Evropi, Bli\u017enjem vzhodu, Afriki, Avstraliji <\/span><\/li>\n<li class=\"tw-data-text tw-text-large tw-ta\" dir=\"ltr\" data-placeholder=\"Prevod\" aria-label=\"Prevedeno besedilo\" data-ved=\"2ahUKEwj_kq-i7K2HAxUAh_0HHQjMDTgQ3ewLegQIBRAU\"><span class=\"Y2IQFc\" lang=\"sl\">Posebej zasnovano za vozila za prosti \u010das <\/span><\/li>\n<li class=\"tw-data-text tw-text-large tw-ta\" dir=\"ltr\" data-placeholder=\"Prevod\" aria-label=\"Prevedeno besedilo\" data-ved=\"2ahUKEwj_kq-i7K2HAxUAh_0HHQjMDTgQ3ewLegQIBRAU\"><span class=\"Y2IQFc\" lang=\"sl\">Napajanje: 12V kabel ali 230V <\/span><\/li>\n<li class=\"tw-data-text tw-text-large tw-ta\" dir=\"ltr\" data-placeholder=\"Prevod\" aria-label=\"Prevedeno besedilo\" data-ved=\"2ahUKEwj_kq-i7K2HAxUAh_0HHQjMDTgQ3ewLegQIBRAU\"><span class=\"Y2IQFc\" lang=\"sl\">Primerno za oddaljeno pisarno ali dru\u017eino <\/span><\/li>\n<li class=\"tw-data-text tw-text-large tw-ta\" dir=\"ltr\" data-placeholder=\"Prevod\" aria-label=\"Prevedeno besedilo\" data-ved=\"2ahUKEwj_kq-i7K2HAxUAh_0HHQjMDTgQ3ewLegQIBRAU\"><span class=\"Y2IQFc\" lang=\"sl\">Do 5 naprav hkrati<\/span><\/li>\n<\/ul>\n<p><a href=\"https:\/\/www.youtube.com\/watch?v=wsWT_y7W31w\">https:\/\/www.youtube.com\/watch?v=wsWT_y7W31w<\/a><\/p>\n<p dir=\"ltr\" data-placeholder=\"Prevod\" aria-label=\"Prevedeno besedilo\" data-ved=\"2ahUKEwjQ6Yb08K2HAxXe9rsIHcCDC88Q3ewLegQIBRAU\">","protected":false},"featured_media":8416,"comment_status":"open","ping_status":"closed","template":"","meta":{"inline_featured_image":false},"product_brand":[],"product_cat":[244,245],"product_tag":[],"class_list":{"0":"post-8431","1":"product","2":"type-product","3":"status-publish","4":"has-post-thumbnail","6":"product_cat-avto-oprema","7":"product_cat-tv-alphatronics","9":"first","10":"instock","11":"taxable","12":"shipping-taxable","13":"purchasable","14":"product-type-simple","15":"czr-hentry"},"_links":{"self":[{"href":"https:\/\/www.tada.si\/en\/wp-json\/wp\/v2\/product\/8431","targetHints":{"allow":["GET"]}}],"collection":[{"href":"https:\/\/www.tada.si\/en\/wp-json\/wp\/v2\/product"}],"about":[{"href":"https:\/\/www.tada.si\/en\/wp-json\/wp\/v2\/types\/product"}],"replies":[{"embeddable":true,"href":"https:\/\/www.tada.si\/en\/wp-json\/wp\/v2\/comments?post=8431"}],"wp:featuredmedia":[{"embeddable":true,"href":"https:\/\/www.tada.si\/en\/wp-json\/wp\/v2\/media\/8416"}],"wp:attachment":[{"href":"https:\/\/www.tada.si\/en\/wp-json\/wp\/v2\/media?parent=8431"}],"wp:term":[{"taxonomy":"product_brand","embeddable":true,"href":"https:\/\/www.tada.si\/en\/wp-json\/wp\/v2\/product_brand?post=8431"},{"taxonomy":"product_cat","embeddable":true,"href":"https:\/\/www.tada.si\/en\/wp-json\/wp\/v2\/product_cat?post=8431"},{"taxonomy":"product_tag","embeddable":true,"href":"https:\/\/www.tada.si\/en\/wp-json\/wp\/v2\/product_tag?post=8431"}],"curies":[{"name":"wp","href":"https:\/\/api.w.org\/{rel}","templated":true}]}}