{"id":8434,"date":"2024-07-17T13:04:15","date_gmt":"2024-07-17T11:04:15","guid":{"rendered":"https:\/\/www.tada.si\/?post_type=product&#038;p=8434"},"modified":"2026-02-23T22:50:19","modified_gmt":"2026-02-23T20:50:19","slug":"alphatronics-stream","status":"publish","type":"product","link":"https:\/\/www.tada.si\/en\/trgovina\/avto-oprema\/tv-alphatronics\/alphatronics-stream\/","title":{"rendered":"alphatronics STREAM"},"content":{"rendered":"","protected":false},"excerpt":{"rendered":"<p id=\"tw-target-text\" class=\"tw-data-text tw-text-large tw-ta\" dir=\"ltr\" data-placeholder=\"Prevod\" aria-label=\"Prevedeno besedilo\" data-ved=\"2ahUKEwjQ6Yb08K2HAxXe9rsIHcCDC88Q3ewLegQIBRAU\"><span class=\"Y2IQFc\" lang=\"sl\">Zmogljiva re\u0161itev 4G WIFI\/LTE! <\/span><\/p>\n<p class=\"tw-data-text tw-text-large tw-ta\" dir=\"ltr\" data-placeholder=\"Prevod\" aria-label=\"Prevedeno besedilo\" data-ved=\"2ahUKEwjQ6Yb08K2HAxXe9rsIHcCDC88Q3ewLegQIBRAU\"><span class=\"Y2IQFc\" lang=\"sl\">alphatronics STREAM je va\u0161 mobilni usmerjevalnik, ki vam omogo\u010da fleksibilno uporabo mobilnega interneta z vsemi va\u0161imi napravami (pametni telefon, tablica, prenosnik in pametni TV), ko ste na poti. <\/span><\/p>\n<p class=\"tw-data-text tw-text-large tw-ta\" dir=\"ltr\" data-placeholder=\"Prevod\" aria-label=\"Prevedeno besedilo\" data-ved=\"2ahUKEwjQ6Yb08K2HAxXe9rsIHcCDC88Q3ewLegQIBRAU\"><span class=\"Y2IQFc\" lang=\"sl\">Ta WiFi re\u0161itev je idealna za mobilne hi\u0161ice, kombije in po\u010ditni\u0161ke prikolice! <\/span><\/p>\n<p class=\"tw-data-text tw-text-large tw-ta\" dir=\"ltr\" data-placeholder=\"Prevod\" aria-label=\"Prevedeno besedilo\" data-ved=\"2ahUKEwjQ6Yb08K2HAxXe9rsIHcCDC88Q3ewLegQIBRAU\"><span class=\"Y2IQFc\" lang=\"sl\">Prednosti izdelka: <\/span><\/p>\n<ul>\n<li class=\"tw-data-text tw-text-large tw-ta\" dir=\"ltr\" data-placeholder=\"Prevod\" aria-label=\"Prevedeno besedilo\" data-ved=\"2ahUKEwjQ6Yb08K2HAxXe9rsIHcCDC88Q3ewLegQIBRAU\"><span class=\"Y2IQFc\" lang=\"sl\">Spletna aplikacija alphatronics, ki je preprosta za uporabo <\/span><\/li>\n<li class=\"tw-data-text tw-text-large tw-ta\" dir=\"ltr\" data-placeholder=\"Prevod\" aria-label=\"Prevedeno besedilo\" data-ved=\"2ahUKEwjQ6Yb08K2HAxXe9rsIHcCDC88Q3ewLegQIBRAU\"><span class=\"Y2IQFc\" lang=\"sl\">Hitrost (prenos) : do 150 Mbit\/s <\/span><\/li>\n<li class=\"tw-data-text tw-text-large tw-ta\" dir=\"ltr\" data-placeholder=\"Prevod\" aria-label=\"Prevedeno besedilo\" data-ved=\"2ahUKEwjQ6Yb08K2HAxXe9rsIHcCDC88Q3ewLegQIBRAU\"><span class=\"Y2IQFc\" lang=\"sl\">Standard: CAT 4 <\/span><\/li>\n<li class=\"tw-data-text tw-text-large tw-ta\" dir=\"ltr\" data-placeholder=\"Prevod\" aria-label=\"Prevedeno besedilo\" data-ved=\"2ahUKEwjQ6Yb08K2HAxXe9rsIHcCDC88Q3ewLegQIBRAU\"><span class=\"Y2IQFc\" lang=\"sl\">Mobilna komunikacijska omre\u017eja: 4G, 3G, 2G <\/span><\/li>\n<li class=\"tw-data-text tw-text-large tw-ta\" dir=\"ltr\" data-placeholder=\"Prevod\" aria-label=\"Prevedeno besedilo\" data-ved=\"2ahUKEwjQ6Yb08K2HAxXe9rsIHcCDC88Q3ewLegQIBRAU\"><span class=\"Y2IQFc\" lang=\"sl\">Preklapljanje re\u017e za kartico SIM: SIM1 ali SIM2 Za uporabo v Evropi, Bli\u017enjem vzhodu, Afriki <\/span><\/li>\n<li class=\"tw-data-text tw-text-large tw-ta\" dir=\"ltr\" data-placeholder=\"Prevod\" aria-label=\"Prevedeno besedilo\" data-ved=\"2ahUKEwjQ6Yb08K2HAxXe9rsIHcCDC88Q3ewLegQIBRAU\"><span class=\"Y2IQFc\" lang=\"sl\">Posebej zasnovano za vozila za prosti \u010das <\/span><\/li>\n<li class=\"tw-data-text tw-text-large tw-ta\" dir=\"ltr\" data-placeholder=\"Prevod\" aria-label=\"Prevedeno besedilo\" data-ved=\"2ahUKEwjQ6Yb08K2HAxXe9rsIHcCDC88Q3ewLegQIBRAU\"><span class=\"Y2IQFc\" lang=\"sl\">Napajanje: 12V kabel ali 230V <\/span><\/li>\n<li class=\"tw-data-text tw-text-large tw-ta\" dir=\"ltr\" data-placeholder=\"Prevod\" aria-label=\"Prevedeno besedilo\" data-ved=\"2ahUKEwjQ6Yb08K2HAxXe9rsIHcCDC88Q3ewLegQIBRAU\"><span class=\"Y2IQFc\" lang=\"sl\">Primerno za hobi uporabnike <\/span><\/li>\n<li class=\"tw-data-text tw-text-large tw-ta\" dir=\"ltr\" data-placeholder=\"Prevod\" aria-label=\"Prevedeno besedilo\" data-ved=\"2ahUKEwjQ6Yb08K2HAxXe9rsIHcCDC88Q3ewLegQIBRAU\"><span class=\"Y2IQFc\" lang=\"sl\">Do 3 naprave hkrati<\/span><\/li>\n<\/ul>\n<p><a href=\"https:\/\/www.youtube.com\/watch?v=DuJ8ahWeFwc\">https:\/\/www.youtube.com\/watch?v=DuJ8ahWeFwc<\/a><\/p>","protected":false},"featured_media":8426,"comment_status":"open","ping_status":"closed","template":"","meta":{"inline_featured_image":false},"product_brand":[],"product_cat":[244,245],"product_tag":[],"class_list":{"0":"post-8434","1":"product","2":"type-product","3":"status-publish","4":"has-post-thumbnail","6":"product_cat-avto-oprema","7":"product_cat-tv-alphatronics","9":"first","10":"instock","11":"taxable","12":"shipping-taxable","13":"purchasable","14":"product-type-simple","15":"czr-hentry"},"_links":{"self":[{"href":"https:\/\/www.tada.si\/en\/wp-json\/wp\/v2\/product\/8434","targetHints":{"allow":["GET"]}}],"collection":[{"href":"https:\/\/www.tada.si\/en\/wp-json\/wp\/v2\/product"}],"about":[{"href":"https:\/\/www.tada.si\/en\/wp-json\/wp\/v2\/types\/product"}],"replies":[{"embeddable":true,"href":"https:\/\/www.tada.si\/en\/wp-json\/wp\/v2\/comments?post=8434"}],"wp:featuredmedia":[{"embeddable":true,"href":"https:\/\/www.tada.si\/en\/wp-json\/wp\/v2\/media\/8426"}],"wp:attachment":[{"href":"https:\/\/www.tada.si\/en\/wp-json\/wp\/v2\/media?parent=8434"}],"wp:term":[{"taxonomy":"product_brand","embeddable":true,"href":"https:\/\/www.tada.si\/en\/wp-json\/wp\/v2\/product_brand?post=8434"},{"taxonomy":"product_cat","embeddable":true,"href":"https:\/\/www.tada.si\/en\/wp-json\/wp\/v2\/product_cat?post=8434"},{"taxonomy":"product_tag","embeddable":true,"href":"https:\/\/www.tada.si\/en\/wp-json\/wp\/v2\/product_tag?post=8434"}],"curies":[{"name":"wp","href":"https:\/\/api.w.org\/{rel}","templated":true}]}}