{"id":8435,"date":"2024-07-18T11:42:22","date_gmt":"2024-07-18T09:42:22","guid":{"rendered":"https:\/\/www.tada.si\/?post_type=product&#038;p=8435"},"modified":"2026-02-19T13:41:27","modified_gmt":"2026-02-19T11:41:27","slug":"tv-alphatronics-sla-line-sla-32-w-4k","status":"publish","type":"product","link":"https:\/\/www.tada.si\/en\/trgovina\/avto-oprema\/tv-alphatronics\/tv-alphatronics-sla-line-sla-32-w-4k\/","title":{"rendered":"TV alphatronics SLA-Line+ SLA-32 W 4K"},"content":{"rendered":"<h3 dir=\"ltr\" data-placeholder=\"Prevod\" aria-label=\"Prevedeno besedilo\" data-ved=\"2ahUKEwjQ6Yb08K2HAxXe9rsIHcCDC88Q3ewLegQIBRAU\"><a href=\"https:\/\/www.alphatronics.de\/en\/produkte\/alphatronics-tv,21\/sla-line-4k,179\/\" target=\"_blank\" rel=\"noopener\">Alphatronics TV SLA-Line+ SLA-32 W 4K<\/a><\/h3>\n<p id=\"tw-target-text\" class=\"tw-data-text tw-text-large tw-ta\" dir=\"ltr\" data-placeholder=\"Prevod\" aria-label=\"Prevedeno besedilo\" data-ved=\"2ahUKEwjQ6Yb08K2HAxXe9rsIHcCDC88Q3ewLegQIBRAU\"><span class=\"Y2IQFc\" lang=\"sl\">Prva mobilna televizija s tehnologijo 4k<\/span><\/p>\n<p class=\"tw-data-text tw-text-large tw-ta\" dir=\"ltr\" data-placeholder=\"Prevod\" aria-label=\"Prevedeno besedilo\" data-ved=\"2ahUKEwjQ6Yb08K2HAxXe9rsIHcCDC88Q3ewLegQIBRAU\"><span class=\"Y2IQFc\" lang=\"sl\">U\u017eivajte v svojih najljub\u0161ih serijah in filmih v osupljivi kakovosti 4K, tudi ko ste na poti! <\/span><\/p>\n<p class=\"tw-data-text tw-text-large tw-ta\" dir=\"ltr\" data-placeholder=\"Prevod\" aria-label=\"Prevedeno besedilo\" data-ved=\"2ahUKEwjQ6Yb08K2HAxXe9rsIHcCDC88Q3ewLegQIBRAU\"><span class=\"Y2IQFc\" lang=\"sl\">Pametni TV SLA32W4K podjetja alphatronics je to\u010dno tisto, kar potrebujete za neprimerljivo televizijsko izku\u0161njo med potovanjem. Prva mobilna televizija s tehnologijo 4K je ekskluzivno na voljo v velikosti 32 palcev. Odlikuje ga visokokakovosten \u0161irokokotni panel UHD z lo\u010dljivostjo 3840 x 2160 slikovnih pik. <\/span><\/p>\n<p class=\"tw-data-text tw-text-large tw-ta\" dir=\"ltr\" data-placeholder=\"Prevod\" aria-label=\"Prevedeno besedilo\" data-ved=\"2ahUKEwjQ6Yb08K2HAxXe9rsIHcCDC88Q3ewLegQIBRAU\"><span class=\"Y2IQFc\" lang=\"sl\">Izjemna lastnost tega modela je podpora za \u0161irok razpon napetosti od 11 do 28 V DC, kar omogo\u010da delovanje tako z 12 V kot 24 V. Ta inovativna naprava ni opremljena samo s trojnim sprejemnikom za DVB-S\/S2, DVB-T\/T2 in DVB-C, temve\u010d ponuja tudi CI+, HbbTV in intuitivni operacijski sistem webOS Hub. <\/span><\/p>\n<p class=\"tw-data-text tw-text-large tw-ta\" dir=\"ltr\" data-placeholder=\"Prevod\" aria-label=\"Prevedeno besedilo\" data-ved=\"2ahUKEwjQ6Yb08K2HAxXe9rsIHcCDC88Q3ewLegQIBRAU\"><span class=\"Y2IQFc\" lang=\"sl\">Upravljanje je preprosto z daljinskim upravljalnikom Magic Remote, ki je opremljen z glasovnim upravljanjem in funkcijami AirMouse, kar zagotavlja brezhibno uporabni\u0161ko izku\u0161njo. Poleg tega je televizor opremljen z Bluetooth\u00ae 5.0, dvema vhodoma USB in dvema vhodoma HDMI\u2122 za obse\u017ene mo\u017enosti povezovanja. Nova funkcija je opti\u010dni zvo\u010dni izhod (SPIDF \/ Toslink), ki omogo\u010da preprosto povezavo z digitalnimi zvo\u010dnimi palicami, slu\u0161alkami ali slu\u0161nimi aparati.<\/span><\/p>\n<p dir=\"ltr\" data-placeholder=\"Prevod\" aria-label=\"Prevedeno besedilo\" data-ved=\"2ahUKEwjQ6Yb08K2HAxXe9rsIHcCDC88Q3ewLegQIBRAU\">Dimenzije (W x H x D) : 724 x 420 x 55 mm; 6.30 kg<\/p>\n<p>Prednosti izdelka:<\/p>\n<ul>\n<li>Tehnologija 4K<\/li>\n<li>Intuitivno upravljanje preko webOS<\/li>\n<li>HubFunkcija snemanja PVR in \u010dasovni zamik<\/li>\n<li>Apple AirPlay 2<\/li>\n<li>Idealno za delo od koder koli<\/li>\n<li>Uporaben dru\u017einski na\u010din<\/li>\n<li>Plo\u0161\u010da s 100 % slikovnimi pikami brez napak<\/li>\n<li>Glasovni ukaz<\/li>\n<li>Funkcija Air-Mouse<\/li>\n<li>CI+ Modul<\/li>\n<li>Funkcija HDMI CEC in ARC<\/li>\n<li>Bluetooth\u00ae razli\u010dica 5.0<\/li>\n<li>Funkcija &#8220;Skupaj u\u017eivajte v zvoku&#8221;<\/li>\n<li>Dobavljeno z eno zemeljsko anteno AN5<\/li>\n<li>Posebej razvito za vozila za prosti \u010das<\/li>\n<\/ul>","protected":false},"excerpt":{"rendered":"<p>TV <strong>alphatronics SLA-Line+ SLA-32 W 4K<\/strong> je prva mobilna 32-pal\u010dna 4K televizija, posebej razvita za uporabo na poti. Ponuja izjemno UHD sliko (3840 \u00d7 2160), delovanje na 12 V in 24 V, pametni sistem webOS Hub ter trojni TV-sprejemnik. Z naprednim daljinskim upravljalnikom Magic Remote, Bluetoothom 5.0, HDMI in USB priklju\u010dki ter opti\u010dnim zvo\u010dnim izhodom zagotavlja vrhunsko zabavo in povezljivost v vozilih za prosti \u010das.<\/p>\n<p><a href=\"https:\/\/www.tada.si\/en\/product-category\/avto-oprema\/tv-alphatronics\/\">Oglejte si \u0161e ostalo Alphatronics ponudbo na na\u0161i spletni strani.<\/a><\/p>","protected":false},"featured_media":8828,"comment_status":"open","ping_status":"closed","template":"","meta":{"inline_featured_image":false},"product_brand":[],"product_cat":[244,245],"product_tag":[],"class_list":{"0":"post-8435","1":"product","2":"type-product","3":"status-publish","4":"has-post-thumbnail","6":"product_cat-avto-oprema","7":"product_cat-tv-alphatronics","9":"first","10":"instock","11":"taxable","12":"shipping-taxable","13":"purchasable","14":"product-type-simple","15":"czr-hentry"},"_links":{"self":[{"href":"https:\/\/www.tada.si\/en\/wp-json\/wp\/v2\/product\/8435","targetHints":{"allow":["GET"]}}],"collection":[{"href":"https:\/\/www.tada.si\/en\/wp-json\/wp\/v2\/product"}],"about":[{"href":"https:\/\/www.tada.si\/en\/wp-json\/wp\/v2\/types\/product"}],"replies":[{"embeddable":true,"href":"https:\/\/www.tada.si\/en\/wp-json\/wp\/v2\/comments?post=8435"}],"wp:featuredmedia":[{"embeddable":true,"href":"https:\/\/www.tada.si\/en\/wp-json\/wp\/v2\/media\/8828"}],"wp:attachment":[{"href":"https:\/\/www.tada.si\/en\/wp-json\/wp\/v2\/media?parent=8435"}],"wp:term":[{"taxonomy":"product_brand","embeddable":true,"href":"https:\/\/www.tada.si\/en\/wp-json\/wp\/v2\/product_brand?post=8435"},{"taxonomy":"product_cat","embeddable":true,"href":"https:\/\/www.tada.si\/en\/wp-json\/wp\/v2\/product_cat?post=8435"},{"taxonomy":"product_tag","embeddable":true,"href":"https:\/\/www.tada.si\/en\/wp-json\/wp\/v2\/product_tag?post=8435"}],"curies":[{"name":"wp","href":"https:\/\/api.w.org\/{rel}","templated":true}]}}