{"id":8448,"date":"2024-07-18T11:47:45","date_gmt":"2024-07-18T09:47:45","guid":{"rendered":"https:\/\/www.tada.si\/?post_type=product&#038;p=8448"},"modified":"2026-04-16T10:31:03","modified_gmt":"2026-04-16T08:31:03","slug":"tv-alphatronics-k-line-k-19-w","status":"publish","type":"product","link":"https:\/\/www.tada.si\/en\/trgovina\/avto-oprema\/tv-alphatronics\/tv-alphatronics-k-line-k-19-w\/","title":{"rendered":"TV alphatronics K-Line + K-19 W"},"content":{"rendered":"<h3 dir=\"ltr\" data-placeholder=\"Prevod\" aria-label=\"Prevedeno besedilo\" data-ved=\"2ahUKEwjQ6Yb08K2HAxXe9rsIHcCDC88Q3ewLegQIBRAU\"><a href=\"https:\/\/alphatronics.de\/en\/produkte\/alphatronicstv,21\/k-line,80\/24,61\/\" target=\"_blank\" rel=\"noopener\">TV alphatronics K-Line + K-19 W<\/a><\/h3>\n<p id=\"tw-target-text\" class=\"tw-data-text tw-text-large tw-ta\" dir=\"ltr\" data-placeholder=\"Prevod\" aria-label=\"Prevedeno besedilo\" data-ved=\"2ahUKEwjQ6Yb08K2HAxXe9rsIHcCDC88Q3ewLegQIBRAU\"><span class=\"Y2IQFc\" lang=\"sl\">Pametna vstopna linija <\/span><\/p>\n<p class=\"tw-data-text tw-text-large tw-ta\" dir=\"ltr\" data-placeholder=\"Prevod\" aria-label=\"Prevedeno besedilo\" data-ved=\"2ahUKEwjQ6Yb08K2HAxXe9rsIHcCDC88Q3ewLegQIBRAU\"><span class=\"Y2IQFc\" lang=\"sl\">Stopite v svet alfatronike z na\u0161o linijo pametnih entitet: K Line+ K Line+ je na voljo v velikostih zaslona 19&#8243;, 22&#8243; in 24&#8243;. Opremljen je s trojnim sprejemnikom (DVB-S\/S2, DVB-T\/T2, DVB-C), HbbTV, CI+ (novi standard 2.0). ), DVD predvajalnik (re\u017ea na desni strani enote), 2x vrata USB, 2x vrata HDMI\u2122, Bluetooth\u00ae 5.0, kot tudi nova vrata za svetlobne valove (SPIDF \/ Toslink), ki omogo\u010dajo povezavo z digitalnimi zvo\u010dnimi palicami ali slui\u0161nimi pripomo\u010dki. <\/span><\/p>\n<p dir=\"ltr\" data-placeholder=\"Prevod\" aria-label=\"Prevedeno besedilo\" data-ved=\"2ahUKEwjQ6Yb08K2HAxXe9rsIHcCDC88Q3ewLegQIBRAU\">Dimenzije (W x H x D) : 439 x 262 x 54 mm; 2.60 kg<\/p>\n<p class=\"tw-data-text tw-text-large tw-ta\" dir=\"ltr\" data-placeholder=\"Prevod\" aria-label=\"Prevedeno besedilo\" data-ved=\"2ahUKEwjQ6Yb08K2HAxXe9rsIHcCDC88Q3ewLegQIBRAU\"><span class=\"Y2IQFc\" lang=\"sl\">Prednosti izdelka: <\/span><\/p>\n<ul>\n<li class=\"tw-data-text tw-text-large tw-ta\" dir=\"ltr\" data-placeholder=\"Prevod\" aria-label=\"Prevedeno besedilo\" data-ved=\"2ahUKEwjQ6Yb08K2HAxXe9rsIHcCDC88Q3ewLegQIBRAU\"><span class=\"Y2IQFc\" lang=\"sl\">Intuitivno upravljanje preko webOS <\/span><\/li>\n<li class=\"tw-data-text tw-text-large tw-ta\" dir=\"ltr\" data-placeholder=\"Prevod\" aria-label=\"Prevedeno besedilo\" data-ved=\"2ahUKEwjQ6Yb08K2HAxXe9rsIHcCDC88Q3ewLegQIBRAU\"><span class=\"Y2IQFc\" lang=\"sl\">Hub Plo\u0161\u010da s 100 % slikovnimi pikami brez napak <\/span><\/li>\n<li class=\"tw-data-text tw-text-large tw-ta\" dir=\"ltr\" data-placeholder=\"Prevod\" aria-label=\"Prevedeno besedilo\" data-ved=\"2ahUKEwjQ6Yb08K2HAxXe9rsIHcCDC88Q3ewLegQIBRAU\"><span class=\"Y2IQFc\" lang=\"sl\">Bli\u017enjice do Netflix in Amazon Prime Video <\/span><\/li>\n<li class=\"tw-data-text tw-text-large tw-ta\" dir=\"ltr\" data-placeholder=\"Prevod\" aria-label=\"Prevedeno besedilo\" data-ved=\"2ahUKEwjQ6Yb08K2HAxXe9rsIHcCDC88Q3ewLegQIBRAU\"><span class=\"Y2IQFc\" lang=\"sl\">Spremenite svoj pametni telefon v daljinski upravljalnik <\/span><\/li>\n<li class=\"tw-data-text tw-text-large tw-ta\" dir=\"ltr\" data-placeholder=\"Prevod\" aria-label=\"Prevedeno besedilo\" data-ved=\"2ahUKEwjQ6Yb08K2HAxXe9rsIHcCDC88Q3ewLegQIBRAU\"><span class=\"Y2IQFc\" lang=\"sl\">CI+ 2.0 modul<\/span><\/li>\n<li dir=\"ltr\" data-placeholder=\"Prevod\" aria-label=\"Prevedeno besedilo\" data-ved=\"2ahUKEwjQ6Yb08K2HAxXe9rsIHcCDC88Q3ewLegQIBRAU\"><span class=\"Y2IQFc\" lang=\"sl\">Apple AirPlay 2<\/span><\/li>\n<li class=\"tw-data-text tw-text-large tw-ta\" dir=\"ltr\" data-placeholder=\"Prevod\" aria-label=\"Prevedeno besedilo\" data-ved=\"2ahUKEwjQ6Yb08K2HAxXe9rsIHcCDC88Q3ewLegQIBRAU\"><span class=\"Y2IQFc\" lang=\"sl\">Bluetooth razli\u010dica 5.0 <\/span><\/li>\n<li class=\"tw-data-text tw-text-large tw-ta\" dir=\"ltr\" data-placeholder=\"Prevod\" aria-label=\"Prevedeno besedilo\" data-ved=\"2ahUKEwjQ6Yb08K2HAxXe9rsIHcCDC88Q3ewLegQIBRAU\"><span class=\"Y2IQFc\" lang=\"sl\">Funkcija HDMI CEC in ARC <\/span><\/li>\n<li class=\"tw-data-text tw-text-large tw-ta\" dir=\"ltr\" data-placeholder=\"Prevod\" aria-label=\"Prevedeno besedilo\" data-ved=\"2ahUKEwjQ6Yb08K2HAxXe9rsIHcCDC88Q3ewLegQIBRAU\"><span class=\"Y2IQFc\" lang=\"sl\">Posebej razvito za rekreacijska vozila<\/span><\/li>\n<\/ul>","protected":false},"excerpt":{"rendered":"<p>TV <strong>alphatronics K Line+<\/strong>\u00a0je pametna vstopna linija mobilnih televizorjev z webOS Hub, trojnim sprejemnikom, DVD predvajalnikom in Bluetoothom 5.0. Na voljo v velikostih 19\u201324\u2033, idealna za rekreacijska vozila.<\/p>\n<p><a href=\"https:\/\/www.tada.si\/en\/product-category\/avto-oprema\/tv-alphatronics\/\">Oglejte si \u0161e ostalo Alphatronics ponudbo na na\u0161i spletni strani.<\/a><\/p>","protected":false},"featured_media":8824,"comment_status":"open","ping_status":"closed","template":"","meta":{"inline_featured_image":false},"product_brand":[],"product_cat":[244,245],"product_tag":[],"class_list":{"0":"post-8448","1":"product","2":"type-product","3":"status-publish","4":"has-post-thumbnail","6":"product_cat-avto-oprema","7":"product_cat-tv-alphatronics","9":"first","10":"instock","11":"taxable","12":"shipping-taxable","13":"purchasable","14":"product-type-simple","15":"czr-hentry"},"_links":{"self":[{"href":"https:\/\/www.tada.si\/en\/wp-json\/wp\/v2\/product\/8448","targetHints":{"allow":["GET"]}}],"collection":[{"href":"https:\/\/www.tada.si\/en\/wp-json\/wp\/v2\/product"}],"about":[{"href":"https:\/\/www.tada.si\/en\/wp-json\/wp\/v2\/types\/product"}],"replies":[{"embeddable":true,"href":"https:\/\/www.tada.si\/en\/wp-json\/wp\/v2\/comments?post=8448"}],"wp:featuredmedia":[{"embeddable":true,"href":"https:\/\/www.tada.si\/en\/wp-json\/wp\/v2\/media\/8824"}],"wp:attachment":[{"href":"https:\/\/www.tada.si\/en\/wp-json\/wp\/v2\/media?parent=8448"}],"wp:term":[{"taxonomy":"product_brand","embeddable":true,"href":"https:\/\/www.tada.si\/en\/wp-json\/wp\/v2\/product_brand?post=8448"},{"taxonomy":"product_cat","embeddable":true,"href":"https:\/\/www.tada.si\/en\/wp-json\/wp\/v2\/product_cat?post=8448"},{"taxonomy":"product_tag","embeddable":true,"href":"https:\/\/www.tada.si\/en\/wp-json\/wp\/v2\/product_tag?post=8448"}],"curies":[{"name":"wp","href":"https:\/\/api.w.org\/{rel}","templated":true}]}}