{"id":8453,"date":"2024-07-18T12:10:37","date_gmt":"2024-07-18T10:10:37","guid":{"rendered":"https:\/\/www.tada.si\/?post_type=product&#038;p=8453"},"modified":"2026-02-19T12:26:07","modified_gmt":"2026-02-19T10:26:07","slug":"alphatronics-sla-line-sla-22-dw","status":"publish","type":"product","link":"https:\/\/www.tada.si\/en\/trgovina\/avto-oprema\/tv-alphatronics\/alphatronics-sla-line-sla-22-dw\/","title":{"rendered":"TV alphatronics SLA-Line+ SLA-22 DW"},"content":{"rendered":"<h3 dir=\"ltr\" data-placeholder=\"Prevod\" aria-label=\"Prevedeno besedilo\" data-ved=\"2ahUKEwjQ6Yb08K2HAxXe9rsIHcCDC88Q3ewLegQIBRAU\"><a href=\"https:\/\/www.alphatronics.de\/en\/produkte\/alphatronicstv,21\/sla-line,77\/\" target=\"_blank\" rel=\"noopener\">TV alphatronics SLA-Line+ SLA-22 DW<\/a><\/h3>\n<p id=\"tw-target-text\" class=\"tw-data-text tw-text-large tw-ta\" dir=\"ltr\" data-placeholder=\"Prevod\" aria-label=\"Prevedeno besedilo\" data-ved=\"2ahUKEwjQ6Yb08K2HAxXe9rsIHcCDC88Q3ewLegQIBRAU\"><span class=\"Y2IQFc\" lang=\"sl\">Mojster zvoka <\/span><\/p>\n<p class=\"tw-data-text tw-text-large tw-ta\" dir=\"ltr\" data-placeholder=\"Prevod\" aria-label=\"Prevedeno besedilo\" data-ved=\"2ahUKEwjQ6Yb08K2HAxXe9rsIHcCDC88Q3ewLegQIBRAU\"><span class=\"Y2IQFc\" lang=\"sl\">Do\u017eivite vrhunski zvok z alphatronics SLA-Line+! Zahvaljujo\u010d vgrajeni zvo\u010dni\u0161ki vrstici in naprej obrnjenim zvo\u010dnikom je va\u0161a TV izku\u0161nja dvignjena na novo raven. Potopite se v nepozaben, kristalno \u010dist zvok in u\u017eivajte v svoji vsebini v osupljivi kakovosti zvoka!<\/span><\/p>\n<p class=\"tw-data-text tw-text-large tw-ta\" dir=\"ltr\" data-placeholder=\"Prevod\" aria-label=\"Prevedeno besedilo\" data-ved=\"2ahUKEwjQ6Yb08K2HAxXe9rsIHcCDC88Q3ewLegQIBRAU\"><span class=\"Y2IQFc\" lang=\"sl\">Srce naprav alphatronics, ki nosijo kratico &#8220;DW&#8221;, je operacijski sistem. V ta namen se v naslednji fazi \u0161iritve zana\u0161amo na webOS Hub. To prina\u0161a \u0161tevilne nove funkcije, vklju\u010dno s snemanjem PVR, Timeshift, Apple AirPlay 2 in integracijo Apple HomeKit. Operacijski sistem webOS Hub ponuja \u0161iroko paleto aplikacij (prek Content Store) in izstopa po svoji preprosti in posebej intuitivni uporabi. Da bi zagotovili, da so vsi televizorji vedno posodobljeni, se posodobitve redno zagotavljajo prek OTA (Over-The-Air). <\/span><\/p>\n<p class=\"tw-data-text tw-text-large tw-ta\" dir=\"ltr\" data-placeholder=\"Prevod\" aria-label=\"Prevedeno besedilo\" data-ved=\"2ahUKEwjQ6Yb08K2HAxXe9rsIHcCDC88Q3ewLegQIBRAU\"><span class=\"Y2IQFc\" lang=\"sl\">S prilo\u017eenim daljinskim upravljalnikom &#8220;Magic Remote&#8221; lahko upravljate prek AirMouse (digitalni kazalec mi\u0161ke in premikanje daljinskega upravljalnika) kot tudi prek glasovnih ukazov. <\/span><\/p>\n<p class=\"tw-data-text tw-text-large tw-ta\" dir=\"ltr\" data-placeholder=\"Prevod\" aria-label=\"Prevedeno besedilo\" data-ved=\"2ahUKEwjQ6Yb08K2HAxXe9rsIHcCDC88Q3ewLegQIBRAU\"><span class=\"Y2IQFc\" lang=\"sl\">SLA-Line+ je na voljo v velikostih zaslona 22&#8243;, 24&#8243; in 27&#8243;. Modeli alphatronics SLA-Line+ so opremljeni s trojnim sprejemnikom (DVB-S\/S2, DVB-T\/T2, DVB- C), HbbTV, CI+, DVD predvajalnik, 2x USB vhod, HDMI\u2122 vhod, Bluetooth\u00ae verzija 5.0 in digitalno opti\u010dno povezavo (SPDIF\/Toslink), ki omogo\u010da tudi priklop digitalnih zvo\u010dnih palic ali slu\u0161nih aparatov. <\/span><\/p>\n<p dir=\"ltr\" data-placeholder=\"Prevod\" aria-label=\"Prevedeno besedilo\" data-ved=\"2ahUKEwjQ6Yb08K2HAxXe9rsIHcCDC88Q3ewLegQIBRAU\">Dimenzije (W x H x D) : 502 x 330 x 50 mm; 3.40 kg<\/p>\n<p class=\"tw-data-text tw-text-large tw-ta\" dir=\"ltr\" data-placeholder=\"Prevod\" aria-label=\"Prevedeno besedilo\" data-ved=\"2ahUKEwjQ6Yb08K2HAxXe9rsIHcCDC88Q3ewLegQIBRAU\"><span class=\"Y2IQFc\" lang=\"sl\">Prednosti izdelka: <\/span><\/p>\n<ul>\n<li class=\"tw-data-text tw-text-large tw-ta\" dir=\"ltr\" data-placeholder=\"Prevod\" aria-label=\"Prevedeno besedilo\" data-ved=\"2ahUKEwjQ6Yb08K2HAxXe9rsIHcCDC88Q3ewLegQIBRAU\"><span class=\"Y2IQFc\" lang=\"sl\">Intuitivno upravljanje preko webOS Hub <\/span><\/li>\n<li class=\"tw-data-text tw-text-large tw-ta\" dir=\"ltr\" data-placeholder=\"Prevod\" aria-label=\"Prevedeno besedilo\" data-ved=\"2ahUKEwjQ6Yb08K2HAxXe9rsIHcCDC88Q3ewLegQIBRAU\"><span class=\"Y2IQFc\" lang=\"sl\">Funkcija snemanja PVR in \u010dasovni zamik <\/span><\/li>\n<li class=\"tw-data-text tw-text-large tw-ta\" dir=\"ltr\" data-placeholder=\"Prevod\" aria-label=\"Prevedeno besedilo\" data-ved=\"2ahUKEwjQ6Yb08K2HAxXe9rsIHcCDC88Q3ewLegQIBRAU\"><span class=\"Y2IQFc\" lang=\"sl\">Apple AirPlay 2 <\/span><\/li>\n<li class=\"tw-data-text tw-text-large tw-ta\" dir=\"ltr\" data-placeholder=\"Prevod\" aria-label=\"Prevedeno besedilo\" data-ved=\"2ahUKEwjQ6Yb08K2HAxXe9rsIHcCDC88Q3ewLegQIBRAU\"><span class=\"Y2IQFc\" lang=\"sl\">Idealno za delo od koder koli <\/span><\/li>\n<li class=\"tw-data-text tw-text-large tw-ta\" dir=\"ltr\" data-placeholder=\"Prevod\" aria-label=\"Prevedeno besedilo\" data-ved=\"2ahUKEwjQ6Yb08K2HAxXe9rsIHcCDC88Q3ewLegQIBRAU\"><span class=\"Y2IQFc\" lang=\"sl\">Uporaben dru\u017einski na\u010din <\/span><\/li>\n<li class=\"tw-data-text tw-text-large tw-ta\" dir=\"ltr\" data-placeholder=\"Prevod\" aria-label=\"Prevedeno besedilo\" data-ved=\"2ahUKEwjQ6Yb08K2HAxXe9rsIHcCDC88Q3ewLegQIBRAU\"><span class=\"Y2IQFc\" lang=\"sl\">Plo\u0161\u010da s 100 % slikovnimi pikami brez napak <\/span><\/li>\n<li class=\"tw-data-text tw-text-large tw-ta\" dir=\"ltr\" data-placeholder=\"Prevod\" aria-label=\"Prevedeno besedilo\" data-ved=\"2ahUKEwjQ6Yb08K2HAxXe9rsIHcCDC88Q3ewLegQIBRAU\"><span class=\"Y2IQFc\" lang=\"sl\">Integrirana zvo\u010dna vrstica <\/span><\/li>\n<li class=\"tw-data-text tw-text-large tw-ta\" dir=\"ltr\" data-placeholder=\"Prevod\" aria-label=\"Prevedeno besedilo\" data-ved=\"2ahUKEwjQ6Yb08K2HAxXe9rsIHcCDC88Q3ewLegQIBRAU\"><span class=\"Y2IQFc\" lang=\"sl\">Poseben zvo\u010dni procesor <\/span><\/li>\n<li class=\"tw-data-text tw-text-large tw-ta\" dir=\"ltr\" data-placeholder=\"Prevod\" aria-label=\"Prevedeno besedilo\" data-ved=\"2ahUKEwjQ6Yb08K2HAxXe9rsIHcCDC88Q3ewLegQIBRAU\"><span class=\"Y2IQFc\" lang=\"sl\">Glasovni ukaz <\/span><\/li>\n<li class=\"tw-data-text tw-text-large tw-ta\" dir=\"ltr\" data-placeholder=\"Prevod\" aria-label=\"Prevedeno besedilo\" data-ved=\"2ahUKEwjQ6Yb08K2HAxXe9rsIHcCDC88Q3ewLegQIBRAU\"><span class=\"Y2IQFc\" lang=\"sl\">Funkcija zra\u010dne mi\u0161ke <\/span><\/li>\n<li class=\"tw-data-text tw-text-large tw-ta\" dir=\"ltr\" data-placeholder=\"Prevod\" aria-label=\"Prevedeno besedilo\" data-ved=\"2ahUKEwjQ6Yb08K2HAxXe9rsIHcCDC88Q3ewLegQIBRAU\"><span class=\"Y2IQFc\" lang=\"sl\">Zunanja WiFi antena <\/span><\/li>\n<li class=\"tw-data-text tw-text-large tw-ta\" dir=\"ltr\" data-placeholder=\"Prevod\" aria-label=\"Prevedeno besedilo\" data-ved=\"2ahUKEwjQ6Yb08K2HAxXe9rsIHcCDC88Q3ewLegQIBRAU\"><span class=\"Y2IQFc\" lang=\"sl\">Integriran DVD predvajalnik <\/span><\/li>\n<li class=\"tw-data-text tw-text-large tw-ta\" dir=\"ltr\" data-placeholder=\"Prevod\" aria-label=\"Prevedeno besedilo\" data-ved=\"2ahUKEwjQ6Yb08K2HAxXe9rsIHcCDC88Q3ewLegQIBRAU\"><span class=\"Y2IQFc\" lang=\"sl\">CI+ modul <\/span><\/li>\n<li class=\"tw-data-text tw-text-large tw-ta\" dir=\"ltr\" data-placeholder=\"Prevod\" aria-label=\"Prevedeno besedilo\" data-ved=\"2ahUKEwjQ6Yb08K2HAxXe9rsIHcCDC88Q3ewLegQIBRAU\"><span class=\"Y2IQFc\" lang=\"sl\">Funkcija HDMI CEC in ARC <\/span><\/li>\n<li class=\"tw-data-text tw-text-large tw-ta\" dir=\"ltr\" data-placeholder=\"Prevod\" aria-label=\"Prevedeno besedilo\" data-ved=\"2ahUKEwjQ6Yb08K2HAxXe9rsIHcCDC88Q3ewLegQIBRAU\"><span class=\"Y2IQFc\" lang=\"sl\">Bluetooth\u00ae razli\u010dica 5.0 <\/span><\/li>\n<li class=\"tw-data-text tw-text-large tw-ta\" dir=\"ltr\" data-placeholder=\"Prevod\" aria-label=\"Prevedeno besedilo\" data-ved=\"2ahUKEwjQ6Yb08K2HAxXe9rsIHcCDC88Q3ewLegQIBRAU\"><span class=\"Y2IQFc\" lang=\"sl\">Funkcija &#8220;Skupaj u\u017eivajte v zvoku&#8221; <\/span><\/li>\n<li class=\"tw-data-text tw-text-large tw-ta\" dir=\"ltr\" data-placeholder=\"Prevod\" aria-label=\"Prevedeno besedilo\" data-ved=\"2ahUKEwjQ6Yb08K2HAxXe9rsIHcCDC88Q3ewLegQIBRAU\"><span class=\"Y2IQFc\" lang=\"sl\">Dobavljeno z eno zemeljsko anteno AN5 <\/span><\/li>\n<li class=\"tw-data-text tw-text-large tw-ta\" dir=\"ltr\" data-placeholder=\"Prevod\" aria-label=\"Prevedeno besedilo\" data-ved=\"2ahUKEwjQ6Yb08K2HAxXe9rsIHcCDC88Q3ewLegQIBRAU\"><span class=\"Y2IQFc\" lang=\"sl\">Posebej razvito za vozila za prosti \u010das<\/span><\/li>\n<\/ul>","protected":false},"excerpt":{"rendered":"<p>TV <strong>alphatronics SLA-Line+<\/strong> ponuja vrhunski zvok z integriranin soundbar zvo\u010dnikom ter pametni sistem webOS Hub z AirPlay 2, PVR in glasovnim upravljanjem. Idealna izbira za vozila za prosti \u010das.<\/p>\n<p><a href=\"https:\/\/www.tada.si\/en\/product-category\/avto-oprema\/tv-alphatronics\/\">Oglejte si \u0161e ostalo Alphatronics ponudbo na na\u0161i spletni strani.<\/a><\/p>","protected":false},"featured_media":8832,"comment_status":"open","ping_status":"closed","template":"","meta":{"inline_featured_image":false},"product_brand":[],"product_cat":[244,245],"product_tag":[],"class_list":{"0":"post-8453","1":"product","2":"type-product","3":"status-publish","4":"has-post-thumbnail","6":"product_cat-avto-oprema","7":"product_cat-tv-alphatronics","9":"first","10":"instock","11":"taxable","12":"shipping-taxable","13":"purchasable","14":"product-type-simple","15":"czr-hentry"},"_links":{"self":[{"href":"https:\/\/www.tada.si\/en\/wp-json\/wp\/v2\/product\/8453","targetHints":{"allow":["GET"]}}],"collection":[{"href":"https:\/\/www.tada.si\/en\/wp-json\/wp\/v2\/product"}],"about":[{"href":"https:\/\/www.tada.si\/en\/wp-json\/wp\/v2\/types\/product"}],"replies":[{"embeddable":true,"href":"https:\/\/www.tada.si\/en\/wp-json\/wp\/v2\/comments?post=8453"}],"wp:featuredmedia":[{"embeddable":true,"href":"https:\/\/www.tada.si\/en\/wp-json\/wp\/v2\/media\/8832"}],"wp:attachment":[{"href":"https:\/\/www.tada.si\/en\/wp-json\/wp\/v2\/media?parent=8453"}],"wp:term":[{"taxonomy":"product_brand","embeddable":true,"href":"https:\/\/www.tada.si\/en\/wp-json\/wp\/v2\/product_brand?post=8453"},{"taxonomy":"product_cat","embeddable":true,"href":"https:\/\/www.tada.si\/en\/wp-json\/wp\/v2\/product_cat?post=8453"},{"taxonomy":"product_tag","embeddable":true,"href":"https:\/\/www.tada.si\/en\/wp-json\/wp\/v2\/product_tag?post=8453"}],"curies":[{"name":"wp","href":"https:\/\/api.w.org\/{rel}","templated":true}]}}