{"id":8459,"date":"2024-07-18T12:25:23","date_gmt":"2024-07-18T10:25:23","guid":{"rendered":"https:\/\/www.tada.si\/?post_type=product&#038;p=8459"},"modified":"2026-02-19T12:38:40","modified_gmt":"2026-02-19T10:38:40","slug":"alphatronics-sl-line-sl-27-dw","status":"publish","type":"product","link":"https:\/\/www.tada.si\/en\/trgovina\/avto-oprema\/tv-alphatronics\/alphatronics-sl-line-sl-27-dw\/","title":{"rendered":"TV alphatronics SL-Line+ SL-27 DW"},"content":{"rendered":"<h3 dir=\"ltr\" data-placeholder=\"Prevod\" aria-label=\"Prevedeno besedilo\" data-ved=\"2ahUKEwjQ6Yb08K2HAxXe9rsIHcCDC88Q3ewLegQIBRAU\"><a href=\"https:\/\/alphatronics.de\/en\/produkte\/alphatronicstv,21\/sl-line,78\/27,54\/\" target=\"_blank\" rel=\"noopener\">TV alphatronics SL-Line+ SL-27 DW<\/a><\/h3>\n<p id=\"tw-target-text\" class=\"tw-data-text tw-text-large tw-ta\" dir=\"ltr\" data-placeholder=\"Prevod\" aria-label=\"Prevedeno besedilo\" data-ved=\"2ahUKEwjQ6Yb08K2HAxXe9rsIHcCDC88Q3ewLegQIBRAU\"><span class=\"Y2IQFc\" lang=\"sl\">Eden za vse <\/span><\/p>\n<p class=\"tw-data-text tw-text-large tw-ta\" dir=\"ltr\" data-placeholder=\"Prevod\" aria-label=\"Prevedeno besedilo\" data-ved=\"2ahUKEwjQ6Yb08K2HAxXe9rsIHcCDC88Q3ewLegQIBRAU\"><span class=\"Y2IQFc\" lang=\"sl\">Z novimi modeli SL-Line+ alphatronics predstavlja naslednjo izbolj\u0161ano generacijo mobilnih pametnih televizorjev. SL-Line+ je na voljo od 22 do 40 palcev. <\/span><\/p>\n<p class=\"tw-data-text tw-text-large tw-ta\" dir=\"ltr\" data-placeholder=\"Prevod\" aria-label=\"Prevedeno besedilo\" data-ved=\"2ahUKEwjQ6Yb08K2HAxXe9rsIHcCDC88Q3ewLegQIBRAU\"><span class=\"Y2IQFc\" lang=\"sl\">Ne glede na to, ali gre za avtodom ali po\u010ditni\u0161ko prikolico: v vseh vozilih je prostor za va\u0161 novi SL-Line+. Srce naprav alphatronics, ki nosijo kratico &#8220;DW&#8221;, je operacijski sistem. V ta namen se v naslednji fazi \u0161iritve zana\u0161amo na webOS Hub. To prina\u0161a \u0161tevilne nove funkcije, vklju\u010dno s snemanjem PVR, Timeshift, Apple AirPlay 2 in integracijo Apple HomeKit. Operacijski sistem webOS Hub ponuja \u0161iroko paleto aplikacij (prek Content Store) in izstopa po svoji preprosti in posebej intuitivni uporabi. Da bi zagotovili, da so vsi televizorji vedno posodobljeni, se posodobitve redno zagotavljajo prek OTA (Over-The-Air). <\/span><\/p>\n<p class=\"tw-data-text tw-text-large tw-ta\" dir=\"ltr\" data-placeholder=\"Prevod\" aria-label=\"Prevedeno besedilo\" data-ved=\"2ahUKEwjQ6Yb08K2HAxXe9rsIHcCDC88Q3ewLegQIBRAU\"><span class=\"Y2IQFc\" lang=\"sl\">SL Line+ je na voljo v velikostih zaslona 22&#8243;, 24&#8243;, 27&#8243;, 32&#8243; in 40&#8243;. Opremljen je s trojnim sprejemnikom (DVB-S\/S2, DVB-T\/T2, DVB-C), HbbTV , CI+ (novi standard 2.0), DVD predvajalnik (re\u017ea na desni strani enote), 2x USB vrata, 2x HDMI\u2122 vrata, Bluetooth\u00ae 5.0, kot tudi nova svetlobna vrata (SPIDF \/ Toslink), ki omogo\u010dajo povezavo z digitalnimi soundbari ali slu\u0161nimi aparati. <\/span><\/p>\n<p dir=\"ltr\" data-placeholder=\"Prevod\" aria-label=\"Prevedeno besedilo\" data-ved=\"2ahUKEwjQ6Yb08K2HAxXe9rsIHcCDC88Q3ewLegQIBRAU\">Dimenzije (W x H x D) : 617 x 361 x 45 mm; 3.60 kg<\/p>\n<p class=\"tw-data-text tw-text-large tw-ta\" dir=\"ltr\" data-placeholder=\"Prevod\" aria-label=\"Prevedeno besedilo\" data-ved=\"2ahUKEwjQ6Yb08K2HAxXe9rsIHcCDC88Q3ewLegQIBRAU\"><span class=\"Y2IQFc\" lang=\"sl\">Prednosti izdelka: <\/span><\/p>\n<ul>\n<li class=\"tw-data-text tw-text-large tw-ta\" dir=\"ltr\" data-placeholder=\"Prevod\" aria-label=\"Prevedeno besedilo\" data-ved=\"2ahUKEwjQ6Yb08K2HAxXe9rsIHcCDC88Q3ewLegQIBRAU\"><span class=\"Y2IQFc\" lang=\"sl\">Nov dizajn z osvetljenim logotipom <\/span><\/li>\n<li class=\"tw-data-text tw-text-large tw-ta\" dir=\"ltr\" data-placeholder=\"Prevod\" aria-label=\"Prevedeno besedilo\" data-ved=\"2ahUKEwjQ6Yb08K2HAxXe9rsIHcCDC88Q3ewLegQIBRAU\"><span class=\"Y2IQFc\" lang=\"sl\">Intuitivno upravljanje preko webOS Hub <\/span><\/li>\n<li class=\"tw-data-text tw-text-large tw-ta\" dir=\"ltr\" data-placeholder=\"Prevod\" aria-label=\"Prevedeno besedilo\" data-ved=\"2ahUKEwjQ6Yb08K2HAxXe9rsIHcCDC88Q3ewLegQIBRAU\"><span class=\"Y2IQFc\" lang=\"sl\">Funkcija snemanja PVR in \u010dasovni zamik <\/span><\/li>\n<li class=\"tw-data-text tw-text-large tw-ta\" dir=\"ltr\" data-placeholder=\"Prevod\" aria-label=\"Prevedeno besedilo\" data-ved=\"2ahUKEwjQ6Yb08K2HAxXe9rsIHcCDC88Q3ewLegQIBRAU\"><span class=\"Y2IQFc\" lang=\"sl\">Apple AirPlay 2 <\/span><\/li>\n<li class=\"tw-data-text tw-text-large tw-ta\" dir=\"ltr\" data-placeholder=\"Prevod\" aria-label=\"Prevedeno besedilo\" data-ved=\"2ahUKEwjQ6Yb08K2HAxXe9rsIHcCDC88Q3ewLegQIBRAU\"><span class=\"Y2IQFc\" lang=\"sl\">Idealno za delo od koder koli <\/span><\/li>\n<li class=\"tw-data-text tw-text-large tw-ta\" dir=\"ltr\" data-placeholder=\"Prevod\" aria-label=\"Prevedeno besedilo\" data-ved=\"2ahUKEwjQ6Yb08K2HAxXe9rsIHcCDC88Q3ewLegQIBRAU\"><span class=\"Y2IQFc\" lang=\"sl\">Uporaben dru\u017einski na\u010din <\/span><\/li>\n<li class=\"tw-data-text tw-text-large tw-ta\" dir=\"ltr\" data-placeholder=\"Prevod\" aria-label=\"Prevedeno besedilo\" data-ved=\"2ahUKEwjQ6Yb08K2HAxXe9rsIHcCDC88Q3ewLegQIBRAU\"><span class=\"Y2IQFc\" lang=\"sl\">Plo\u0161\u010da s 100 % slikovnimi pikami brez napak <\/span><\/li>\n<li class=\"tw-data-text tw-text-large tw-ta\" dir=\"ltr\" data-placeholder=\"Prevod\" aria-label=\"Prevedeno besedilo\" data-ved=\"2ahUKEwjQ6Yb08K2HAxXe9rsIHcCDC88Q3ewLegQIBRAU\"><span class=\"Y2IQFc\" lang=\"sl\">Zunanja WiFi antena <\/span><\/li>\n<li class=\"tw-data-text tw-text-large tw-ta\" dir=\"ltr\" data-placeholder=\"Prevod\" aria-label=\"Prevedeno besedilo\" data-ved=\"2ahUKEwjQ6Yb08K2HAxXe9rsIHcCDC88Q3ewLegQIBRAU\"><span class=\"Y2IQFc\" lang=\"sl\">Integriran DVD predvajalnik <\/span><\/li>\n<li class=\"tw-data-text tw-text-large tw-ta\" dir=\"ltr\" data-placeholder=\"Prevod\" aria-label=\"Prevedeno besedilo\" data-ved=\"2ahUKEwjQ6Yb08K2HAxXe9rsIHcCDC88Q3ewLegQIBRAU\"><span class=\"Y2IQFc\" lang=\"sl\">CI+ modul <\/span><\/li>\n<li class=\"tw-data-text tw-text-large tw-ta\" dir=\"ltr\" data-placeholder=\"Prevod\" aria-label=\"Prevedeno besedilo\" data-ved=\"2ahUKEwjQ6Yb08K2HAxXe9rsIHcCDC88Q3ewLegQIBRAU\"><span class=\"Y2IQFc\" lang=\"sl\">Funkcija HDMI CEC in ARC <\/span><\/li>\n<li class=\"tw-data-text tw-text-large tw-ta\" dir=\"ltr\" data-placeholder=\"Prevod\" aria-label=\"Prevedeno besedilo\" data-ved=\"2ahUKEwjQ6Yb08K2HAxXe9rsIHcCDC88Q3ewLegQIBRAU\"><span class=\"Y2IQFc\" lang=\"sl\">Bluetooth\u00ae razli\u010dica 5.0 <\/span><\/li>\n<li class=\"tw-data-text tw-text-large tw-ta\" dir=\"ltr\" data-placeholder=\"Prevod\" aria-label=\"Prevedeno besedilo\" data-ved=\"2ahUKEwjQ6Yb08K2HAxXe9rsIHcCDC88Q3ewLegQIBRAU\"><span class=\"Y2IQFc\" lang=\"sl\">Funkcija &#8220;Skupaj u\u017eivajte v zvoku&#8221;<\/span><\/li>\n<li class=\"tw-data-text tw-text-large tw-ta\" dir=\"ltr\" data-placeholder=\"Prevod\" aria-label=\"Prevedeno besedilo\" data-ved=\"2ahUKEwjQ6Yb08K2HAxXe9rsIHcCDC88Q3ewLegQIBRAU\"><span class=\"Y2IQFc\" lang=\"sl\">Dobavljeno z eno zemeljsko anteno AN5 <\/span><\/li>\n<li class=\"tw-data-text tw-text-large tw-ta\" dir=\"ltr\" data-placeholder=\"Prevod\" aria-label=\"Prevedeno besedilo\" data-ved=\"2ahUKEwjQ6Yb08K2HAxXe9rsIHcCDC88Q3ewLegQIBRAU\"><span class=\"Y2IQFc\" lang=\"sl\">Posebej razvito za vozila za prosti \u010das<\/span><\/li>\n<\/ul>","protected":false},"excerpt":{"rendered":"<p id=\"tw-target-text\" class=\"tw-data-text tw-text-large tw-ta\" dir=\"ltr\" data-placeholder=\"Prevod\" aria-label=\"Prevedeno besedilo\" data-ved=\"2ahUKEwjQ6Yb08K2HAxXe9rsIHcCDC88Q3ewLegQIBRAU\">TV\u00a0<strong data-start=\"3\" data-end=\"28\">alphatronics SL-Line+<\/strong>\u00a0je nova generacija mobilnih pametnih televizorjev z webOS Hub, PVR, AirPlay 2 in bogato povezljivostjo. Na voljo od 22 do 40 palcev, idealen za avtodome in po\u010ditni\u0161ke prikolice.<\/p>\n<p dir=\"ltr\" data-placeholder=\"Prevod\" aria-label=\"Prevedeno besedilo\" data-ved=\"2ahUKEwjQ6Yb08K2HAxXe9rsIHcCDC88Q3ewLegQIBRAU\"><a href=\"https:\/\/www.tada.si\/en\/product-category\/avto-oprema\/tv-alphatronics\/\">Oglejte si \u0161e ostalo Alphatronics ponudbo na na\u0161i spletni strani.<\/a><\/p>","protected":false},"featured_media":8826,"comment_status":"open","ping_status":"closed","template":"","meta":{"inline_featured_image":false},"product_brand":[],"product_cat":[244,245],"product_tag":[],"class_list":{"0":"post-8459","1":"product","2":"type-product","3":"status-publish","4":"has-post-thumbnail","6":"product_cat-avto-oprema","7":"product_cat-tv-alphatronics","9":"first","10":"instock","11":"taxable","12":"shipping-taxable","13":"purchasable","14":"product-type-simple","15":"czr-hentry"},"_links":{"self":[{"href":"https:\/\/www.tada.si\/en\/wp-json\/wp\/v2\/product\/8459","targetHints":{"allow":["GET"]}}],"collection":[{"href":"https:\/\/www.tada.si\/en\/wp-json\/wp\/v2\/product"}],"about":[{"href":"https:\/\/www.tada.si\/en\/wp-json\/wp\/v2\/types\/product"}],"replies":[{"embeddable":true,"href":"https:\/\/www.tada.si\/en\/wp-json\/wp\/v2\/comments?post=8459"}],"wp:featuredmedia":[{"embeddable":true,"href":"https:\/\/www.tada.si\/en\/wp-json\/wp\/v2\/media\/8826"}],"wp:attachment":[{"href":"https:\/\/www.tada.si\/en\/wp-json\/wp\/v2\/media?parent=8459"}],"wp:term":[{"taxonomy":"product_brand","embeddable":true,"href":"https:\/\/www.tada.si\/en\/wp-json\/wp\/v2\/product_brand?post=8459"},{"taxonomy":"product_cat","embeddable":true,"href":"https:\/\/www.tada.si\/en\/wp-json\/wp\/v2\/product_cat?post=8459"},{"taxonomy":"product_tag","embeddable":true,"href":"https:\/\/www.tada.si\/en\/wp-json\/wp\/v2\/product_tag?post=8459"}],"curies":[{"name":"wp","href":"https:\/\/api.w.org\/{rel}","templated":true}]}}