{"id":8512,"date":"2024-10-02T10:00:49","date_gmt":"2024-10-02T08:00:49","guid":{"rendered":"https:\/\/www.tada.si\/?post_type=product&#038;p=8512"},"modified":"2026-02-23T22:42:08","modified_gmt":"2026-02-23T20:42:08","slug":"alphatronics-remote-control-webos-standard","status":"publish","type":"product","link":"https:\/\/www.tada.si\/en\/trgovina\/avto-oprema\/tv-alphatronics\/alphatronics-remote-control-webos-standard\/","title":{"rendered":"alphatronics pilot WebOS Standard"},"content":{"rendered":"","protected":false},"excerpt":{"rendered":"<p id=\"tw-target-text\" class=\"tw-data-text tw-text-large tw-ta\" dir=\"ltr\" data-placeholder=\"Prevod\" data-ved=\"2ahUKEwjG3cCZne-IAxVyg_0HHURQICYQ3ewLegQIBxAT\" aria-label=\"Prevedeno besedilo: Bli\u017enjice do Netflix in Amazon Prime Video Preprosto dostopajte do Netflixa in Prime Video zahvaljujo\u010d namenskim gumbom in u\u017eivajte v svojih najljub\u0161ih programih.\"><span class=\"Y2IQFc\" lang=\"sl\">Bli\u017enjice do Netflix in Amazon Prime Video <\/span><\/p>\n<p class=\"tw-data-text tw-text-large tw-ta\" dir=\"ltr\" data-placeholder=\"Prevod\" data-ved=\"2ahUKEwjG3cCZne-IAxVyg_0HHURQICYQ3ewLegQIBxAT\" aria-label=\"Prevedeno besedilo: Bli\u017enjice do Netflix in Amazon Prime Video Preprosto dostopajte do Netflixa in Prime Video zahvaljujo\u010d namenskim gumbom in u\u017eivajte v svojih najljub\u0161ih programih.\"><span class=\"Y2IQFc\" lang=\"sl\">Preprosto dostopajte do Netflixa in Prime Video zahvaljujo\u010d namenskim gumbom in u\u017eivajte v svojih najljub\u0161ih programih.<\/span><\/p>","protected":false},"featured_media":8515,"comment_status":"open","ping_status":"closed","template":"","meta":{"inline_featured_image":false},"product_brand":[],"product_cat":[244,245],"product_tag":[],"class_list":{"0":"post-8512","1":"product","2":"type-product","3":"status-publish","4":"has-post-thumbnail","6":"product_cat-avto-oprema","7":"product_cat-tv-alphatronics","9":"first","10":"instock","11":"taxable","12":"shipping-taxable","13":"purchasable","14":"product-type-simple","15":"czr-hentry"},"_links":{"self":[{"href":"https:\/\/www.tada.si\/en\/wp-json\/wp\/v2\/product\/8512","targetHints":{"allow":["GET"]}}],"collection":[{"href":"https:\/\/www.tada.si\/en\/wp-json\/wp\/v2\/product"}],"about":[{"href":"https:\/\/www.tada.si\/en\/wp-json\/wp\/v2\/types\/product"}],"replies":[{"embeddable":true,"href":"https:\/\/www.tada.si\/en\/wp-json\/wp\/v2\/comments?post=8512"}],"wp:featuredmedia":[{"embeddable":true,"href":"https:\/\/www.tada.si\/en\/wp-json\/wp\/v2\/media\/8515"}],"wp:attachment":[{"href":"https:\/\/www.tada.si\/en\/wp-json\/wp\/v2\/media?parent=8512"}],"wp:term":[{"taxonomy":"product_brand","embeddable":true,"href":"https:\/\/www.tada.si\/en\/wp-json\/wp\/v2\/product_brand?post=8512"},{"taxonomy":"product_cat","embeddable":true,"href":"https:\/\/www.tada.si\/en\/wp-json\/wp\/v2\/product_cat?post=8512"},{"taxonomy":"product_tag","embeddable":true,"href":"https:\/\/www.tada.si\/en\/wp-json\/wp\/v2\/product_tag?post=8512"}],"curies":[{"name":"wp","href":"https:\/\/api.w.org\/{rel}","templated":true}]}}