{"id":8516,"date":"2024-10-02T10:05:08","date_gmt":"2024-10-02T08:05:08","guid":{"rendered":"https:\/\/www.tada.si\/?post_type=product&#038;p=8516"},"modified":"2026-02-23T22:44:31","modified_gmt":"2026-02-23T20:44:31","slug":"alphatronics-remote-control-webos-magic","status":"publish","type":"product","link":"https:\/\/www.tada.si\/en\/trgovina\/avto-oprema\/tv-alphatronics\/alphatronics-remote-control-webos-magic\/","title":{"rendered":"alphatronics pilot WebOS Magic"},"content":{"rendered":"","protected":false},"excerpt":{"rendered":"<div class=\"QmZWSe\">\n<p class=\"DHcWmd\"><span class=\"Y2IQFc\" lang=\"sl\">Daljinec Magic Remote Control za preprosto navigacijo po zaslonu <\/span><\/p>\n<p class=\"DHcWmd\"><span class=\"Y2IQFc\" lang=\"sl\">Magic Remote zagotavlja popolnoma novo izku\u0161njo pri upravljanju va\u0161e TV naprave. Poleg tradicionalnih na\u010dinov vnosa lahko uporabite integriran glasovni nadzor. <\/span><\/p>\n<p class=\"DHcWmd\"><span class=\"Y2IQFc\" lang=\"sl\">Poleg tega ima daljinski upravljalnik Magic Remote integrirano funkcijo Air Mouse, ki prika\u017ee digitalni kazalec na zaslonu, kar olaj\u0161a vnos besedila ali izbiro dolo\u010denih elementov. \u017delite brez te\u017eav krmariti po meniju? <\/span><\/p>\n<p class=\"DHcWmd\"><span class=\"Y2IQFc\" lang=\"sl\">Z vgrajenim senzorjem gibanja preprosto poka\u017eite, uporabite gesto ali se pomaknite z mi\u0161ko. <\/span><\/p>\n<p class=\"DHcWmd\"><span class=\"Y2IQFc\" lang=\"sl\">Zahvaljujo\u010d dodatnemu vmesniku Bluetooth\u00ae daljinskega upravljalnika za prenos ukazov ni ve\u010d treba usmeriti neposredno v TV napravo.<\/span><\/p>\n<\/div>","protected":false},"featured_media":8513,"comment_status":"open","ping_status":"closed","template":"","meta":{"inline_featured_image":false},"product_brand":[],"product_cat":[244,245],"product_tag":[],"class_list":{"0":"post-8516","1":"product","2":"type-product","3":"status-publish","4":"has-post-thumbnail","6":"product_cat-avto-oprema","7":"product_cat-tv-alphatronics","9":"first","10":"instock","11":"taxable","12":"shipping-taxable","13":"purchasable","14":"product-type-simple","15":"czr-hentry"},"_links":{"self":[{"href":"https:\/\/www.tada.si\/en\/wp-json\/wp\/v2\/product\/8516","targetHints":{"allow":["GET"]}}],"collection":[{"href":"https:\/\/www.tada.si\/en\/wp-json\/wp\/v2\/product"}],"about":[{"href":"https:\/\/www.tada.si\/en\/wp-json\/wp\/v2\/types\/product"}],"replies":[{"embeddable":true,"href":"https:\/\/www.tada.si\/en\/wp-json\/wp\/v2\/comments?post=8516"}],"wp:featuredmedia":[{"embeddable":true,"href":"https:\/\/www.tada.si\/en\/wp-json\/wp\/v2\/media\/8513"}],"wp:attachment":[{"href":"https:\/\/www.tada.si\/en\/wp-json\/wp\/v2\/media?parent=8516"}],"wp:term":[{"taxonomy":"product_brand","embeddable":true,"href":"https:\/\/www.tada.si\/en\/wp-json\/wp\/v2\/product_brand?post=8516"},{"taxonomy":"product_cat","embeddable":true,"href":"https:\/\/www.tada.si\/en\/wp-json\/wp\/v2\/product_cat?post=8516"},{"taxonomy":"product_tag","embeddable":true,"href":"https:\/\/www.tada.si\/en\/wp-json\/wp\/v2\/product_tag?post=8516"}],"curies":[{"name":"wp","href":"https:\/\/api.w.org\/{rel}","templated":true}]}}