{"id":8570,"date":"2024-10-29T14:29:45","date_gmt":"2024-10-29T12:29:45","guid":{"rendered":"https:\/\/www.tada.si\/?post_type=product&#038;p=8570"},"modified":"2026-03-23T02:09:42","modified_gmt":"2026-03-23T00:09:42","slug":"reolink-e1-outdoor-pro-e560","status":"publish","type":"product","link":"https:\/\/www.tada.si\/en\/trgovina\/alarmni-in-video-nadzor\/reolink\/reolink-e1-outdoor-pro-e560\/","title":{"rendered":"Reolink E1 Outdoor Pro E560"},"content":{"rendered":"<p data-start=\"140\" data-end=\"187\"><strong data-start=\"459\" data-end=\"484\"><a href=\"https:\/\/reolink.com\/\" target=\"_blank\" rel=\"noopener\">Reolink<\/a><\/strong>\u00a0E1 Pro \u2013 Wi\u2011Fi vrtljiva IP kamera\u00a0je zmogljiva <strong data-start=\"221\" data-end=\"249\">Wi\u2011Fi vrtljiva IP kamera<\/strong> z visoko lo\u010dljivostjo 4\u202fMP Super HD in mo\u017enostjo <strong data-start=\"299\" data-end=\"334\">vrtljivega in nagibnega nadzora<\/strong> do 355\u00b0\/50\u00b0.<\/p>\n<p data-start=\"140\" data-end=\"187\">Kamera omogo\u010da celovito pokritost prostora ter zagotavlja jasne in podrobne posnetke podnevi in pono\u010di.<\/p>\n<p data-start=\"140\" data-end=\"187\"><a href=\"https:\/\/www.tada.si\/wp-content\/uploads\/2024\/10\/Reolink-E560.jpg\"><img loading=\"lazy\" decoding=\"async\" class=\"alignnone size-medium wp-image-9905\" src=\"https:\/\/www.tada.si\/wp-content\/uploads\/2024\/10\/Reolink-E560-300x300.jpg\" alt=\"\" width=\"300\" height=\"300\" srcset=\"https:\/\/www.tada.si\/wp-content\/uploads\/2024\/10\/Reolink-E560-300x300.jpg 300w, https:\/\/www.tada.si\/wp-content\/uploads\/2024\/10\/Reolink-E560-150x150.jpg 150w, https:\/\/www.tada.si\/wp-content\/uploads\/2024\/10\/Reolink-E560-12x12.jpg 12w, https:\/\/www.tada.si\/wp-content\/uploads\/2024\/10\/Reolink-E560-570x570.jpg 570w, https:\/\/www.tada.si\/wp-content\/uploads\/2024\/10\/Reolink-E560-510x510.jpg 510w, https:\/\/www.tada.si\/wp-content\/uploads\/2024\/10\/Reolink-E560-600x600.jpg 600w, https:\/\/www.tada.si\/wp-content\/uploads\/2024\/10\/Reolink-E560-100x100.jpg 100w, https:\/\/www.tada.si\/wp-content\/uploads\/2024\/10\/Reolink-E560-96x96.jpg 96w, https:\/\/www.tada.si\/wp-content\/uploads\/2024\/10\/Reolink-E560-64x64.jpg 64w, https:\/\/www.tada.si\/wp-content\/uploads\/2024\/10\/Reolink-E560.jpg 650w\" sizes=\"auto, (max-width: 300px) 100vw, 300px\" \/><\/a><\/p>\n<h3 data-start=\"493\" data-end=\"531\">Vsestransko 360\u00b0 nadzorovanje<\/h3>\n<p data-start=\"532\" data-end=\"691\">Z mo\u017enostjo <strong data-start=\"544\" data-end=\"558\">pan &amp; tilt<\/strong> nadzora lahko spremljate celoten prostor iz enega mesta, ne da bi zamudili pomemben dogodek.<\/p>\n<p data-start=\"532\" data-end=\"691\"><a href=\"https:\/\/www.tada.si\/wp-content\/uploads\/2024\/10\/Reolink-E560-2.jpg\"><img loading=\"lazy\" decoding=\"async\" class=\"alignnone size-medium wp-image-9904\" src=\"https:\/\/www.tada.si\/wp-content\/uploads\/2024\/10\/Reolink-E560-2-300x300.jpg\" alt=\"\" width=\"300\" height=\"300\" srcset=\"https:\/\/www.tada.si\/wp-content\/uploads\/2024\/10\/Reolink-E560-2-300x300.jpg 300w, https:\/\/www.tada.si\/wp-content\/uploads\/2024\/10\/Reolink-E560-2-150x150.jpg 150w, https:\/\/www.tada.si\/wp-content\/uploads\/2024\/10\/Reolink-E560-2-12x12.jpg 12w, https:\/\/www.tada.si\/wp-content\/uploads\/2024\/10\/Reolink-E560-2-570x570.jpg 570w, https:\/\/www.tada.si\/wp-content\/uploads\/2024\/10\/Reolink-E560-2-510x510.jpg 510w, https:\/\/www.tada.si\/wp-content\/uploads\/2024\/10\/Reolink-E560-2-600x600.jpg 600w, https:\/\/www.tada.si\/wp-content\/uploads\/2024\/10\/Reolink-E560-2-100x100.jpg 100w, https:\/\/www.tada.si\/wp-content\/uploads\/2024\/10\/Reolink-E560-2-96x96.jpg 96w, https:\/\/www.tada.si\/wp-content\/uploads\/2024\/10\/Reolink-E560-2-64x64.jpg 64w, https:\/\/www.tada.si\/wp-content\/uploads\/2024\/10\/Reolink-E560-2.jpg 650w\" sizes=\"auto, (max-width: 300px) 100vw, 300px\" \/><\/a><\/p>\n<h3 data-start=\"693\" data-end=\"728\">Izjemna slika in no\u010dni vid<\/h3>\n<p data-start=\"729\" data-end=\"927\">Posnetki v <strong data-start=\"740\" data-end=\"760\">2560\u00d71440 (4\u202fMP)<\/strong> lo\u010dljivosti zagotavljajo kristalno jasno sliko, medtem ko <strong data-start=\"819\" data-end=\"843\">IR no\u010dni vid do 12\u202fm<\/strong> omogo\u010da zanesljivo spremljanje tudi v temi.<\/p>\n<p><a href=\"https:\/\/www.tada.si\/wp-content\/uploads\/2024\/10\/Reolink-E560-1.jpg\"><img loading=\"lazy\" decoding=\"async\" class=\"alignnone wp-image-9903 size-medium\" src=\"https:\/\/www.tada.si\/wp-content\/uploads\/2024\/10\/Reolink-E560-1-300x300.jpg\" alt=\"Reolink E560 1\" width=\"300\" height=\"300\" srcset=\"https:\/\/www.tada.si\/wp-content\/uploads\/2024\/10\/Reolink-E560-1-300x300.jpg 300w, https:\/\/www.tada.si\/wp-content\/uploads\/2024\/10\/Reolink-E560-1-150x150.jpg 150w, https:\/\/www.tada.si\/wp-content\/uploads\/2024\/10\/Reolink-E560-1-12x12.jpg 12w, https:\/\/www.tada.si\/wp-content\/uploads\/2024\/10\/Reolink-E560-1-570x570.jpg 570w, https:\/\/www.tada.si\/wp-content\/uploads\/2024\/10\/Reolink-E560-1-510x510.jpg 510w, https:\/\/www.tada.si\/wp-content\/uploads\/2024\/10\/Reolink-E560-1-600x600.jpg 600w, https:\/\/www.tada.si\/wp-content\/uploads\/2024\/10\/Reolink-E560-1-100x100.jpg 100w, https:\/\/www.tada.si\/wp-content\/uploads\/2024\/10\/Reolink-E560-1-96x96.jpg 96w, https:\/\/www.tada.si\/wp-content\/uploads\/2024\/10\/Reolink-E560-1-64x64.jpg 64w, https:\/\/www.tada.si\/wp-content\/uploads\/2024\/10\/Reolink-E560-1.jpg 650w\" sizes=\"auto, (max-width: 300px) 100vw, 300px\" \/><\/a><\/p>\n<h3 data-start=\"929\" data-end=\"955\">Pametne funkcije<\/h3>\n<p data-start=\"956\" data-end=\"1182\">Kamera zaznava gibanje in po\u0161ilja opozorila v realnem \u010dasu, omogo\u010da <strong data-start=\"1024\" data-end=\"1050\">dvosmerno komunikacijo<\/strong> z vgrajenim mikrofonom in zvo\u010dnikom ter shrani posnetke na <strong data-start=\"1110\" data-end=\"1129\">microSD kartico<\/strong> (do 128\u202fGB).<\/p>\n<p><a href=\"https:\/\/www.tada.si\/wp-content\/uploads\/2024\/10\/REOLINK.png\"><img loading=\"lazy\" decoding=\"async\" class=\"alignnone wp-image-9899 size-medium\" src=\"https:\/\/www.tada.si\/wp-content\/uploads\/2024\/10\/REOLINK-297x300.png\" alt=\"REOLINK\" width=\"297\" height=\"300\" srcset=\"https:\/\/www.tada.si\/wp-content\/uploads\/2024\/10\/REOLINK-297x300.png 297w, https:\/\/www.tada.si\/wp-content\/uploads\/2024\/10\/REOLINK-12x12.png 12w, https:\/\/www.tada.si\/wp-content\/uploads\/2024\/10\/REOLINK-100x100.png 100w, https:\/\/www.tada.si\/wp-content\/uploads\/2024\/10\/REOLINK-96x96.png 96w, https:\/\/www.tada.si\/wp-content\/uploads\/2024\/10\/REOLINK-64x65.png 64w, https:\/\/www.tada.si\/wp-content\/uploads\/2024\/10\/REOLINK.png 444w\" sizes=\"auto, (max-width: 297px) 100vw, 297px\" \/><\/a><\/p>\n<h3 data-start=\"1184\" data-end=\"1214\">Enostavno upravljanje<\/h3>\n<p data-start=\"1215\" data-end=\"1400\">Reolink E1 Pro se povezuje prek <strong data-start=\"1247\" data-end=\"1274\">Wi\u2011Fi (2.4\u202fGHz \/ 5\u202fGHz)<\/strong> in jo lahko upravljate preko <strong data-start=\"1304\" data-end=\"1326\">mobilne aplikacije<\/strong> ali na ra\u010dunalniku, kjerkoli ste.<\/p>\n<p>&nbsp;<\/p>","protected":false},"excerpt":{"rendered":"<p>8 Mpx Zunanja WiFi vrtljiva kamera z IR. Lahko se vrti do 355 stopinj, ima opti\u010dni 3x zoom, podpira standard WiFi 6, opremljen je z u\u010dinkovitim no\u010dnim snemanjem, zaznavanjem gibanja, vgrajeno sireno in dvosmernim zvokom. Podpira kartice MicroSD do 256 GB. Mo\u017enost \u010dasovnega zamika, dostop do kamere kadarkoli in kjerkoli preko mobilne ali namizne aplikacije, 12V adapter in 4m napajalni kabel vklju\u010den v ceno.<\/p>\n<p>&nbsp;<\/p>\n<p>Oglejte si tudi druge kamere na na\u0161i <a href=\"https:\/\/www.tada.si\/en\/product-category\/video-nadzor\/reolink\/\">spletni strani z vsemi Reolink kamerami<\/a><\/p>","protected":false},"featured_media":8544,"comment_status":"open","ping_status":"closed","template":"","meta":{"inline_featured_image":false},"product_brand":[],"product_cat":[191],"product_tag":[],"class_list":{"0":"post-8570","1":"product","2":"type-product","3":"status-publish","4":"has-post-thumbnail","6":"product_cat-reolink","8":"first","9":"instock","10":"taxable","11":"shipping-taxable","12":"purchasable","13":"product-type-simple","14":"czr-hentry"},"_links":{"self":[{"href":"https:\/\/www.tada.si\/en\/wp-json\/wp\/v2\/product\/8570","targetHints":{"allow":["GET"]}}],"collection":[{"href":"https:\/\/www.tada.si\/en\/wp-json\/wp\/v2\/product"}],"about":[{"href":"https:\/\/www.tada.si\/en\/wp-json\/wp\/v2\/types\/product"}],"replies":[{"embeddable":true,"href":"https:\/\/www.tada.si\/en\/wp-json\/wp\/v2\/comments?post=8570"}],"wp:featuredmedia":[{"embeddable":true,"href":"https:\/\/www.tada.si\/en\/wp-json\/wp\/v2\/media\/8544"}],"wp:attachment":[{"href":"https:\/\/www.tada.si\/en\/wp-json\/wp\/v2\/media?parent=8570"}],"wp:term":[{"taxonomy":"product_brand","embeddable":true,"href":"https:\/\/www.tada.si\/en\/wp-json\/wp\/v2\/product_brand?post=8570"},{"taxonomy":"product_cat","embeddable":true,"href":"https:\/\/www.tada.si\/en\/wp-json\/wp\/v2\/product_cat?post=8570"},{"taxonomy":"product_tag","embeddable":true,"href":"https:\/\/www.tada.si\/en\/wp-json\/wp\/v2\/product_tag?post=8570"}],"curies":[{"name":"wp","href":"https:\/\/api.w.org\/{rel}","templated":true}]}}