{"id":8572,"date":"2024-10-29T14:33:53","date_gmt":"2024-10-29T12:33:53","guid":{"rendered":"https:\/\/www.tada.si\/?post_type=product&#038;p=8572"},"modified":"2026-03-10T12:28:29","modified_gmt":"2026-03-10T10:28:29","slug":"reolink-trackmix-lte-g770","status":"publish","type":"product","link":"https:\/\/www.tada.si\/en\/trgovina\/alarmni-in-video-nadzor\/reolink\/brezzicne-kamere\/reolink-trackmix-lte-g770\/","title":{"rendered":"Reolink TrackMix LTE G770"},"content":{"rendered":"<div class=\"container-grid\">\n<div class=\"row item-aligned\">\n<div class=\"col-sm-6\">\n<p><strong data-start=\"459\" data-end=\"484\"><a href=\"https:\/\/reolink.com\/\" target=\"_blank\" rel=\"noopener\">Reolink\u00a0<\/a> TrackMix LTE (G770) je <\/strong>100-odstotno brez\u017ei\u010dna PTZ nadzorna kamera z 8 MP senzorjem in lo\u010dljivostjo do 4K zagotavlja izjemno podrobne posnetke za varovanje zunanjih povr\u0161in. Deluje v mobilnem omre\u017eju 4G LTE in je idealna re\u0161itev tam, kjer ni Wi-Fi ali \u017ei\u010dnega omre\u017eja.<\/p>\n<p><a href=\"https:\/\/www.tada.si\/wp-content\/uploads\/2024\/10\/Reolink-G77.webp\"><img loading=\"lazy\" decoding=\"async\" class=\"alignnone wp-image-9900\" src=\"https:\/\/www.tada.si\/wp-content\/uploads\/2024\/10\/Reolink-G77-175x300.webp\" alt=\"Reolink G77\" width=\"218\" height=\"374\" srcset=\"https:\/\/www.tada.si\/wp-content\/uploads\/2024\/10\/Reolink-G77-175x300.webp 175w, https:\/\/www.tada.si\/wp-content\/uploads\/2024\/10\/Reolink-G77-598x1024.webp 598w, https:\/\/www.tada.si\/wp-content\/uploads\/2024\/10\/Reolink-G77-768x1316.webp 768w, https:\/\/www.tada.si\/wp-content\/uploads\/2024\/10\/Reolink-G77-7x12.webp 7w, https:\/\/www.tada.si\/wp-content\/uploads\/2024\/10\/Reolink-G77-570x977.webp 570w, https:\/\/www.tada.si\/wp-content\/uploads\/2024\/10\/Reolink-G77-600x1028.webp 600w, https:\/\/www.tada.si\/wp-content\/uploads\/2024\/10\/Reolink-G77-64x110.webp 64w, https:\/\/www.tada.si\/wp-content\/uploads\/2024\/10\/Reolink-G77.webp 897w\" sizes=\"auto, (max-width: 218px) 100vw, 218px\" \/><\/a><\/p>\n<p>&nbsp;<\/p>\n<h2>Dvojna le\u010da za celovit nadzor<\/h2>\n<p>Kamera je\u00a0<strong>opremljena z\u00a0dvema objektivoma<\/strong>\u00a0\u2013 \u0161irokokotnim za pregled nad \u0161ir\u0161im obmo\u010djem in telefoto le\u010do za\u00a0<strong>podrobnej\u0161i bli\u017enji posnetek<\/strong>. Obe sliki se prika\u017eeta hkrati na istem zaslonu, kar omogo\u010da popolno spremljanje dogajanja v\u00a0realnem\u00a0\u010dasu.<\/p>\n<p>Idealna je za <strong>nadzor nepremi\u010dnin, gradbi\u0161\u010d, oddaljenih obmo\u010dij<\/strong>\u00a0ali drugih lokacij brez dostopa do Wi-Fi omre\u017eja.<\/p>\n<\/div>\n<\/div>\n<\/div>\n<hr class=\"clear\" \/>\n<div class=\"container-grid\">\n<div class=\"row\">\n<div class=\"col-sm-4\">\n<div><img loading=\"lazy\" decoding=\"async\" class=\"alignnone\" src=\"https:\/\/i.cdn.nrholding.net\/139272157\/600\/470\" alt=\"1\" width=\"470\" height=\"470\" \/><\/div>\n<div>\n<p>&nbsp;<\/p>\n<h2>Pametno avtomatsko sledenje<\/h2>\n<\/div>\n<div>\n<p>Zahvaljujo\u010d naprednemu\u00a0<strong>panoramskemu nagibanju (355\u00b0) in vertikalnemu nagibanju (90\u00b0)<\/strong>\u00a0kamera samodejno sledi premikajo\u010dim se objektom, pri \u010demer jih prika\u017ee v\u00a0\u0161irokem pogledu in hkrati v\u00a0pove\u010davi za natan\u010dno spremljanje podrobnosti.<\/p>\n<\/div>\n<\/div>\n<div class=\"col-sm-4\">\n<div><img loading=\"lazy\" decoding=\"async\" class=\"alignnone\" src=\"https:\/\/i.cdn.nrholding.net\/139272155\/600\/470\" alt=\"Reolink TrackMix LTE (G770)\" width=\"470\" height=\"470\" \/><\/div>\n<div>\n<p>&nbsp;<\/p>\n<h2>Prava brez\u017ei\u010dna svoboda<\/h2>\n<\/div>\n<div>\n<p>Reolink Trackmix G770 deluje brez potrebe po Wi-Fi omre\u017eju ali kablih, saj se\u00a0<strong>povezuje preko 4G LTE mobilne povezave<\/strong>. To omogo\u010da izjemno prilagodljivost\u00a0\u2013 namestite jo lahko kjerkoli, tudi v\u00a0oddaljenih in off-grid lokacijah.<\/p>\n<\/div>\n<\/div>\n<div class=\"col-sm-4\">\n<div><img loading=\"lazy\" decoding=\"async\" class=\"alignnone\" src=\"https:\/\/i.cdn.nrholding.net\/139272161\/600\/470\" alt=\"Reolink TrackMix LTE (G770)\" width=\"470\" height=\"470\" \/><\/div>\n<div>\n<p>&nbsp;<\/p>\n<h2>Pametno zaznavanje ljudi, vozil in hi\u0161nih ljubljen\u010dkov<\/h2>\n<\/div>\n<div>\n<p>Kamera uporablja\u00a0<strong>napredne algoritme umetne inteligence<\/strong>, ki omogo\u010dajo natan\u010dno\u00a0<strong>prepoznavo ljudi, vozil in \u017eivali<\/strong>\u00a0ter zmanj\u0161ajo la\u017ene alarme. Tako boste prejemali samo pomembna obvestila in se izognili nepotrebnim preplahom.<\/p>\n<\/div>\n<\/div>\n<\/div>\n<\/div>\n<hr class=\"clear\" \/>\n<div class=\"container-grid\">\n<div class=\"row item-aligned\">\n<div class=\"col-sm-6\">\n<h2>Dvosmerna komunikacija\u00a0\u2013 govorite in poslu\u0161ajte na daljavo<\/h2>\n<p>Vgrajen\u00a0<strong>mikrofon in zvo\u010dnik<\/strong>\u00a0omogo\u010data komunikacijo v\u00a0realnem \u010dasu\u00a0<strong>prek aplikacije Reolink.<\/strong>\u00a0Tako lahko pozdravite obiskovalce, opozorite dostavljavce ali prestra\u0161ite nepridiprave, ne glede na to, kje se nahajate.<\/p>\n<p>Za popolno vidljivost pono\u010di je kamera opremljena z\u00a0dvema\u00a0<strong>infrarde\u010dima LED lu\u010dkama in reflektorjem<\/strong>, ki omogo\u010dajo preklop med barvnim no\u010dnim na\u010dinom in klasi\u010dnim \u010drno-belim na\u010dinom glede na potrebe in svetlobne pogoje.<a href=\"https:\/\/www.tada.si\/wp-content\/uploads\/2024\/10\/REOLINK.png\"><img loading=\"lazy\" decoding=\"async\" class=\"wp-image-9899 size-medium alignleft\" src=\"https:\/\/www.tada.si\/wp-content\/uploads\/2024\/10\/REOLINK-297x300.png\" alt=\"REOLINK\" width=\"297\" height=\"300\" srcset=\"https:\/\/www.tada.si\/wp-content\/uploads\/2024\/10\/REOLINK-297x300.png 297w, https:\/\/www.tada.si\/wp-content\/uploads\/2024\/10\/REOLINK-12x12.png 12w, https:\/\/www.tada.si\/wp-content\/uploads\/2024\/10\/REOLINK-100x100.png 100w, https:\/\/www.tada.si\/wp-content\/uploads\/2024\/10\/REOLINK-96x96.png 96w, https:\/\/www.tada.si\/wp-content\/uploads\/2024\/10\/REOLINK-64x65.png 64w, https:\/\/www.tada.si\/wp-content\/uploads\/2024\/10\/REOLINK.png 444w\" sizes=\"auto, (max-width: 297px) 100vw, 297px\" \/><\/a><\/p>\n<\/div>\n<\/div>\n<\/div>","protected":false},"excerpt":{"rendered":"<p>4MP Zunanja brez\u017ei\u010dna baterijska 4G kamera z dvema le\u010dama, , ena \u0161irokokotna, druga teleobjektiv s 6-kratnim hibridnim zoomom samodejno pribli\u017ea ljudi ali vozila in jim sledi z vrtenjem do 355\u00b0\/90\u00b0. Mo\u017enost izbire prioritete sledenja in pove\u010dave, obmo\u010dja in za\u010detnega polo\u017eaja. Vgrajen reflektor, baterija, re\u017ea za SIM in SD kartico do 256 GB, prepoznavanje oseb in vozil, opremljeno z u\u010dinkovitim no\u010dnim snemanjem, zaznavanjem gibanja, vgrajeno sireno in dvosmernim zvokom. Dostopajte do kamere kadarkoli in kjer koli prek mobilne ali namizne aplikacije. Mo\u017enost napajanja preko solarnega panela REO v2.<\/p>","protected":false},"featured_media":8560,"comment_status":"open","ping_status":"closed","template":"","meta":{"inline_featured_image":false},"product_brand":[],"product_cat":[209,191],"product_tag":[],"class_list":{"0":"post-8572","1":"product","2":"type-product","3":"status-publish","4":"has-post-thumbnail","6":"product_cat-brezzicne-kamere","7":"product_cat-reolink","9":"first","10":"instock","11":"taxable","12":"shipping-taxable","13":"purchasable","14":"product-type-simple","15":"czr-hentry"},"_links":{"self":[{"href":"https:\/\/www.tada.si\/en\/wp-json\/wp\/v2\/product\/8572","targetHints":{"allow":["GET"]}}],"collection":[{"href":"https:\/\/www.tada.si\/en\/wp-json\/wp\/v2\/product"}],"about":[{"href":"https:\/\/www.tada.si\/en\/wp-json\/wp\/v2\/types\/product"}],"replies":[{"embeddable":true,"href":"https:\/\/www.tada.si\/en\/wp-json\/wp\/v2\/comments?post=8572"}],"wp:featuredmedia":[{"embeddable":true,"href":"https:\/\/www.tada.si\/en\/wp-json\/wp\/v2\/media\/8560"}],"wp:attachment":[{"href":"https:\/\/www.tada.si\/en\/wp-json\/wp\/v2\/media?parent=8572"}],"wp:term":[{"taxonomy":"product_brand","embeddable":true,"href":"https:\/\/www.tada.si\/en\/wp-json\/wp\/v2\/product_brand?post=8572"},{"taxonomy":"product_cat","embeddable":true,"href":"https:\/\/www.tada.si\/en\/wp-json\/wp\/v2\/product_cat?post=8572"},{"taxonomy":"product_tag","embeddable":true,"href":"https:\/\/www.tada.si\/en\/wp-json\/wp\/v2\/product_tag?post=8572"}],"curies":[{"name":"wp","href":"https:\/\/api.w.org\/{rel}","templated":true}]}}