{"id":8580,"date":"2024-10-29T14:45:51","date_gmt":"2024-10-29T12:45:51","guid":{"rendered":"https:\/\/www.tada.si\/?post_type=product&#038;p=8580"},"modified":"2026-03-05T15:17:33","modified_gmt":"2026-03-05T13:17:33","slug":"reolink-micro-usb-c-podaljsek-45m","status":"publish","type":"product","link":"https:\/\/www.tada.si\/en\/trgovina\/alarmni-in-video-nadzor\/reolink\/dodatki\/reolink-micro-usb-c-podaljsek-45m\/","title":{"rendered":"Reolink Micro USB-C podalj\u0161ek 4,5m"},"content":{"rendered":"<h3 data-start=\"0\" data-end=\"47\"><a href=\"https:\/\/store.reolink.com\/accessories\/\" target=\"_blank\" rel=\"noopener\">Reolink Micro USB-C podalj\u0161ek 4,5m za solarne panele<\/a><\/h3>\n<p data-start=\"49\" data-end=\"244\" data-is-last-node=\"\" data-is-only-node=\"\">Podalj\u0161evalni kabel za solarni panel vam omogo\u010da, da \u0161e dodatno podalj\u0161ate originalni kabel s priklju\u010ditvijo tega vodoodpornega podalj\u0161ka z dol\u017eino 4,5m. Tako boste la\u017eje namestili son\u010dno celico na primerno mesto, da bo izpostavljenost son\u010dni svetlobi \u010dim bolj\u0161a.<\/p>\n<p data-start=\"49\" data-end=\"244\" data-is-last-node=\"\" data-is-only-node=\"\">Kompatibilnost s kamerami: Go Ranger PT, Argus Eco Ultra, Argus 3 Ultra, Go Ultra, Argus PT Ultra, Go PT Ultra, Argus Track, Argus Series B350, Argus Series B440, Go Series G340, Argus Series B360, Go Series G440, Argus 4 Pro, Argus 3E, Atlas PT Ultra, Reolink Go PT Plus, Duo 2 (Battery), Duo 2 LTE, TrackMix (Battery), Trackmix LTE<\/p>\n<p data-start=\"49\" data-end=\"244\" data-is-last-node=\"\" data-is-only-node=\"\">Home Hub sistemi: Home Hub z Argus PT Ultra, Home Hub z Argus 3 Ultra, Home Hub z Argus Eco Ultra<\/p>","protected":false},"excerpt":{"rendered":"<p>Vremensko odporen 4,5 m Micro USB podalj\u0161ek za Reolink solarne panele za optimalno postavitev in zanesljivo napajanje.<\/p>\n<p>Oglejte si \u0161e <a href=\"https:\/\/www.tada.si\/en\/product-category\/alarmni-in-video-nadzor\/reolink\/\">ostalo ponudbo Reolink izdelkov na na\u0161i\u00a0spletni strani.<\/a><\/p>","protected":false},"featured_media":8534,"comment_status":"open","ping_status":"closed","template":"","meta":{"inline_featured_image":false},"product_brand":[],"product_cat":[381,191],"product_tag":[],"class_list":{"0":"post-8580","1":"product","2":"type-product","3":"status-publish","4":"has-post-thumbnail","6":"product_cat-dodatki","7":"product_cat-reolink","9":"first","10":"instock","11":"taxable","12":"shipping-taxable","13":"purchasable","14":"product-type-simple","15":"czr-hentry"},"_links":{"self":[{"href":"https:\/\/www.tada.si\/en\/wp-json\/wp\/v2\/product\/8580","targetHints":{"allow":["GET"]}}],"collection":[{"href":"https:\/\/www.tada.si\/en\/wp-json\/wp\/v2\/product"}],"about":[{"href":"https:\/\/www.tada.si\/en\/wp-json\/wp\/v2\/types\/product"}],"replies":[{"embeddable":true,"href":"https:\/\/www.tada.si\/en\/wp-json\/wp\/v2\/comments?post=8580"}],"wp:featuredmedia":[{"embeddable":true,"href":"https:\/\/www.tada.si\/en\/wp-json\/wp\/v2\/media\/8534"}],"wp:attachment":[{"href":"https:\/\/www.tada.si\/en\/wp-json\/wp\/v2\/media?parent=8580"}],"wp:term":[{"taxonomy":"product_brand","embeddable":true,"href":"https:\/\/www.tada.si\/en\/wp-json\/wp\/v2\/product_brand?post=8580"},{"taxonomy":"product_cat","embeddable":true,"href":"https:\/\/www.tada.si\/en\/wp-json\/wp\/v2\/product_cat?post=8580"},{"taxonomy":"product_tag","embeddable":true,"href":"https:\/\/www.tada.si\/en\/wp-json\/wp\/v2\/product_tag?post=8580"}],"curies":[{"name":"wp","href":"https:\/\/api.w.org\/{rel}","templated":true}]}}