{"id":8581,"date":"2024-10-29T14:47:25","date_gmt":"2024-10-29T12:47:25","guid":{"rendered":"https:\/\/www.tada.si\/?post_type=product&#038;p=8581"},"modified":"2026-03-10T12:26:34","modified_gmt":"2026-03-10T10:26:34","slug":"reolink-rlc-1212a-p340","status":"publish","type":"product","link":"https:\/\/www.tada.si\/en\/trgovina\/alarmni-in-video-nadzor\/reolink\/brezzicne-kamere\/reolink-rlc-1212a-p340\/","title":{"rendered":"Reolink RLC-1212A P340"},"content":{"rendered":"<h3 data-start=\"796\" data-end=\"832\"><strong data-start=\"800\" data-end=\"832\">Ultra visoka 12MP lo\u010dljivost<\/strong><\/h3>\n<p data-start=\"833\" data-end=\"973\">Kristalno jasni posnetki omogo\u010dajo prepoznavo majhnih detajlov, registrskih tablic, obrazov in drobnih gibov \u2013 tako v \u017eivo kot na posnetkih.<\/p>\n<h3 data-start=\"975\" data-end=\"1004\"><strong data-start=\"979\" data-end=\"1004\">Napredna PoE povezava<\/strong><\/h3>\n<p data-start=\"1005\" data-end=\"1196\">Kamera uporablja <strong data-start=\"1022\" data-end=\"1046\">en sam omre\u017eni kabel<\/strong> za podatke in napajanje (PoE), kar pomeni enostavnej\u0161o namestitev in ve\u010djo stabilnost delovanja. Podpira tudi klasi\u010dno napajanje preko 12V adapterja.<\/p>\n<h3 data-start=\"1198\" data-end=\"1238\"><strong data-start=\"1202\" data-end=\"1238\">Odli\u010dna no\u010dna slika do 30 metrov<\/strong><\/h3>\n<p data-start=\"1239\" data-end=\"1401\">Vgrajeni <strong data-start=\"1248\" data-end=\"1266\">IR reflektorji<\/strong> omogo\u010dajo izjemno \u010dist no\u010dni vid do 30 m. Kamera pri \u0161ibki svetlobi ohranja visoko stopnjo detajlov, kar je klju\u010dno za varnost v temi.<\/p>\n<h3 data-start=\"1403\" data-end=\"1441\"><strong data-start=\"1407\" data-end=\"1441\">AI prepoznavanje oseb in vozil<\/strong><\/h3>\n<p data-start=\"1442\" data-end=\"1570\">Pametna analitika hitro in natan\u010dno lo\u010di med ljudmi, vozili in splo\u0161nim gibanjem. Manj la\u017enih alarmov, ve\u010d relevantnih obvestil.<\/p>\n<h3 data-start=\"1572\" data-end=\"1617\"><strong data-start=\"1576\" data-end=\"1617\">24\/7 snemanje ali snemanje ob zaznavi<\/strong><\/h3>\n<p data-start=\"1618\" data-end=\"1677\">Uporabnik lahko izbere popolnoma prilagojen na\u010din snemanja:<\/p>\n<ul data-start=\"1678\" data-end=\"1763\">\n<li data-start=\"1678\" data-end=\"1707\">\n<p data-start=\"1680\" data-end=\"1707\">24\/7 neprekinjeno snemanje,<\/p>\n<\/li>\n<li data-start=\"1708\" data-end=\"1732\">\n<p data-start=\"1710\" data-end=\"1732\">snemanje ob detekciji,<\/p>\n<\/li>\n<li data-start=\"1733\" data-end=\"1763\">\n<p data-start=\"1735\" data-end=\"1763\">\u010dasovno na\u010drtovano snemanje.<\/p>\n<\/li>\n<\/ul>\n<p data-start=\"1765\" data-end=\"1798\">Posnetki se lahko shranjujejo na:<\/p>\n<ul data-start=\"1799\" data-end=\"1896\">\n<li data-start=\"1799\" data-end=\"1855\">\n<p data-start=\"1801\" data-end=\"1855\">prilo\u017eeno <strong data-start=\"1811\" data-end=\"1835\">64GB microSD kartico<\/strong> (podpora do 256GB),<\/p>\n<\/li>\n<li data-start=\"1856\" data-end=\"1880\">\n<p data-start=\"1858\" data-end=\"1880\">Reolink NVR snemalnik,<\/p>\n<\/li>\n<li data-start=\"1881\" data-end=\"1896\">\n<p data-start=\"1883\" data-end=\"1896\">FTP stre\u017enik.<\/p>\n<\/li>\n<\/ul>\n<h3 data-start=\"1898\" data-end=\"1934\"><strong data-start=\"1902\" data-end=\"1934\">Dostop kjerkoli in kadarkoli<\/strong><\/h3>\n<p data-start=\"1935\" data-end=\"2103\">Prek brezpla\u010dne Reolink aplikacije (iOS\/Android) ali ra\u010dunalni\u0161kega odjemalca (Windows\/Mac) lahko spremljate sliko v \u017eivo, pregledujete posnetke in prejemate opozorila.<\/p>\n<h3 data-start=\"2105\" data-end=\"2149\"><strong data-start=\"2109\" data-end=\"2149\">Robustna zunanja konstrukcija (IP66)<\/strong><\/h3>\n<p data-start=\"2150\" data-end=\"2227\">Vodotesna, odporna na prah in primerna za uporabo v vseh vremenskih razmerah.<\/p>\n<h3 data-start=\"2229\" data-end=\"2253\"><strong data-start=\"2233\" data-end=\"2253\">Vgrajen mikrofon<\/strong><\/h3>\n<p data-start=\"2254\" data-end=\"2352\">Kakovosten mikrofon omogo\u010da snemanje zvoka ter bolj\u0161i vpogled v situacijo na nadzorovani lokaciji.<\/p>","protected":false},"excerpt":{"rendered":"<p>12 MP zunanja PoE kamera z IR reflektorjem, sposobnost prepoznavanja ljudi in vozil, IP66 vodotesna, ima vgrajeno re\u017eo za micro SD kartico do 256GB.<\/p>\n<p>Snemanje zvoka, detekcija gibanja, za zunanjo in notranjo uporabo, dostop do kamere preko mobilne ali namizne aplikacije (napajanje s pomo\u010djo stikala, Reolink snemalnika, 12v adapterja ali injektorja).<\/p>\n<p>V kompletu prilo\u017eena SD kartica 64 GB.<\/p>","protected":false},"featured_media":8559,"comment_status":"open","ping_status":"closed","template":"","meta":{"inline_featured_image":false},"product_brand":[],"product_cat":[72,209,191],"product_tag":[],"class_list":{"0":"post-8581","1":"product","2":"type-product","3":"status-publish","4":"has-post-thumbnail","6":"product_cat-alarmni-in-video-nadzor","7":"product_cat-brezzicne-kamere","8":"product_cat-reolink","10":"first","11":"instock","12":"taxable","13":"shipping-taxable","14":"purchasable","15":"product-type-simple","16":"czr-hentry"},"_links":{"self":[{"href":"https:\/\/www.tada.si\/en\/wp-json\/wp\/v2\/product\/8581","targetHints":{"allow":["GET"]}}],"collection":[{"href":"https:\/\/www.tada.si\/en\/wp-json\/wp\/v2\/product"}],"about":[{"href":"https:\/\/www.tada.si\/en\/wp-json\/wp\/v2\/types\/product"}],"replies":[{"embeddable":true,"href":"https:\/\/www.tada.si\/en\/wp-json\/wp\/v2\/comments?post=8581"}],"wp:featuredmedia":[{"embeddable":true,"href":"https:\/\/www.tada.si\/en\/wp-json\/wp\/v2\/media\/8559"}],"wp:attachment":[{"href":"https:\/\/www.tada.si\/en\/wp-json\/wp\/v2\/media?parent=8581"}],"wp:term":[{"taxonomy":"product_brand","embeddable":true,"href":"https:\/\/www.tada.si\/en\/wp-json\/wp\/v2\/product_brand?post=8581"},{"taxonomy":"product_cat","embeddable":true,"href":"https:\/\/www.tada.si\/en\/wp-json\/wp\/v2\/product_cat?post=8581"},{"taxonomy":"product_tag","embeddable":true,"href":"https:\/\/www.tada.si\/en\/wp-json\/wp\/v2\/product_tag?post=8581"}],"curies":[{"name":"wp","href":"https:\/\/api.w.org\/{rel}","templated":true}]}}