{"id":8585,"date":"2024-10-29T14:55:03","date_gmt":"2024-10-29T12:55:03","guid":{"rendered":"https:\/\/www.tada.si\/?post_type=product&#038;p=8585"},"modified":"2026-03-10T12:28:57","modified_gmt":"2026-03-10T10:28:57","slug":"reolink-rlc-510wa-w320","status":"publish","type":"product","link":"https:\/\/www.tada.si\/en\/trgovina\/alarmni-in-video-nadzor\/reolink\/brezzicne-kamere\/reolink-rlc-510wa-w320\/","title":{"rendered":"Reolink RLC-510WA W320"},"content":{"rendered":"<div class=\"container-grid\">\n<div class=\"row item-aligned\">\n<div class=\"col-sm-6\">\n<h2>Reolink W320 WiFi IP kamera, bela<\/h2>\n<p>Pona\u0161a se z izjemno <strong>5MP Super HD<\/strong>\u00a0lo\u010dljivostjo snemanja podnevi in pono\u010di, odpornostjo na vremenske vplive, vgrajenim\u00a0<strong>mikrofonom<\/strong>, med drugim pa ima tudi izjemne dodatne lastnosti:<\/p>\n<div><\/div>\n<ul>\n<li><strong>Zaznavanje gibanja \/ oseb \/ vozil<\/strong>\u00a0\u2013 u\u010dinkovito razlo\u010di ljudi, vozila in \u017eivali od drugih predmetov.<\/li>\n<li><strong>WiFi povezovanje<\/strong>\u00a0\u2013 dvopasovna povezava za hiter prenos, ni\u017ejo zakasnitev in ve\u010djo stabilnost delovanja.<\/li>\n<li><strong>No\u010dno snemanje<\/strong>\u00a0\u2013 oglejte si posnetke tudi pono\u010di, s\u00a0pomo\u010djo IR LED\u00a0lu\u010di.<\/li>\n<li><strong>\u0160irok snemalni kot<\/strong>\u00a0\u2013 80\u00b0 horizontalno in 42\u00b0 vertikalno.<\/li>\n<li><strong>Veliko prostora za shranjevanje<\/strong>\u00a0\u2013 microSD kartica do\u00a0256GB.<\/li>\n<li><strong>Brezpla\u010dna aplikacija<\/strong>\u00a0\u2013 ogled v\u00a0\u017eivo, predvajanje videoposnetkov, sirena in druge uporabne funkcije.<\/li>\n<\/ul>\n<\/div>\n<div class=\"col-sm-6\"><img decoding=\"async\" title=\" Reolink W320 WiFi IP kamera, bela\" src=\"https:\/\/www.mimovrste.com\/i\/129492515\/600\/500\" alt=\" Reolink W320 WiFi IP kamera, bela\" \/><\/div>\n<\/div>\n<\/div>\n<hr class=\"clear\" \/>\n<div class=\"container-grid\">\n<div class=\"row item-aligned\">\n<div class=\"col-sm-6\">\n<h2>Pametno zaznavanje!<\/h2>\n<p>&nbsp;<\/p>\n<p>S\u00a0<strong>tehnologijo za zaznavanje gibanja \/ oseb \/ vozil<\/strong>\u00a0W320 ponuja natan\u010dno obve\u0161\u010danje o\u00a0gibanju in tako mo\u010dno\u00a0<strong>zmanj\u0161a la\u017ene alarme<\/strong>\u00a0ob premikih nepomembnih predmetov.<\/p>\n<\/div>\n<div class=\"col-sm-6\"><img decoding=\"async\" title=\" Reolink W320 WiFi IP kamera, bela\" src=\"https:\/\/www.mimovrste.com\/i\/129492517\/600\/250\" alt=\" Reolink W320 WiFi IP kamera, bela\" \/><\/div>\n<\/div>\n<\/div>\n<hr class=\"clear\" \/>\n<div class=\"container-grid\">\n<div class=\"row item-aligned\">\n<div class=\"col-sm-6\">\n<h2>Snemanje \u010dez cel dan<\/h2>\n<p>&nbsp;<\/p>\n<p>Z\u00a0lo\u010dljivostjo\u00a0<strong>5MP Super HD<\/strong>\u00a0in IR LED lu\u010dmi kamera lahko snema posnetke podnevi in pono\u010di. Zagotavlja vam jasnej\u0161o vizualno kakovost in bolj gladko izku\u0161njo gledanja v\u00a0\u017eivo.<\/p>\n<\/div>\n<div class=\"col-sm-6\"><img decoding=\"async\" title=\" Reolink W320 WiFi IP kamera, bela\" src=\"https:\/\/www.mimovrste.com\/i\/129492514\/600\/250\" alt=\" Reolink W320 WiFi IP kamera, bela\" \/><\/div>\n<\/div>\n<\/div>\n<hr class=\"clear\" \/>\n<div class=\"container-grid\">\n<div class=\"row item-aligned\">\n<div class=\"col-sm-6\">\n<h2>Dvopasovni WiFi<\/h2>\n<p>&nbsp;<\/p>\n<p>Izkusite brezhiben\u00a0<strong>ogled v\u00a0\u017eivo<\/strong>, ki ga poganja\u00a0<strong>tehnologija WiFi<\/strong>. Z\u00a0izjemno hitrostjo povzdignite varnost va\u0161ega doma na novo raven. Super hiter prenos, nizka zakasnitev in bolj stabilna povezava!<\/p>\n<\/div>\n<div class=\"col-sm-6\"><img decoding=\"async\" title=\" Reolink W320 WiFi IP kamera, bela\" src=\"https:\/\/www.mimovrste.com\/i\/129492508\/600\/250\" alt=\" Reolink W320 WiFi IP kamera, bela\" \/><\/div>\n<\/div>\n<\/div>\n<hr class=\"clear\" \/>\n<div class=\"container-grid\">\n<div class=\"row item-aligned\">\n<div class=\"col-sm-6\">\n<h2>Brezpla\u010dna aplikacija in varnostna obvestila<\/h2>\n<p>&nbsp;<\/p>\n<p>Uporabnikom je na voljo\u00a0<strong>brezpla\u010dna aplikacija Reolink<\/strong>\u00a0za pametne naprave (Android in iOS), posnetke pa lahko vidite tudi preko brezpla\u010dnega odjemalca v\u00a0ra\u010dunalniku (Windows in Mac OS) ali preko spletnega brskalnika.<\/p>\n<p>V\u00a0primeru, da bo kamera\u00a0<strong>zaznala gibanje<\/strong>, boste na povezano napravo prejeli obvestilo preko aplikacije ali na va\u0161 e-mail naslov. Posnetke lahko shranjujete na\u00a0<strong>Reolink snemalno enoto, FTP stre\u017enik<\/strong>\u00a0ali na\u00a0<strong>microSD kartico<\/strong>\u00a0do velikosti 256GB (ni prilo\u017eena).<\/p>\n<\/div>\n<div class=\"col-sm-6\"><img decoding=\"async\" title=\" Reolink W320 WiFi IP kamera, bela\" src=\"https:\/\/www.mimovrste.com\/i\/129492516\/600\/500\" alt=\" Reolink W320 WiFi IP kamera, bela\" \/><\/div>\n<\/div>\n<\/div>\n<hr class=\"clear\" \/>\n<div class=\"container-grid\">\n<div class=\"row item-aligned\">\n<div class=\"col-sm-6\">\n<h2>Pametna obvestila<\/h2>\n<p>&nbsp;<\/p>\n<p><strong>Prejmite opozorilo<\/strong>, ko W320 zazna gibanje. Nastavljate lahko \u010das sprejemanja obvestil, dobivate pa jih lahko preko\u00a0<strong>aplikacije, e-po\u0161te, ali glasovnih opozoril<\/strong>.<\/p>\n<\/div>\n<div class=\"col-sm-6\"><img decoding=\"async\" title=\" Reolink W320 WiFi IP kamera, bela\" src=\"https:\/\/www.mimovrste.com\/i\/129492509\/600\/250\" alt=\" Reolink W320 WiFi IP kamera, bela\" \/><\/div>\n<\/div>\n<\/div>\n<hr class=\"clear\" \/>\n<div class=\"container-grid\">\n<div class=\"row item-aligned\">\n<div class=\"col-sm-6\">\n<h2>Vodoodporen dizajn<\/h2>\n<p>&nbsp;<\/p>\n<p>Kamera W320 je zasnovana za vsa okolja.\u00a0<strong>Robustno in trpe\u017eno ohi\u0161je<\/strong>\u00a0kamere lahko prenese mo\u010dno vro\u010dino, vlago ali mraz, ter se ne vda pod nobenim pogojem!<\/p>\n<\/div>\n<div class=\"col-sm-6\"><img decoding=\"async\" title=\" Reolink W320 WiFi IP kamera, bela\" src=\"https:\/\/www.mimovrste.com\/i\/129492507\/600\/250\" alt=\" Reolink W320 WiFi IP kamera, bela\" \/><\/div>\n<\/div>\n<\/div>\n<hr class=\"clear\" \/>\n<div class=\"container-grid\">\n<div class=\"row item-aligned\">\n<div class=\"col-sm-6\">\n<h2>Glasovno upravljanje<\/h2>\n<p>&nbsp;<\/p>\n<p>Upravljanje kamere je lahko popolnoma preprosto in prostoro\u010dno, saj podpira\u00a0<strong>Google Assistant<\/strong>, kmalu pa bo omogo\u010dena posodobitev tudi za zdru\u017eljivost z\u00a0<strong>Amazon Alexo<\/strong>.<\/p>\n<\/div>\n<div class=\"col-sm-6\"><img decoding=\"async\" title=\" Reolink W320 WiFi IP kamera, bela\" src=\"https:\/\/www.mimovrste.com\/i\/129492511\/600\/250\" alt=\" Reolink W320 WiFi IP kamera, bela\" \/><\/div>\n<\/div>\n<\/div>\n<hr class=\"clear\" \/>\n<div class=\"container-grid\">\n<div class=\"row item-aligned\">\n<div class=\"col-sm-6\">\n<h2>Dodatne prednosti Reolink W320<\/h2>\n<p>&nbsp;<\/p>\n<ul>\n<li><strong>Micro SD kartica do 256\u00a0GB<\/strong>\u00a0\u2013 ve\u010dja zmogljivost shranjevanja pomeni ve\u010d posnetkov.<\/li>\n<li><strong>FTP<\/strong>\u00a0\u2013 izberete lahko tudi shranjevanje datotek na FTP stre\u017enike.<\/li>\n<li><strong>Snemalna enota<\/strong>\u00a0\u2013 pove\u017eite jo z\u00a0zdru\u017eljivo Reolink NVR enoto za 24\/7 snemanje.<\/li>\n<li><strong>Obmo\u010dje gibanja<\/strong>\u00a0\u2013 dolo\u010dite posebna podro\u010dja, kjer ne \u017eelite, da se zaznava gibanje.<\/li>\n<li><strong>Oddaljen dostop kadarkoli<\/strong>\u00a0\u2013 ogled v\u00a0\u017eivo, predvajanje videoposnetkov, sirena in druge funkcije.<\/li>\n<li><strong>\u010casovni zamik (Time Lapse)<\/strong>\u00a0\u2013 oglejte si dan v\u00a0minuti in delite zabavo s\u00a0prijatelji.<\/li>\n<li><strong>Dvopasovni WiFi<\/strong>\u00a0\u2013 2.4GHz \/ 5GHz.<\/li>\n<\/ul>\n<\/div>\n<div class=\"col-sm-6\"><img decoding=\"async\" title=\" Reolink W320 WiFi IP kamera, bela\" src=\"https:\/\/www.mimovrste.com\/i\/129492512\/600\/500\" alt=\" Reolink W320 WiFi IP kamera, bela\" \/><\/div>\n<\/div>\n<\/div>","protected":false},"excerpt":{"rendered":"<p data-start=\"250\" data-end=\"633\">Reolink RLC-510WA (W320) je zmogljiva 5 MP zunanja Wi-Fi varnostna kamera, namenjena zanesljivemu video nadzoru doma\u010dih in poslovnih objektov. Podpira 2,4 GHz in 5 GHz Wi-Fi omre\u017eji, kar omogo\u010da stabilno in hitro brez\u017ei\u010dno povezavo. Kamera je opremljena s pametnimi funkcijami zaznavanja oseb in vozil, u\u010dinkovitim no\u010dnim vidom ter vgrajenim mikrofonom za snemanje zvoka.<\/p>\n<p data-start=\"635\" data-end=\"801\">Zaradi IP66 za\u0161\u010dite je primerna za uporabo v vseh vremenskih razmerah, do kamere pa lahko dostopate kadarkoli in kjerkoli preko mobilne ali namizne aplikacije.<\/p>","protected":false},"featured_media":8554,"comment_status":"open","ping_status":"closed","template":"","meta":{"inline_featured_image":false},"product_brand":[],"product_cat":[72,209,191],"product_tag":[],"class_list":{"0":"post-8585","1":"product","2":"type-product","3":"status-publish","4":"has-post-thumbnail","6":"product_cat-alarmni-in-video-nadzor","7":"product_cat-brezzicne-kamere","8":"product_cat-reolink","10":"first","11":"instock","12":"taxable","13":"shipping-taxable","14":"purchasable","15":"product-type-simple","16":"czr-hentry"},"_links":{"self":[{"href":"https:\/\/www.tada.si\/en\/wp-json\/wp\/v2\/product\/8585","targetHints":{"allow":["GET"]}}],"collection":[{"href":"https:\/\/www.tada.si\/en\/wp-json\/wp\/v2\/product"}],"about":[{"href":"https:\/\/www.tada.si\/en\/wp-json\/wp\/v2\/types\/product"}],"replies":[{"embeddable":true,"href":"https:\/\/www.tada.si\/en\/wp-json\/wp\/v2\/comments?post=8585"}],"wp:featuredmedia":[{"embeddable":true,"href":"https:\/\/www.tada.si\/en\/wp-json\/wp\/v2\/media\/8554"}],"wp:attachment":[{"href":"https:\/\/www.tada.si\/en\/wp-json\/wp\/v2\/media?parent=8585"}],"wp:term":[{"taxonomy":"product_brand","embeddable":true,"href":"https:\/\/www.tada.si\/en\/wp-json\/wp\/v2\/product_brand?post=8585"},{"taxonomy":"product_cat","embeddable":true,"href":"https:\/\/www.tada.si\/en\/wp-json\/wp\/v2\/product_cat?post=8585"},{"taxonomy":"product_tag","embeddable":true,"href":"https:\/\/www.tada.si\/en\/wp-json\/wp\/v2\/product_tag?post=8585"}],"curies":[{"name":"wp","href":"https:\/\/api.w.org\/{rel}","templated":true}]}}