{"id":8587,"date":"2024-10-29T14:58:04","date_gmt":"2024-10-29T12:58:04","guid":{"rendered":"https:\/\/www.tada.si\/?post_type=product&#038;p=8587"},"modified":"2026-03-10T12:25:43","modified_gmt":"2026-03-10T10:25:43","slug":"reolink-rlc-811wa-w430","status":"publish","type":"product","link":"https:\/\/www.tada.si\/en\/trgovina\/alarmni-in-video-nadzor\/reolink\/brezzicne-kamere\/reolink-rlc-811wa-w430\/","title":{"rendered":"Reolink RLC-811WA W430"},"content":{"rendered":"","protected":false},"excerpt":{"rendered":"<p>8 MP zunanja WiFi kamera z reflektorjem, mo\u017enost zaznavanja oseb in vozil, 5x opti\u010dni zoom, deluje na 2,4 in 5 GHz WiFi omre\u017eju in podpira standard WiFi 6, opremljena z u\u010dinkovitim no\u010dnim zaslonom, zaznavanjem gibanja, mikrofonom in zvo\u010dnikom za dvosmerno komunikacijo avdio in IP66 za\u0161\u010dita, podpira kartice MicroSD do 256GB, dostop do kamere kadarkoli in kjerkoli preko mobilne ali namizne aplikacije. Prilo\u017een 12V adapter in 4m napajalni kabel.<\/p>","protected":false},"featured_media":8557,"comment_status":"open","ping_status":"closed","template":"","meta":{"inline_featured_image":false},"product_brand":[],"product_cat":[72,209,191],"product_tag":[],"class_list":{"0":"post-8587","1":"product","2":"type-product","3":"status-publish","4":"has-post-thumbnail","6":"product_cat-alarmni-in-video-nadzor","7":"product_cat-brezzicne-kamere","8":"product_cat-reolink","10":"first","11":"instock","12":"taxable","13":"shipping-taxable","14":"purchasable","15":"product-type-simple","16":"czr-hentry"},"_links":{"self":[{"href":"https:\/\/www.tada.si\/en\/wp-json\/wp\/v2\/product\/8587","targetHints":{"allow":["GET"]}}],"collection":[{"href":"https:\/\/www.tada.si\/en\/wp-json\/wp\/v2\/product"}],"about":[{"href":"https:\/\/www.tada.si\/en\/wp-json\/wp\/v2\/types\/product"}],"replies":[{"embeddable":true,"href":"https:\/\/www.tada.si\/en\/wp-json\/wp\/v2\/comments?post=8587"}],"wp:featuredmedia":[{"embeddable":true,"href":"https:\/\/www.tada.si\/en\/wp-json\/wp\/v2\/media\/8557"}],"wp:attachment":[{"href":"https:\/\/www.tada.si\/en\/wp-json\/wp\/v2\/media?parent=8587"}],"wp:term":[{"taxonomy":"product_brand","embeddable":true,"href":"https:\/\/www.tada.si\/en\/wp-json\/wp\/v2\/product_brand?post=8587"},{"taxonomy":"product_cat","embeddable":true,"href":"https:\/\/www.tada.si\/en\/wp-json\/wp\/v2\/product_cat?post=8587"},{"taxonomy":"product_tag","embeddable":true,"href":"https:\/\/www.tada.si\/en\/wp-json\/wp\/v2\/product_tag?post=8587"}],"curies":[{"name":"wp","href":"https:\/\/api.w.org\/{rel}","templated":true}]}}