{"id":8589,"date":"2024-10-29T15:02:10","date_gmt":"2024-10-29T13:02:10","guid":{"rendered":"https:\/\/www.tada.si\/?post_type=product&#038;p=8589"},"modified":"2026-03-10T12:24:51","modified_gmt":"2026-03-10T10:24:51","slug":"reo-colorx-series-p320x","status":"publish","type":"product","link":"https:\/\/www.tada.si\/en\/trgovina\/alarmni-in-video-nadzor\/reolink\/brezzicne-kamere\/reo-colorx-series-p320x\/","title":{"rendered":"Reolink ColorX Series P320X"},"content":{"rendered":"<h3 data-start=\"680\" data-end=\"733\"><strong data-start=\"684\" data-end=\"733\">4MP Super HD in velika svetlobna ob\u010dutljivost<\/strong><\/h3>\n<p data-start=\"734\" data-end=\"905\">Senzor <strong data-start=\"741\" data-end=\"762\">4MP (2560 \u00d7 1440)<\/strong> in napredna optika omogo\u010data izjemno ostro sliko. Velika svetlobna ob\u010dutljivost poskrbi, da kamera zajame ve\u010d svetlobe kot obi\u010dajne IP kamere.<\/p>\n<h3 data-start=\"907\" data-end=\"938\"><strong data-start=\"911\" data-end=\"938\">ColorX barvni no\u010dni vid<\/strong><\/h3>\n<p data-start=\"939\" data-end=\"1092\">Vgrajena topla osvetlitev <strong data-start=\"965\" data-end=\"997\">(4 \u00d7 LED, 3W, 3000K, 400 lm)<\/strong> zagotavlja svetle in naravne barvne posnetke pono\u010di \u2013 brez ble\u0161\u010danja in prekomerne osvetlitve.<\/p>\n<h3 data-start=\"1094\" data-end=\"1147\"><strong data-start=\"1098\" data-end=\"1147\">Inteligentno zaznavanje oseb, vozil in \u017eivali<\/strong><\/h3>\n<p data-start=\"1148\" data-end=\"1263\">Vgrajena pametna AI analitika omogo\u010da natan\u010dno lo\u010devanje med ljudmi, vozili in \u017eivalmi, kar zmanj\u0161uje la\u017ene alarme.<\/p>\n<h3 data-start=\"1265\" data-end=\"1307\"><strong data-start=\"1269\" data-end=\"1307\">PoE napajanje za enostavno monta\u017eo<\/strong><\/h3>\n<p data-start=\"1308\" data-end=\"1465\">Podpira <strong data-start=\"1316\" data-end=\"1336\">PoE IEEE 802.3af<\/strong>, kar pomeni, da za napajanje in prenos slike uporablja en sam omre\u017eni kabel. Alternativno lahko deluje tudi na 12V DC napajanju.<\/p>\n<h3 data-start=\"1467\" data-end=\"1506\"><strong data-start=\"1471\" data-end=\"1506\">Robustna zunanja uporaba (IP67)<\/strong><\/h3>\n<p data-start=\"1507\" data-end=\"1625\">Vreme, prah, vlaga \u2013 kamera je zasnovana za dolgo \u017eivljenjsko dobo na prostem in brezhibno deluje ne glede na razmere.<\/p>\n<h3 data-start=\"1627\" data-end=\"1649\"><strong data-start=\"1631\" data-end=\"1649\">Dvosmerni zvok<\/strong><\/h3>\n<p data-start=\"1650\" data-end=\"1757\">Vgrajena sta mikrofon in zvo\u010dnik, kar omogo\u010da dvosmerno komunikacijo ter zvo\u010dno opozarjanje ne\u017eelenih oseb.<\/p>\n<h3 data-start=\"1759\" data-end=\"1794\"><strong data-start=\"1763\" data-end=\"1794\">Lokalno snemanje na microSD<\/strong><\/h3>\n<p data-start=\"1795\" data-end=\"1891\">Podpira <strong data-start=\"1803\" data-end=\"1831\">microSD kartice do 256GB<\/strong>, kar omogo\u010da lokalno arhiviranje posnetkov brez snemalnika.<\/p>","protected":false},"excerpt":{"rendered":"<p>4MP zunanja nadzorna kamera PoE, napredna tehnologija ColorX za no\u010dno barvno snemanje, ki omogo\u010da jasne in podrobne slike tudi pri zelo \u0161ibki svetlobi.<\/p>\n<p>Z veliko zaslonko F1.0, ki zajame \u0161tirikrat ve\u010d svetlobe kot standardna zaslonka 2.0, mo\u017enost prepoznavanja ljudi, vozil in \u017eivali, IP66 vodotesen, ima vgrajeno re\u017eo za mikro SD kartico, snemanje zvoka, zaznavanje gibanja, FOV 89\u00b0, za zunanjo in notranjo uporabo, dostop do kamere preko mobilne ali namizne aplikacije.<\/p>\n<p>Prihaja brez napajalnika (poe stikalo za napajanje, injektor, snemalnik Reolink ali 12V adapter)<\/p>","protected":false},"featured_media":8541,"comment_status":"open","ping_status":"closed","template":"","meta":{"inline_featured_image":false},"product_brand":[],"product_cat":[72,209,191],"product_tag":[],"class_list":{"0":"post-8589","1":"product","2":"type-product","3":"status-publish","4":"has-post-thumbnail","6":"product_cat-alarmni-in-video-nadzor","7":"product_cat-brezzicne-kamere","8":"product_cat-reolink","10":"first","11":"instock","12":"taxable","13":"shipping-taxable","14":"purchasable","15":"product-type-simple","16":"czr-hentry"},"_links":{"self":[{"href":"https:\/\/www.tada.si\/en\/wp-json\/wp\/v2\/product\/8589","targetHints":{"allow":["GET"]}}],"collection":[{"href":"https:\/\/www.tada.si\/en\/wp-json\/wp\/v2\/product"}],"about":[{"href":"https:\/\/www.tada.si\/en\/wp-json\/wp\/v2\/types\/product"}],"replies":[{"embeddable":true,"href":"https:\/\/www.tada.si\/en\/wp-json\/wp\/v2\/comments?post=8589"}],"wp:featuredmedia":[{"embeddable":true,"href":"https:\/\/www.tada.si\/en\/wp-json\/wp\/v2\/media\/8541"}],"wp:attachment":[{"href":"https:\/\/www.tada.si\/en\/wp-json\/wp\/v2\/media?parent=8589"}],"wp:term":[{"taxonomy":"product_brand","embeddable":true,"href":"https:\/\/www.tada.si\/en\/wp-json\/wp\/v2\/product_brand?post=8589"},{"taxonomy":"product_cat","embeddable":true,"href":"https:\/\/www.tada.si\/en\/wp-json\/wp\/v2\/product_cat?post=8589"},{"taxonomy":"product_tag","embeddable":true,"href":"https:\/\/www.tada.si\/en\/wp-json\/wp\/v2\/product_tag?post=8589"}],"curies":[{"name":"wp","href":"https:\/\/api.w.org\/{rel}","templated":true}]}}