{"id":8591,"date":"2024-10-29T15:07:31","date_gmt":"2024-10-29T13:07:31","guid":{"rendered":"https:\/\/www.tada.si\/?post_type=product&#038;p=8591"},"modified":"2026-04-13T14:14:46","modified_gmt":"2026-04-13T12:14:46","slug":"reo-argus-eco-pro-b340","status":"publish","type":"product","link":"https:\/\/www.tada.si\/en\/trgovina\/alarmni-in-video-nadzor\/reolink\/brezzicne-kamere\/reo-argus-eco-pro-b340\/","title":{"rendered":"Reolink Argus B340"},"content":{"rendered":"<div class=\"container-grid\">\n<div class=\"row item-aligned\">\n<div class=\"col-sm-6\">\n<h3><a href=\"https:\/\/reolink.com\/product\/argus-eco-pro\/?srsltid=AfmBOopVXo0tAiwgJKfHNilyOzJM0smj8C26HWS0wcLApq7lNz7UaVF5\" target=\"_blank\" rel=\"noopener\">Reolink Argus B340<\/a><\/h3>\n<p>Pametna 3MP Super HD WiFi IP kamera\u00a0<strong>Argus B340 <\/strong>\u00a0z\u00a0izjemno\u00a0<strong>2K 5MP Super HD<\/strong>\u00a0lo\u010dljivostjo snemanja podnevi in pono\u010di, odpornostjo na vremenske vplive, vgrajenim\u00a0<strong>mikrofonom in zvo\u010dnikom<\/strong>, med drugim pa ima tudi izjemne dodatne lastnosti:<\/p>\n<ul>\n<li><strong>Zaznavanje PIR \/ gibanja \/ oseb \/ vozil<\/strong>\u00a0\u2013 u\u010dinkovito razlo\u010di ljudi in vozila od drugih predmetov.<\/li>\n<li><strong>Dvopasovni WiFi<\/strong>\u00a0\u2013 2,4 \/ 5GHz WiFi za preprosto in prilagodljivo brez\u017ei\u010dno delovanje.<\/li>\n<li><strong>Baterijsko \/ solarno napajanje<\/strong>\u00a0\u2013 vgrajena polnilna baterija in mo\u017enost napajanja s\u00a0solarnim panelom.<\/li>\n<li><strong>Kot snemanja<\/strong>\u00a0\u2013 105\u00b0 horizontalno, 55\u00b0 vertikalno, 125\u00b0 diagonalno.<\/li>\n<li><strong>Brezpla\u010dna aplikacija<\/strong>\u00a0\u2013 ogled v\u00a0\u017eivo, predvajanje videoposnetkov, sirena in druge uporabne funkcije.<\/li>\n<\/ul>\n<div class=\"col-sm-4\">\n<div><\/div>\n<\/div>\n<div class=\"col-sm-4\">\n<div>\n<p><img loading=\"lazy\" decoding=\"async\" class=\"\" title=\"Pametna 3MP Super HD WiFi IP kamera\" src=\"https:\/\/www.mimovrste.com\/i\/123699040\/800\/500\" alt=\"Pametna 3MP Super HD WiFi IP kamera\" width=\"450\" height=\"337\" \/><\/p>\n<\/div>\n<\/div>\n<\/div>\n<\/div>\n<div>\n<hr class=\"clear\" \/>\n<div class=\"container-grid\">\n<div class=\"row item-aligned\">\n<div class=\"col-sm-6\">\n<h2>Brezpla\u010dna aplikacija in varnostna obvestila<\/h2>\n<p>Uporabnikom je na voljo\u00a0<strong>brezpla\u010dna aplikacija Reolink<\/strong>\u00a0za pametne naprave (Android in iOS), posnetke pa lahko vidite tudi preko brezpla\u010dnega odjemalca v\u00a0ra\u010dunalniku (Windows in Mac OS) ali preko spletnega brskalnika.<\/p>\n<p>V\u00a0primeru, da bo kamera\u00a0<strong>zaznala gibanje<\/strong>, boste na povezano napravo takoj dobili\u00a0<strong>obvestilo preko aplikacije ali neposredno na va\u0161 e-mail naslov<\/strong>. Posnetke, ki jih spro\u017ei gibanje, lahko nalo\u017eite v\u00a0oblak, na\u00a0<strong>microSD kartico do 128\u00a0GB<\/strong>\u00a0(ni prilo\u017eena) ali pa kamero pove\u017eete z\u00a0<strong>Reolink Cloud storitvijo<\/strong>.<\/p>\n<p>\u0160ifrirana storitev v\u00a0oblaku zagotavlja\u00a0<strong>varnostno kopiranje posnetkov<\/strong> in vam omogo\u010da dostop do zgodovine posnetkov in njihovo predvajanje kjerkoli in kadarkoli.<\/p>\n<\/div>\n<div class=\"col-sm-6\"><img loading=\"lazy\" decoding=\"async\" class=\"alignnone\" title=\"Brezpla\u010dna aplikacija in varnostna obvestila\" src=\"https:\/\/www.mimovrste.com\/i\/123699044\/800\/500\" alt=\"Brezpla\u010dna aplikacija in varnostna obvestila\" width=\"508\" height=\"381\" \/><\/div>\n<\/div>\n<\/div>\n<\/div>\n<\/div>\n<div class=\"container-grid\">\n<div class=\"row\">\n<div class=\"col-sm-4\">\n<div><\/div>\n<div><\/div>\n<\/div>\n<\/div>\n<\/div>\n<div class=\"container-grid\">\n<div class=\"row\">\n<div class=\"col-sm-4\">\n<div>\n<figure style=\"width: 405px\" class=\"wp-caption alignleft\"><img loading=\"lazy\" decoding=\"async\" class=\"\" title=\"Pametna obvestila\" src=\"https:\/\/i.cdn.nrholding.net\/123699042\/600\/600\" alt=\"\" width=\"405\" height=\"270\" \/><figcaption class=\"wp-caption-text\">Pametna obvestila: Prejmite opozorilo, ko Argus B340 zazna gibanje. Nastavljate lahko \u010das in urnik sprejemanja obvestil, dobivate pa jih lahko preko aplikacije, e-po\u0161te, ali glasovnih opozoril.<\/figcaption><\/figure>\n<\/div>\n<div>\n<figure style=\"width: 405px\" class=\"wp-caption alignleft\"><img loading=\"lazy\" decoding=\"async\" class=\"\" title=\"IP66 vodoodpornost\" src=\"https:\/\/i.cdn.nrholding.net\/123699035\/600\/600\" alt=\"IP66 vodoodpornost\" width=\"405\" height=\"270\" \/><figcaption class=\"wp-caption-text\">IP66 vodoodpornost: Kamera Argus B320 je zasnovana za vsa okolja. Robustno in trpe\u017eno ohi\u0161je kamere lahko prenese mo\u010dno vro\u010dino, vlago ali mraz in se ne vda pod nobenim pogojem!<\/figcaption><\/figure>\n<\/div>\n<\/div>\n<div class=\"col-sm-4\">\n<div>\n<figure style=\"width: 405px\" class=\"wp-caption alignleft\"><img loading=\"lazy\" decoding=\"async\" class=\"\" title=\"Shranjevanje\" src=\"https:\/\/i.cdn.nrholding.net\/123699034\/600\/600\" alt=\"Shranjevanje\" width=\"405\" height=\"270\" \/><figcaption class=\"wp-caption-text\">Shranjevanje: Kamera podpira ve\u010d na\u010dinov shranjevanja posnetkov ob zaznavanju gibanja. Datoteke lahko shranite na microSD kartico do velikosti 128 GB ali v stre\u017enik Reolink Cloud.<\/figcaption><\/figure>\n<\/div>\n<\/div>\n<p>&nbsp;<\/p>\n<\/div>\n<\/div>\n<p>&nbsp;<\/p>\n<p>&nbsp;<\/p>\n<p>&nbsp;<\/p>\n<p>&nbsp;<\/p>\n<p>&nbsp;<\/p>\n<p>&nbsp;<\/p>\n<p>&nbsp;<\/p>\n<p>&nbsp;<\/p>\n<p>&nbsp;<\/p>\n<div class=\"col-sm-6\">\n<h3><img loading=\"lazy\" decoding=\"async\" class=\"alignright\" title=\"Dodatne prednosti Reolink Argus B340\" src=\"https:\/\/www.mimovrste.com\/i\/123699038\/800\/500\" alt=\"Dodatne prednosti Reolink Argus B340\" width=\"468\" height=\"351\" \/>Dodatne prednosti Reolink Argus B340<\/h3>\n<ul>\n<li><strong>Napredno zaznavanje<\/strong>\u00a0\u2013 kamera ne zaznava le ljudi in vozil, temve\u010d tudi \u017eivali kot so npr. ma\u010dke in\u00a0psi.<\/li>\n<li><strong>Micro SD kartica do 128\u00a0GB<\/strong>\u00a0\u2013 ve\u010dja zmogljivost shranjevanja pomeni ve\u010d posnetkov (ni prilo\u017eena).<\/li>\n<li><strong>Sirena<\/strong>\u00a0\u2013 glasna opozorilna sirena, ki prestra\u0161i vsiljivce.<\/li>\n<li><strong>Obmo\u010dje gibanja<\/strong>\u00a0\u2013 dolo\u010dite posebna podro\u010dja, kjer ne \u017eelite, da se zaznava gibanje.<\/li>\n<li><strong>Oddaljen dostop kadarkoli<\/strong>\u00a0\u2013 ogled v\u00a0\u017eivo, predvajanje videoposnetkov in druge funkcije.<\/li>\n<li><strong>\u010casovni zamik (Time Lapse)<\/strong> \u2013 oglejte si dan v\u00a0minuti in delite zabavo s\u00a0prijatelji.<\/li>\n<\/ul>\n<\/div>","protected":false},"excerpt":{"rendered":"<p><strong data-start=\"285\" data-end=\"317\">Reolink Argus Eco Pro (B340)<\/strong> je napredna zunanja nadzorna kamera s 5MP Super HD lo\u010dljivostjo, ki deluje popolnoma brez kablov. Zaradi vgrajene polnilne baterije in mo\u017enosti priklopa na <strong data-start=\"474\" data-end=\"497\">Reolink Solar Panel<\/strong> ponuja neprekinjeno, energetsko u\u010dinkovito delovanje. Kamera je zasnovana za zunanje in notranje prostore, odporna pa je na vse vremenske razmere po standardu <strong data-start=\"657\" data-end=\"665\">IP66<\/strong>.<\/p>\n<p>Oglejte si \u0161e\u00a0<a href=\"https:\/\/www.tada.si\/en\/product-category\/video-nadzor\/reolink\/\">ostalo Reolink ponudbo na na\u0161i spletni strani.<\/a><\/p>","protected":false},"featured_media":8536,"comment_status":"open","ping_status":"closed","template":"","meta":{"inline_featured_image":false},"product_brand":[],"product_cat":[72,209,191],"product_tag":[],"class_list":{"0":"post-8591","1":"product","2":"type-product","3":"status-publish","4":"has-post-thumbnail","6":"product_cat-alarmni-in-video-nadzor","7":"product_cat-brezzicne-kamere","8":"product_cat-reolink","10":"first","11":"instock","12":"taxable","13":"shipping-taxable","14":"purchasable","15":"product-type-simple","16":"czr-hentry"},"_links":{"self":[{"href":"https:\/\/www.tada.si\/en\/wp-json\/wp\/v2\/product\/8591","targetHints":{"allow":["GET"]}}],"collection":[{"href":"https:\/\/www.tada.si\/en\/wp-json\/wp\/v2\/product"}],"about":[{"href":"https:\/\/www.tada.si\/en\/wp-json\/wp\/v2\/types\/product"}],"replies":[{"embeddable":true,"href":"https:\/\/www.tada.si\/en\/wp-json\/wp\/v2\/comments?post=8591"}],"wp:featuredmedia":[{"embeddable":true,"href":"https:\/\/www.tada.si\/en\/wp-json\/wp\/v2\/media\/8536"}],"wp:attachment":[{"href":"https:\/\/www.tada.si\/en\/wp-json\/wp\/v2\/media?parent=8591"}],"wp:term":[{"taxonomy":"product_brand","embeddable":true,"href":"https:\/\/www.tada.si\/en\/wp-json\/wp\/v2\/product_brand?post=8591"},{"taxonomy":"product_cat","embeddable":true,"href":"https:\/\/www.tada.si\/en\/wp-json\/wp\/v2\/product_cat?post=8591"},{"taxonomy":"product_tag","embeddable":true,"href":"https:\/\/www.tada.si\/en\/wp-json\/wp\/v2\/product_tag?post=8591"}],"curies":[{"name":"wp","href":"https:\/\/api.w.org\/{rel}","templated":true}]}}