{"id":8592,"date":"2024-10-29T15:09:18","date_gmt":"2024-10-29T13:09:18","guid":{"rendered":"https:\/\/www.tada.si\/?post_type=product&#038;p=8592"},"modified":"2026-04-13T13:05:41","modified_gmt":"2026-04-13T11:05:41","slug":"reolink-argus-pt-lite-b420","status":"publish","type":"product","link":"https:\/\/www.tada.si\/en\/trgovina\/alarmni-in-video-nadzor\/reolink\/brezzicne-kamere\/reolink-argus-pt-lite-b420\/","title":{"rendered":"Reolink Argus PT Lite B420"},"content":{"rendered":"<h3 data-start=\"570\" data-end=\"725\"><a href=\"https:\/\/reolink.com\/product\/argus-series-b420\/\" target=\"_blank\" rel=\"noopener\">Reolink Argus PT Lite B420<\/a><\/h3>\n<div class=\"container-grid\">\n<div class=\"row item-aligned\">\n<div class=\"col-sm-6\">\n<h2>Pametna 3MP Super HD brez\u017ei\u010dna WiFi kamera<\/h2>\n<p><strong>Argus B420<\/strong>\u00a0je najnovej\u0161a pametna brez\u017ei\u010dna WiFi IP kamera v\u00a0dru\u017eini Reolink! Pona\u0161a se z\u00a0izjemno\u00a0<strong>3MP Super HD<\/strong>\u00a0lo\u010dljivostjo snemanja podnevi in pono\u010di, odpornostjo na vremenske vplive, vgrajenim\u00a0<strong>mikrofonom in zvo\u010dnikom<\/strong>, med drugim pa ima tudi izjemne dodatne lastnosti:<\/p>\n<ul>\n<li><strong>Zaznavanje gibanja \/ oseb \/ vozil<\/strong>\u00a0\u2013 u\u010dinkovito razlo\u010di ljudi in vozila od drugih predmetov.<\/li>\n<li><strong>WiFi povezovanje<\/strong>\u00a0\u2013 2,4\u00a0GHz WiFi za preprosto in prilagodljivo brez\u017ei\u010dno delovanje.<\/li>\n<li><strong>Baterijsko \/ solarno napajanje<\/strong>\u00a0\u2013 vgrajena polnilna baterija in mo\u017enost napajanja s\u00a0solarnim panelom.<\/li>\n<li><strong>Premikanje in nagibanje<\/strong>\u00a0\u2013 355\u00b0 horizontalno in 140\u00b0 vertikalno pomikanje kamere.<\/li>\n<li><strong>Brezpla\u010dna aplikacija<\/strong>\u00a0\u2013 ogled v\u00a0\u017eivo, predvajanje videoposnetkov, sirena in druge uporabne funkcije.<\/li>\n<\/ul>\n<\/div>\n<div class=\"col-sm-6\"><img decoding=\"async\" title=\"Pametna 3MP Super HD brez\u017ei\u010dna WiFi kamera\" src=\"https:\/\/www.mimovrste.com\/i\/118980334\/600\/300\" alt=\"Pametna 3MP Super HD brez\u017ei\u010dna WiFi kamera\" \/><\/div>\n<\/div>\n<\/div>\n<hr class=\"clear\" \/>\n<div class=\"container-grid\">\n<div class=\"row\">\n<div class=\"col-sm-4\">\n<div>\n<p>&nbsp;<\/p>\n<h2>Pametno zaznavanje<\/h2>\n<\/div>\n<div>\n<p>S\u00a0<strong>tehnologijo za zaznavanje gibanja \/ oseb \/ vozil<\/strong>\u00a0Argus B420 ponuja natan\u010dno obve\u0161\u010danje o\u00a0gibanju in tako mo\u010dno\u00a0<strong>zmanj\u0161a la\u017ene alarme<\/strong>\u00a0ob premikih nepomembnih predmetov.<\/p>\n<\/div>\n<p><center><img loading=\"lazy\" decoding=\"async\" class=\"\" title=\"Pametno zaznavanje\" src=\"https:\/\/www.mall.cz\/i\/118980341\/\" alt=\"Pametno zaznavanje\" width=\"675\" height=\"450\" \/><\/center><\/div>\n<div class=\"col-sm-4\">\n<div>\n<p>&nbsp;<\/p>\n<h2>Premikanje in nagibanje<\/h2>\n<\/div>\n<div>\n<p>Ta pametna kamera vam omogo\u010da, da vidite svet iz\u00a0<strong>vseh zornih kotov<\/strong>, saj jo lahko premikate v\u00a0krogu\u00a0<strong>355\u00b0<\/strong>\u00a0in nagibate do\u00a0<strong>140\u00b0<\/strong>. Pokrijte celotno sobo, prostor, vhod ali obmo\u010dje z\u00a0eno samo kamero!<\/p>\n<\/div>\n<p><center><img loading=\"lazy\" decoding=\"async\" class=\"\" title=\"Premikanje in nagibanje\" src=\"https:\/\/www.mall.cz\/i\/118980338\/\" alt=\"Premikanje in nagibanje\" width=\"675\" height=\"450\" \/><\/center><\/div>\n<div class=\"col-sm-4\">\n<div>\n<p>&nbsp;<\/p>\n<h2>Dvosmerna komunikacija<\/h2>\n<\/div>\n<div>\n<p><strong>Vgrajen mikrofon in zvo\u010dnik<\/strong>\u00a0omogo\u010data, da poslu\u0161ate in se pogovarjate s\u00a0tistim, ki ga kamera ujame, v\u00a0realnem \u010dasu! Uporabna funkcija, ko vas ni doma, ali ne veste, kdo stoji pred\u00a0vrati.<\/p>\n<\/div>\n<p><center><img loading=\"lazy\" decoding=\"async\" class=\"\" title=\"Dvosmerna komunikacija\" src=\"https:\/\/www.mall.cz\/i\/118980336\/\" alt=\"Dvosmerna komunikacija\" width=\"675\" height=\"450\" \/><\/center><\/div>\n<\/div>\n<\/div>\n<hr class=\"clear\" \/>\n<div class=\"container-grid\">\n<div class=\"row\">\n<div class=\"col-sm-4\">\n<div>\n<p>&nbsp;<\/p>\n<h2>Polnilna baterija<\/h2>\n<\/div>\n<div>\n<p>Argus B420 je opremljena s\u00a0kakovostno\u00a0<strong>polnilno baterijo s\u00a0kapaciteto 17.2Wh<\/strong>. Tako lahko deluje popolnoma brez\u017ei\u010dno kjerkoli jo boste namestili.<\/p>\n<\/div>\n<p><center><img loading=\"lazy\" decoding=\"async\" class=\"\" title=\"Polnilna baterija\" src=\"https:\/\/www.mall.cz\/i\/118980331\/\" alt=\"Polnilna baterija\" width=\"675\" height=\"450\" \/><\/center><\/div>\n<div class=\"col-sm-4\">\n<div>\n<p>&nbsp;<\/p>\n<h2>WiFi povezovanje<\/h2>\n<\/div>\n<div>\n<p>Z\u00a0mo\u017enostjo povezovanja preko\u00a0<strong>2,4\u00a0GHz WiFi povezave<\/strong>\u00a0ta IP kamera zagotavlja odli\u010dno zmogljivost, delovanje brez prekinjanja in izjemen\u00a0doseg.<\/p>\n<\/div>\n<p><center><img loading=\"lazy\" decoding=\"async\" class=\"\" title=\"WiFi povezovanje\" src=\"https:\/\/www.mall.cz\/i\/118980332\/\" alt=\"WiFi povezovanje\" width=\"675\" height=\"450\" \/><\/center><\/div>\n<div class=\"col-sm-4\">\n<div>\n<p>&nbsp;<\/p>\n<h2>Solarno polnjenje<\/h2>\n<\/div>\n<div>\n<p>Naj sonce deluje za vas z\u00a0<strong>Reolink solarnim panelom<\/strong>\u00a0(ni prilo\u017een). Pove\u017eite solarni panel in kamere vam nikoli ve\u010d ne bo treba napolniti.<\/p>\n<\/div>\n<p><center><img loading=\"lazy\" decoding=\"async\" class=\"\" title=\"Solarno polnjenje\" src=\"https:\/\/www.mall.cz\/i\/118980339\/\" alt=\"Solarno polnjenje\" width=\"676\" height=\"450\" \/><\/center><\/div>\n<\/div>\n<\/div>\n<hr class=\"clear\" \/>\n<div class=\"container-grid\">\n<div class=\"row item-aligned\">\n<div class=\"col-sm-6\">\n<h2>Brezpla\u010dna aplikacija in varnostna obvestila<\/h2>\n<p>Uporabnikom je na voljo\u00a0<strong>brezpla\u010dna aplikacija Reolink<\/strong>\u00a0za pametne naprave (Android in iOS), posnetke pa lahko vidite tudi preko brezpla\u010dnega odjemalca v\u00a0ra\u010dunalniku (Windows in Mac OS) ali preko spletnega brskalnika.<\/p>\n<p>V\u00a0primeru, da bo kamera\u00a0<strong>zaznala gibanje<\/strong>, boste na povezano napravo takoj dobili obvestilo preko aplikacije ali neposredno na va\u0161 e-mail naslov. Posnetke, ki jih spro\u017ei gibanje, lahko nalo\u017eite v\u00a0oblak, na\u00a0<strong>microSD kartico do 128\u00a0GB<\/strong>\u00a0(ni prilo\u017eena) ali pa kamero pove\u017eete z\u00a0<strong>Reolink Cloud storitvijo<\/strong>.<\/p>\n<p>\u0160ifrirana\u00a0<strong>storitev v\u00a0oblaku<\/strong>\u00a0zagotavlja varnostno kopiranje posnetkov in vam omogo\u010da dostop do zgodovine posnetkov in njihovo predvajanje kjerkoli in kadarkoli.<\/p>\n<\/div>\n<div class=\"col-sm-6\"><img decoding=\"async\" title=\"Brezpla\u010dna aplikacija in varnostna obvestila\" src=\"https:\/\/www.mimovrste.com\/i\/118980342\/600\/300\" alt=\"Brezpla\u010dna aplikacija in varnostna obvestila\" \/><\/div>\n<\/div>\n<\/div>\n<hr class=\"clear\" \/>\n<div class=\"container-grid\">\n<div class=\"row\">\n<div class=\"col-sm-4\">\n<div>\n<p>&nbsp;<\/p>\n<\/div>\n<div>\n<p>&nbsp;<\/p>\n<\/div>\n<p>&nbsp;<\/p>\n<figure style=\"width: 525px\" class=\"wp-caption alignleft\"><img loading=\"lazy\" decoding=\"async\" title=\"Pametna obvestila\" src=\"https:\/\/www.mall.cz\/i\/118980335\/\" alt=\"Pametna obvestila\" width=\"525\" height=\"350\" \/><figcaption class=\"wp-caption-text\">Pametna obvestila: Prejmite opozorilo, ko Argus B420 zazna kakr\u0161nokoli gibanje. Nastavljate lahko \u010das in urnik sprejemanja obvestil, dobivate pa jih lahko preko aplikacije, e-po\u0161te ali drugih opozoril.<\/figcaption><\/figure>\n<p><img loading=\"lazy\" decoding=\"async\" class=\"alignleft\" title=\"IP64 vodoodpornost\" src=\"https:\/\/www.mall.cz\/i\/118980340\/\" alt=\"IP64 vodoodpornost\" width=\"525\" height=\"350\" \/><\/p>\n<\/div>\n<div class=\"col-sm-4\">\n<p>IP64 vodoodpornost: Kamera Argus B420 je zasnovana za vsa okolja.\u00a0Robustno in trpe\u017eno ohi\u0161je\u00a0kamere lahko prenese mo\u010dno vro\u010dino, vlago ali mraz, ter se ne vda pod nobenim pogojem!<\/p>\n<\/div>\n<div class=\"col-sm-4\">\n<div>\n<p>&nbsp;<\/p>\n<h2><\/h2>\n<h2><\/h2>\n<h2><\/h2>\n<h2><\/h2>\n<h2><\/h2>\n<h2><\/h2>\n<h2><\/h2>\n<h2><\/h2>\n<\/div>\n<figure style=\"width: 525px\" class=\"wp-caption alignleft\"><img loading=\"lazy\" decoding=\"async\" title=\"Shranjevanje\" src=\"https:\/\/www.mall.cz\/i\/118980333\/\" alt=\"Shranjevanje\" width=\"525\" height=\"350\" \/><figcaption class=\"wp-caption-text\">Shranjevanje: Kamera podpira ve\u010d na\u010dinov shranjevanja posnetkov ob zaznavanju gibanja. Datoteke lahko shranite na\u00a0microSD kartico\u00a0do velikosti 128\u00a0GB ali v\u00a0stre\u017enik\u00a0Reolink Cloud.<\/figcaption><\/figure>\n<p>&nbsp;<\/p>\n<\/div>\n<\/div>\n<\/div>\n<hr class=\"clear\" \/>\n<div class=\"container-grid\">\n<div class=\"row item-aligned\">\n<div class=\"col-sm-6\">\n<h2>\u00a0 Dodatne prednosti Argus B420<\/h2>\n<p>&nbsp;<\/p>\n<ul>\n<li><strong>\u00a0Napredno zaznavanje<\/strong>\u00a0\u2013 kamera zaznava ljudi, vozila in gibanje.<\/li>\n<li><strong>MicroSD kartica do 128\u00a0GB<\/strong>\u00a0\u2013 ve\u010dja zmogljivost shranjevanja pomeni ve\u010d posnetkov.<\/li>\n<li><strong>Pametno opozorilo<\/strong>\u00a0\u2013 ko je zaznano gibanje, prejmete obvestilo.<\/li>\n<li>Obmo\u010dje gibanja\u00a0\u2013 dolo\u010dite posebna podro\u010dja, kjer ne \u017eelite, da se zaznava gibanje.<\/li>\n<li>Oddaljen dostop kadarkoli\u00a0\u2013 ogled v\u00a0\u017eivo, predvajanje videoposnetkov in druge funkcije.<\/li>\n<li>\u010casovni zamik (Time Lapse)\u00a0\u2013 oglejte si dan v\u00a0minuti in delite zabavo s\u00a0prijatelji.<\/li>\n<\/ul>\n<\/div>\n<\/div>\n<\/div>","protected":false},"excerpt":{"rendered":"<p>3MP zunanja brez\u017ei\u010dna vrtljiva PTZ kamera, omogo\u010da prepoznavanje oseb in vozil, kot snemanja 110\u00b0, dvosmerna avdio komunikacija, deluje na 2,4 GHz WiFi omre\u017eju, vgrajena sirena, detekcija gibanja.<\/p>\n<p>Odporna na vremenske vplive.<\/p>\n<p>Ima prostor za SD kartico in podpira do 128GB kartice.<\/p>\n<p>Mo\u017enost napajanja preko dodatnega solarnega panela.<\/p>\n<p>Oglejte si \u0161e\u00a0<a href=\"https:\/\/www.tada.si\/en\/product-category\/alarmni-in-video-nadzor\/reolink\/\">ostalo Reolink ponudbo na na\u0161i spletni strani.<\/a><\/p>","protected":false},"featured_media":8538,"comment_status":"open","ping_status":"closed","template":"","meta":{"inline_featured_image":false},"product_brand":[],"product_cat":[72,209,191],"product_tag":[],"class_list":{"0":"post-8592","1":"product","2":"type-product","3":"status-publish","4":"has-post-thumbnail","6":"product_cat-alarmni-in-video-nadzor","7":"product_cat-brezzicne-kamere","8":"product_cat-reolink","10":"first","11":"instock","12":"taxable","13":"shipping-taxable","14":"purchasable","15":"product-type-simple","16":"czr-hentry"},"_links":{"self":[{"href":"https:\/\/www.tada.si\/en\/wp-json\/wp\/v2\/product\/8592","targetHints":{"allow":["GET"]}}],"collection":[{"href":"https:\/\/www.tada.si\/en\/wp-json\/wp\/v2\/product"}],"about":[{"href":"https:\/\/www.tada.si\/en\/wp-json\/wp\/v2\/types\/product"}],"replies":[{"embeddable":true,"href":"https:\/\/www.tada.si\/en\/wp-json\/wp\/v2\/comments?post=8592"}],"wp:featuredmedia":[{"embeddable":true,"href":"https:\/\/www.tada.si\/en\/wp-json\/wp\/v2\/media\/8538"}],"wp:attachment":[{"href":"https:\/\/www.tada.si\/en\/wp-json\/wp\/v2\/media?parent=8592"}],"wp:term":[{"taxonomy":"product_brand","embeddable":true,"href":"https:\/\/www.tada.si\/en\/wp-json\/wp\/v2\/product_brand?post=8592"},{"taxonomy":"product_cat","embeddable":true,"href":"https:\/\/www.tada.si\/en\/wp-json\/wp\/v2\/product_cat?post=8592"},{"taxonomy":"product_tag","embeddable":true,"href":"https:\/\/www.tada.si\/en\/wp-json\/wp\/v2\/product_tag?post=8592"}],"curies":[{"name":"wp","href":"https:\/\/api.w.org\/{rel}","templated":true}]}}