{"id":8594,"date":"2024-10-29T15:12:39","date_gmt":"2024-10-29T13:12:39","guid":{"rendered":"https:\/\/www.tada.si\/?post_type=product&#038;p=8594"},"modified":"2026-04-13T13:01:12","modified_gmt":"2026-04-13T11:01:12","slug":"reolink-argus-pt-ultra-b440","status":"publish","type":"product","link":"https:\/\/www.tada.si\/en\/trgovina\/alarmni-in-video-nadzor\/reolink\/brezzicne-kamere\/reolink-argus-pt-ultra-b440\/","title":{"rendered":"Reolink Argus PT Ultra B440"},"content":{"rendered":"<h3 data-start=\"582\" data-end=\"788\"><a href=\"https:\/\/reolink.com\/product\/argus-series-b440\/\" target=\"_blank\" rel=\"noopener\">Reolink Argus PT Ultra B440, brez\u017ei\u010dna nadzorna kamera\u00a0<\/a> s 4K 8MP Ultra HD lo\u010dljivostjo snemanja podnevi in pono\u010di, odpornostjo na vremenske vplive, vgrajenim mikrofonom in zvo\u010dnikom in solarnim panelom.<\/h3>\n<p data-start=\"582\" data-end=\"788\">Z lo\u010dljivostjo <strong data-start=\"253\" data-end=\"275\">8 MP (3840 \u00d7 2160)<\/strong> zajame ostre, \u010diste in podrobne posnetke \u2013 podnevi ali pono\u010di. Prepozna obraze, registrske tablice in drobne detajle, ki bi jih obi\u010dajne kamere spregledale.<\/p>\n<p data-start=\"582\" data-end=\"788\"><strong data-start=\"582\" data-end=\"604\">4K 8MP Super HD slika:<\/strong><br data-start=\"604\" data-end=\"607\" \/>Lo\u010dljivost 3840 \u00d7 2160 (8MP) zagotavlja izjemno jasne in podrobne posnetke. Ponuja tudi <strong data-start=\"716\" data-end=\"737\">6\u00d7 digitalni zoom<\/strong>, da lahko natan\u010dno pregledate oddaljene detajle.<\/p>\n<p data-start=\"790\" data-end=\"1013\"><strong data-start=\"790\" data-end=\"811\">Pan &amp; Tilt nadzor:<\/strong><br data-start=\"811\" data-end=\"814\" \/>S <strong data-start=\"816\" data-end=\"847\">355\u00b0 horizontalnim vrtenjem<\/strong> in <strong data-start=\"851\" data-end=\"877\">140\u00b0 navpi\u010dnim nagibom<\/strong> pokrije \u0161iroko obmo\u010dje brez slepih kotov. Omogo\u010da nastavitev do 32 prednastavljenih polo\u017eajev za enostaven nadzor ve\u010d obmo\u010dij.<\/p>\n<p data-start=\"1015\" data-end=\"1227\"><strong data-start=\"1015\" data-end=\"1050\">Barvno no\u010dno snemanje in IR vid:<\/strong><br data-start=\"1050\" data-end=\"1053\" \/>Vgrajena IR LED osvetlitev omogo\u010da no\u010dni vid do 10\u202fm, dodatni LED reflektor pa zagotavlja barvno snemanje pono\u010di in izbolj\u0161uje preglednost dogajanja tudi ob \u0161ibki svetlobi.<\/p>\n<p data-start=\"1229\" data-end=\"1491\"><strong data-start=\"1229\" data-end=\"1273\">Pametno zaznavanje gibanja in AI analiza:<\/strong><br data-start=\"1273\" data-end=\"1276\" \/>Vgrajena <strong data-start=\"1285\" data-end=\"1307\">AI video analitika<\/strong> lo\u010di med osebami, vozili in \u017eivalmi ter spro\u017ei natan\u010dna obvestila. PIR senzor z nastavljivo razdaljo do 10\u202fm in kotom 120\u00b0 zagotavlja zanesljivo zaznavanje premikajo\u010dih se objektov.<\/p>\n<p data-start=\"1493\" data-end=\"1719\"><strong data-start=\"1493\" data-end=\"1539\">Dvosmerna komunikacija in zvo\u010dna opozorila:<\/strong><br data-start=\"1539\" data-end=\"1542\" \/>Vgrajen mikrofon in zvo\u010dnik omogo\u010data pogovor v realnem \u010dasu. Nastavljiva zvo\u010dna opozorila pove\u010dajo varnost in omogo\u010dajo interakcijo z obiskovalci ali potencialnimi vsiljivci.<\/p>\n<p data-start=\"1493\" data-end=\"1719\"><img loading=\"lazy\" decoding=\"async\" class=\"\" src=\"https:\/\/home-cdn.reolink.us\/wp-content\/uploads\/2025\/07\/150147311752544051.1348.jpg.webp\" width=\"596\" height=\"499\" \/><\/p>\n<p data-start=\"1721\" data-end=\"1952\"><strong data-start=\"1721\" data-end=\"1768\">Popolnoma brez\u017ei\u010dna in energetsko neodvisna:<\/strong><br data-start=\"1768\" data-end=\"1771\" \/>Deluje z vgrajeno polnilno baterijo 21,6\u202fWh, dodatno pa jo lahko napajate preko <strong data-start=\"1858\" data-end=\"1883\">DC 5V\/USB-C adapterja<\/strong> ali <strong data-start=\"1888\" data-end=\"1913\">Solar Panel 2<\/strong>\u00a0za dolgotrajno brezskrbno delovanje.<\/p>\n<p data-start=\"1721\" data-end=\"1952\"><img loading=\"lazy\" decoding=\"async\" class=\"\" src=\"https:\/\/home-cdn.reolink.us\/wp-content\/uploads\/2025\/07\/150145151752543915.1103.jpg.webp\" width=\"599\" height=\"385\" \/><\/p>\n<p data-start=\"1954\" data-end=\"2084\"><strong data-start=\"1954\" data-end=\"1980\">Shranjevanje posnetkov:<\/strong><br data-start=\"1980\" data-end=\"1983\" \/>Podpira lokalno shranjevanje na <strong data-start=\"2015\" data-end=\"2044\">microSD kartico do 128\u202fGB <\/strong>in <strong data-start=\"2015\" data-end=\"2044\">Aplikacijo Cloud<\/strong><\/p>\n<p><strong>Pametna obvestila:<br \/>\n<\/strong>Prejmite opozorilo, ko\u00a0 zazna kakr\u0161nokoli gibanje. Nastavljate lahko \u010das in urnik sprejemanja obvestil, dobivate pa jih lahko preko aplikacije, e-po\u0161te ali drugih opozoril.<\/p>\n<p><img loading=\"lazy\" decoding=\"async\" class=\"\" src=\"https:\/\/home-cdn.reolink.us\/wp-content\/uploads\/2025\/07\/150304061752548646.2003.jpg.webp\" width=\"595\" height=\"595\" \/><\/p>\n<p data-start=\"2086\" data-end=\"2239\"><strong data-start=\"2086\" data-end=\"2117\">Odporna na vremenske vplive:<\/strong><br data-start=\"2117\" data-end=\"2120\" \/>Z IP64 za\u0161\u010dito je primerna za uporabo v vseh vremenskih pogojih in deluje pri temperaturah od -10\u202f\u00b0C do 55\u202f\u00b0C.<\/p>\n<p data-start=\"2086\" data-end=\"2239\"><img loading=\"lazy\" decoding=\"async\" class=\"\" src=\"https:\/\/home-cdn.reolink.us\/wp-content\/uploads\/2025\/07\/150304321752548672.767.jpg.webp\" width=\"588\" height=\"353\" \/><\/p>","protected":false},"excerpt":{"rendered":"<p>Reolink Argus PT Ultra B430 je brez\u017ei\u010dna zunanja kamera na son\u010dno energijo s 360\u00b0 pokritostjo, barvnim no\u010dnim na\u010dinom in pametnim zaznavanjem gibanja.<\/p>\n<p>Oglejte si \u0161e <a href=\"https:\/\/www.tada.si\/en\/product-category\/alarmni-in-video-nadzor\/reolink\/\">ostalo Reolink ponudbo na na\u0161i spletni strani.<\/a><\/p>","protected":false},"featured_media":8539,"comment_status":"open","ping_status":"closed","template":"","meta":{"inline_featured_image":false},"product_brand":[],"product_cat":[72,209,191],"product_tag":[],"class_list":{"0":"post-8594","1":"product","2":"type-product","3":"status-publish","4":"has-post-thumbnail","6":"product_cat-alarmni-in-video-nadzor","7":"product_cat-brezzicne-kamere","8":"product_cat-reolink","10":"first","11":"instock","12":"taxable","13":"shipping-taxable","14":"purchasable","15":"product-type-simple","16":"czr-hentry"},"_links":{"self":[{"href":"https:\/\/www.tada.si\/en\/wp-json\/wp\/v2\/product\/8594","targetHints":{"allow":["GET"]}}],"collection":[{"href":"https:\/\/www.tada.si\/en\/wp-json\/wp\/v2\/product"}],"about":[{"href":"https:\/\/www.tada.si\/en\/wp-json\/wp\/v2\/types\/product"}],"replies":[{"embeddable":true,"href":"https:\/\/www.tada.si\/en\/wp-json\/wp\/v2\/comments?post=8594"}],"wp:featuredmedia":[{"embeddable":true,"href":"https:\/\/www.tada.si\/en\/wp-json\/wp\/v2\/media\/8539"}],"wp:attachment":[{"href":"https:\/\/www.tada.si\/en\/wp-json\/wp\/v2\/media?parent=8594"}],"wp:term":[{"taxonomy":"product_brand","embeddable":true,"href":"https:\/\/www.tada.si\/en\/wp-json\/wp\/v2\/product_brand?post=8594"},{"taxonomy":"product_cat","embeddable":true,"href":"https:\/\/www.tada.si\/en\/wp-json\/wp\/v2\/product_cat?post=8594"},{"taxonomy":"product_tag","embeddable":true,"href":"https:\/\/www.tada.si\/en\/wp-json\/wp\/v2\/product_tag?post=8594"}],"curies":[{"name":"wp","href":"https:\/\/api.w.org\/{rel}","templated":true}]}}