{"id":8608,"date":"2024-11-20T12:38:09","date_gmt":"2024-11-20T10:38:09","guid":{"rendered":"https:\/\/www.tada.si\/?post_type=product&#038;p=8608"},"modified":"2026-01-30T22:07:44","modified_gmt":"2026-01-30T20:07:44","slug":"smartplug-mclimate","status":"publish","type":"product","link":"https:\/\/www.tada.si\/en\/trgovina\/oprema-za-dom\/smartplug-mclimate\/","title":{"rendered":"SmartPlug MClimate pametna vti\u010dnica"},"content":{"rendered":"<p><strong>Prihranite pri elektriki z SmartPlug<\/strong><\/p>\n<p>Veliki gospodinjski aparati, kot so klimatske naprave, grelniki in radiatorji, porabijo veliko energije, saj jih pogosto pu\u0161\u010damo vklju\u010dene, ko jih dejansko ne potrebujemo za ogrevanje ali hlajenje prostora. Z uporabo <strong>SmartPlug<\/strong> naprave lahko prihranite do 25 % porabe energije, kar pomeni ni\u017eje ra\u010dune za elektriko in ve\u010d denarja za po\u010ditnice!<\/p>\n<hr \/>\n<p><strong>Zavarujte svoj dom pred vlomilci z nastavitvijo urnika vklopa\/izklopa<\/strong><\/p>\n<p>Danes je tvegano pustiti dom brez nadzora, saj je vedno ve\u010d tatov in nepridipravov, ki spremljajo vsak va\u0161 gib. Z <strong>SmartPlug<\/strong> nastavite urnik vklopa in izklopa lu\u010di v dnevni sobi in spalnici. Tako bo izgledalo da ste doma, \u010deprav ste dejansko na poti.<\/p>\n<hr \/>\n<p><strong>Zdru\u017eljivost SmartPlug naprave<\/strong><\/p>\n<p><strong>SmartPlug<\/strong> lahko uporabite z vsemi elektri\u010dnimi napravami. Pove\u017eite ga s klimatskimi napravami, radiatorji, prenosnimi grelniki, TV-ji, igralnimi konzolami in vsemi drugimi napravami, ki jih lahko pove\u017eete v elektri\u010dno omre\u017eje.<\/p>\n<p>Poenostavite si \u017eivljenje! Prihranite denar!<\/p>","protected":false},"excerpt":{"rendered":"<p><strong>Smart Plug MClimate <\/strong>&#8211; var\u010dna vti\u010dnica<\/p>\n<p>V dana\u0161njem svetu je na voljo mnogo naprav, ki lahko poenostavijo va\u0161e \u017eivljenje, naredijo va\u0161 dom varnej\u0161i in bolj energetsko u\u010dinkovit.<\/p>\n<p><strong>SmartPlug<\/strong> je naprava, ki vam omogo\u010da nadzor nad vsemi gospodinjskimi aparati kar z va\u0161im pametnim telefonom. Z uporabo te tehnologije lahko prihranite do 25 % na ra\u010dunih za elektriko, podalj\u0161ate \u017eivljenjsko dobo svojih naprav in u\u017eivate v udobju.<\/p>\n<p>Pove\u017eite svoje elektri\u010dne naprave z <strong>SmartPlug<\/strong> in nadzorujte aparate preko svojega pametnega telefona. Z mobilno aplikacijo SmartPlug lahko kadar koli, kjer koli vklopite ali izklopite povezane naprave. Poleg tega lahko nastavite \u010dasovnike in spremljate porabo elektri\u010dne energije v realnem \u010dasu.<\/p>","protected":false},"featured_media":8609,"comment_status":"open","ping_status":"closed","template":"","meta":{"inline_featured_image":false},"product_brand":[],"product_cat":[75],"product_tag":[],"class_list":{"0":"post-8608","1":"product","2":"type-product","3":"status-publish","4":"has-post-thumbnail","6":"product_cat-oprema-za-dom","8":"first","9":"instock","10":"taxable","11":"shipping-taxable","12":"purchasable","13":"product-type-simple","14":"czr-hentry"},"_links":{"self":[{"href":"https:\/\/www.tada.si\/en\/wp-json\/wp\/v2\/product\/8608","targetHints":{"allow":["GET"]}}],"collection":[{"href":"https:\/\/www.tada.si\/en\/wp-json\/wp\/v2\/product"}],"about":[{"href":"https:\/\/www.tada.si\/en\/wp-json\/wp\/v2\/types\/product"}],"replies":[{"embeddable":true,"href":"https:\/\/www.tada.si\/en\/wp-json\/wp\/v2\/comments?post=8608"}],"wp:featuredmedia":[{"embeddable":true,"href":"https:\/\/www.tada.si\/en\/wp-json\/wp\/v2\/media\/8609"}],"wp:attachment":[{"href":"https:\/\/www.tada.si\/en\/wp-json\/wp\/v2\/media?parent=8608"}],"wp:term":[{"taxonomy":"product_brand","embeddable":true,"href":"https:\/\/www.tada.si\/en\/wp-json\/wp\/v2\/product_brand?post=8608"},{"taxonomy":"product_cat","embeddable":true,"href":"https:\/\/www.tada.si\/en\/wp-json\/wp\/v2\/product_cat?post=8608"},{"taxonomy":"product_tag","embeddable":true,"href":"https:\/\/www.tada.si\/en\/wp-json\/wp\/v2\/product_tag?post=8608"}],"curies":[{"name":"wp","href":"https:\/\/api.w.org\/{rel}","templated":true}]}}