{"id":8611,"date":"2024-11-21T13:28:36","date_gmt":"2024-11-21T11:28:36","guid":{"rendered":"https:\/\/www.tada.si\/?post_type=product&#038;p=8611"},"modified":"2026-03-27T03:39:49","modified_gmt":"2026-03-27T01:39:49","slug":"akumulatorska-baterija-mwh-9-12l-12v-290w","status":"publish","type":"product","link":"https:\/\/www.tada.si\/en\/trgovina\/oprema-za-dom\/akumulatorji-baterije\/akumulatorji\/akumulatorska-baterija-mwh-9-12l-12v-290w\/","title":{"rendered":"Akumulatorska baterija MWH 9-12L &#8211; 12V 290W"},"content":{"rendered":"<p>Akumulatorske baterije serije MWH so izdelane v VRLA (AGM) tehnologiji in zasnovane za uporabo v sistemih nujne oskrbe z elektri\u010dno energijo ter razli\u010dnih aplikacijah, ki zahtevajo cikli\u010dno uporabo. Mo\u017ena uporaba teh baterij vklju\u010duje avtomatizacijske sisteme, UPS naprave in energetske vire za mobilne naprave. Za 50-odstotno razelektritev lahko baterije MWH opravijo do 500 ciklov polnjenja in praznjenja. Predvidena \u017eivljenjska doba je 6-9 let v temperaturnem obmo\u010dju 20-25 \u00b0C.<\/p>","protected":false},"excerpt":{"rendered":"<p>MWH 9-12L<br \/>\n12V 290W\/10min<\/p>","protected":false},"featured_media":8612,"comment_status":"open","ping_status":"closed","template":"","meta":{"inline_featured_image":false},"product_brand":[],"product_cat":[249,70],"product_tag":[],"class_list":{"0":"post-8611","1":"product","2":"type-product","3":"status-publish","4":"has-post-thumbnail","6":"product_cat-akumulatorji","7":"product_cat-akumulatorji-baterije","9":"first","10":"instock","11":"taxable","12":"shipping-taxable","13":"purchasable","14":"product-type-simple","15":"czr-hentry"},"_links":{"self":[{"href":"https:\/\/www.tada.si\/en\/wp-json\/wp\/v2\/product\/8611","targetHints":{"allow":["GET"]}}],"collection":[{"href":"https:\/\/www.tada.si\/en\/wp-json\/wp\/v2\/product"}],"about":[{"href":"https:\/\/www.tada.si\/en\/wp-json\/wp\/v2\/types\/product"}],"replies":[{"embeddable":true,"href":"https:\/\/www.tada.si\/en\/wp-json\/wp\/v2\/comments?post=8611"}],"wp:featuredmedia":[{"embeddable":true,"href":"https:\/\/www.tada.si\/en\/wp-json\/wp\/v2\/media\/8612"}],"wp:attachment":[{"href":"https:\/\/www.tada.si\/en\/wp-json\/wp\/v2\/media?parent=8611"}],"wp:term":[{"taxonomy":"product_brand","embeddable":true,"href":"https:\/\/www.tada.si\/en\/wp-json\/wp\/v2\/product_brand?post=8611"},{"taxonomy":"product_cat","embeddable":true,"href":"https:\/\/www.tada.si\/en\/wp-json\/wp\/v2\/product_cat?post=8611"},{"taxonomy":"product_tag","embeddable":true,"href":"https:\/\/www.tada.si\/en\/wp-json\/wp\/v2\/product_tag?post=8611"}],"curies":[{"name":"wp","href":"https:\/\/api.w.org\/{rel}","templated":true}]}}