{"id":8619,"date":"2024-11-21T13:28:30","date_gmt":"2024-11-21T11:28:30","guid":{"rendered":"https:\/\/www.tada.si\/?post_type=product&#038;p=8619"},"modified":"2026-02-13T16:12:10","modified_gmt":"2026-02-13T14:12:10","slug":"akumulatorska-baterija-mws-23-12-12v-23-ah","status":"publish","type":"product","link":"https:\/\/www.tada.si\/en\/trgovina\/oprema-za-dom\/akumulatorji-baterije\/akumulatorji\/akumulatorska-baterija-mws-23-12-12v-23-ah\/","title":{"rendered":"Akumulatorska baterija MWS 2,3-12 &#8211; 12V 2,3Ah"},"content":{"rendered":"","protected":false},"excerpt":{"rendered":"<p data-start=\"276\" data-end=\"621\">Akumulatorji serije MW Power MWS so zasnovani predvsem za uporabo v sistemih napajanja nadzornih plo\u0161\u010d, naprav za avtomatizacijo ter opreme, ki zahteva zanesljivo napajanje v stanju pripravljenosti. Zaradi zelo ugodnega razmerja med kakovostjo in ceno je serija MWS postala priljubljena pri \u0161tevilnih uporabnikih v industriji in doma\u010di rabi.<\/p>\n<p data-start=\"623\" data-end=\"951\">VRLA AGM tehnologija z vpojnim steklenim vlaknom zagotavlja popolnoma brezvzdr\u017eevalno delovanje, nizko samopraznitev ter stabilen izhod tudi pri ni\u017ejih temperaturah.<\/p>\n<p data-start=\"623\" data-end=\"951\">Akumulator je primeren za uporabo v UPS sistemih, alarmnih centralah, prenosnih napravah in drugih aplikacijah, kjer je potrebna kompaktna in zanesljiva baterija.<\/p>\n<p data-start=\"953\" data-end=\"1105\">Pri cikli\u010dni uporabi omogo\u010da stabilno zmogljivost, v stanju pripravljenosti pa dosega pri\u010dakovano \u017eivljenjsko dobo 3\u20135 let pri temperaturi 20\u201325 \u00b0C.<\/p>","protected":false},"featured_media":8614,"comment_status":"open","ping_status":"closed","template":"","meta":{"inline_featured_image":false},"product_brand":[],"product_cat":[249,70],"product_tag":[],"class_list":{"0":"post-8619","1":"product","2":"type-product","3":"status-publish","4":"has-post-thumbnail","6":"product_cat-akumulatorji","7":"product_cat-akumulatorji-baterije","9":"first","10":"instock","11":"taxable","12":"shipping-taxable","13":"purchasable","14":"product-type-simple","15":"czr-hentry"},"_links":{"self":[{"href":"https:\/\/www.tada.si\/en\/wp-json\/wp\/v2\/product\/8619","targetHints":{"allow":["GET"]}}],"collection":[{"href":"https:\/\/www.tada.si\/en\/wp-json\/wp\/v2\/product"}],"about":[{"href":"https:\/\/www.tada.si\/en\/wp-json\/wp\/v2\/types\/product"}],"replies":[{"embeddable":true,"href":"https:\/\/www.tada.si\/en\/wp-json\/wp\/v2\/comments?post=8619"}],"wp:featuredmedia":[{"embeddable":true,"href":"https:\/\/www.tada.si\/en\/wp-json\/wp\/v2\/media\/8614"}],"wp:attachment":[{"href":"https:\/\/www.tada.si\/en\/wp-json\/wp\/v2\/media?parent=8619"}],"wp:term":[{"taxonomy":"product_brand","embeddable":true,"href":"https:\/\/www.tada.si\/en\/wp-json\/wp\/v2\/product_brand?post=8619"},{"taxonomy":"product_cat","embeddable":true,"href":"https:\/\/www.tada.si\/en\/wp-json\/wp\/v2\/product_cat?post=8619"},{"taxonomy":"product_tag","embeddable":true,"href":"https:\/\/www.tada.si\/en\/wp-json\/wp\/v2\/product_tag?post=8619"}],"curies":[{"name":"wp","href":"https:\/\/api.w.org\/{rel}","templated":true}]}}