{"id":8621,"date":"2024-11-21T13:28:26","date_gmt":"2024-11-21T11:28:26","guid":{"rendered":"https:\/\/www.tada.si\/?post_type=product&#038;p=8621"},"modified":"2026-02-13T16:11:33","modified_gmt":"2026-02-13T14:11:33","slug":"akumulatorska-baterija-mws-72-12-12v-72-ah","status":"publish","type":"product","link":"https:\/\/www.tada.si\/en\/trgovina\/oprema-za-dom\/akumulatorji-baterije\/akumulatorji\/akumulatorska-baterija-mws-72-12-12v-72-ah\/","title":{"rendered":"Akumulatorska baterija MWS 7,2-12 &#8211; 12V 7,2 Ah"},"content":{"rendered":"","protected":false},"excerpt":{"rendered":"<p data-start=\"318\" data-end=\"683\">Akumulatorji serije MW Power MWS so razviti predvsem za uporabo v sistemih, kjer je potrebno zanesljivo napajanje nadzornih plo\u0161\u010d, alarmnih central, merilnih naprav in druge elektronske opreme v stanju pripravljenosti.<br data-start=\"540\" data-end=\"543\" \/>Zaradi odli\u010dnega razmerja med kakovostjo in ceno je serija MWS izjemno priljubljena med profesionalnimi uporabniki in v doma\u010dih aplikacijah.<\/p>\n<p data-start=\"685\" data-end=\"968\">Akumulator MWS 7,2-12 temelji na VRLA AGM tehnologiji, kar zagotavlja popolnoma brezvzdr\u017eevalno delovanje, varnost ter stabilen izhod tudi v zahtevnih temperaturnih pogojih.<br data-start=\"858\" data-end=\"861\" \/>Uporablja se lahko tudi kot vir napajanja v prenosnih napravah, saj omogo\u010da dobro cikli\u010dno obratovanje.<\/p>\n<p data-start=\"970\" data-end=\"1113\">Pri optimalnih pogojih (20\u201325 \u00b0C) dosega pri\u010dakovano \u017eivljenjsko dobo 3\u20135 let, kar ga uvr\u0161\u010da med zanesljive baterije za dolgoro\u010dno uporabo.<\/p>","protected":false},"featured_media":8616,"comment_status":"open","ping_status":"closed","template":"","meta":{"inline_featured_image":false},"product_brand":[],"product_cat":[249,70],"product_tag":[],"class_list":{"0":"post-8621","1":"product","2":"type-product","3":"status-publish","4":"has-post-thumbnail","6":"product_cat-akumulatorji","7":"product_cat-akumulatorji-baterije","9":"first","10":"instock","11":"taxable","12":"shipping-taxable","13":"purchasable","14":"product-type-simple","15":"czr-hentry"},"_links":{"self":[{"href":"https:\/\/www.tada.si\/en\/wp-json\/wp\/v2\/product\/8621","targetHints":{"allow":["GET"]}}],"collection":[{"href":"https:\/\/www.tada.si\/en\/wp-json\/wp\/v2\/product"}],"about":[{"href":"https:\/\/www.tada.si\/en\/wp-json\/wp\/v2\/types\/product"}],"replies":[{"embeddable":true,"href":"https:\/\/www.tada.si\/en\/wp-json\/wp\/v2\/comments?post=8621"}],"wp:featuredmedia":[{"embeddable":true,"href":"https:\/\/www.tada.si\/en\/wp-json\/wp\/v2\/media\/8616"}],"wp:attachment":[{"href":"https:\/\/www.tada.si\/en\/wp-json\/wp\/v2\/media?parent=8621"}],"wp:term":[{"taxonomy":"product_brand","embeddable":true,"href":"https:\/\/www.tada.si\/en\/wp-json\/wp\/v2\/product_brand?post=8621"},{"taxonomy":"product_cat","embeddable":true,"href":"https:\/\/www.tada.si\/en\/wp-json\/wp\/v2\/product_cat?post=8621"},{"taxonomy":"product_tag","embeddable":true,"href":"https:\/\/www.tada.si\/en\/wp-json\/wp\/v2\/product_tag?post=8621"}],"curies":[{"name":"wp","href":"https:\/\/api.w.org\/{rel}","templated":true}]}}