{"id":8655,"date":"2025-04-03T12:03:26","date_gmt":"2025-04-03T10:03:26","guid":{"rendered":"https:\/\/www.tada.si\/?post_type=product&#038;p=8655"},"modified":"2026-02-19T13:26:38","modified_gmt":"2026-02-19T11:26:38","slug":"alumulatorska-baterija-mwlj-12-150-in","status":"publish","type":"product","link":"https:\/\/www.tada.si\/en\/trgovina\/oprema-za-dom\/akumulatorji-baterije\/akumulatorji\/alumulatorska-baterija-mwlj-12-150-in\/","title":{"rendered":"LiFePo4 Akumulatorska baterija MWLJ 12-150-IN"},"content":{"rendered":"<p>Akumulatorske baterije MWLJ imajo dalj\u0161o \u017eivljenjsko dobo kot svin\u010dene baterije. Imajo nizko samo praznenje v primerjavi s svin\u010denimi baterijami.<\/p>\n<p>Vgrajenih imajo ve\u010d na\u010dinov za\u0161\u010dite za za\u0161\u010dito baterije( prenapolnjenost, prekomerna izpraznjenost in kratek stik).<\/p>\n<p>Imajo ve\u010djo povpre\u010dno energetsko u\u010dinkovitost povratne vo\u017enje (92%) kot svin\u010deno- kislinska baterija.<\/p>\n<p>Uporabljajo se v po\u010ditni\u0161kih prikolicah, \u010dolnih, elektri\u010dnih vozilih in napravah.<\/p>\n<p>Te\u017ea je pribli\u017eno 40% svin\u010dene baterije.<\/p>","protected":false},"excerpt":{"rendered":"<p>Napetost: 12.8V<\/p>\n<p>Zmogljivost: 150Ah at 25\u00b0C<\/p>\n<p>Kapaciteta: 1920Wh<\/p>\n<p>Polnilna napetost: 14.6V CC-CV<\/p>\n<p>Dol\u017eina: 330 \u00b1 2mm<\/p>\n<p>\u0160irina:172 \u00b1 2mm<\/p>\n<p>Vi\u0161ina:215 \u00b1 2mm<\/p>\n<p>Skupna vi\u0161ina:220 \u00b1 2mm<\/p>\n<p>Te\u017ea:16.9kg \u00b1 4 %<\/p>\n<p>\u017divljenjska doba: 3000 ciklov<\/p>\n<p>M8X10<\/p>\n<p>&nbsp;<\/p>","protected":false},"featured_media":8833,"comment_status":"open","ping_status":"closed","template":"","meta":{"inline_featured_image":false},"product_brand":[],"product_cat":[249,70,244],"product_tag":[],"class_list":{"0":"post-8655","1":"product","2":"type-product","3":"status-publish","4":"has-post-thumbnail","6":"product_cat-akumulatorji","7":"product_cat-akumulatorji-baterije","8":"product_cat-avto-oprema","10":"first","11":"instock","12":"taxable","13":"shipping-taxable","14":"purchasable","15":"product-type-simple","16":"czr-hentry"},"_links":{"self":[{"href":"https:\/\/www.tada.si\/en\/wp-json\/wp\/v2\/product\/8655","targetHints":{"allow":["GET"]}}],"collection":[{"href":"https:\/\/www.tada.si\/en\/wp-json\/wp\/v2\/product"}],"about":[{"href":"https:\/\/www.tada.si\/en\/wp-json\/wp\/v2\/types\/product"}],"replies":[{"embeddable":true,"href":"https:\/\/www.tada.si\/en\/wp-json\/wp\/v2\/comments?post=8655"}],"wp:featuredmedia":[{"embeddable":true,"href":"https:\/\/www.tada.si\/en\/wp-json\/wp\/v2\/media\/8833"}],"wp:attachment":[{"href":"https:\/\/www.tada.si\/en\/wp-json\/wp\/v2\/media?parent=8655"}],"wp:term":[{"taxonomy":"product_brand","embeddable":true,"href":"https:\/\/www.tada.si\/en\/wp-json\/wp\/v2\/product_brand?post=8655"},{"taxonomy":"product_cat","embeddable":true,"href":"https:\/\/www.tada.si\/en\/wp-json\/wp\/v2\/product_cat?post=8655"},{"taxonomy":"product_tag","embeddable":true,"href":"https:\/\/www.tada.si\/en\/wp-json\/wp\/v2\/product_tag?post=8655"}],"curies":[{"name":"wp","href":"https:\/\/api.w.org\/{rel}","templated":true}]}}