{"id":887,"date":"2018-10-03T07:29:47","date_gmt":"2018-10-03T05:29:47","guid":{"rendered":"http:\/\/www.tada.si\/?post_type=product&#038;p=887"},"modified":"2026-03-10T17:15:13","modified_gmt":"2026-03-10T15:15:13","slug":"ajax-doorprotect","status":"publish","type":"product","link":"https:\/\/www.tada.si\/en\/trgovina\/alarmni-in-video-nadzor\/ajax\/detektorji-senzorji-ajax\/ajax-doorprotect\/","title":{"rendered":"AJAX DoorProtect"},"content":{"rendered":"<p>Brez\u017ei\u010dni detektor za vrata in okna, ki opozori na prve znake vdora v prostor. Lahko se montira na vse vrste podlag, vklju\u010dno s kovinsko. Garancija 2 leti, razen na vgrajene baterije. Na voljo v \u010drni in beli barvi.<\/p>\n<table id=\"ContentPlaceHolder1_GridViewTechnicalCharacteristics\" class=\"table table-striped mt-2\" cellspacing=\"0\">\n<tbody>\n<tr>\n<td>Manufacturer<\/td>\n<td>AJAX<\/td>\n<\/tr>\n<tr>\n<td>Technology<\/td>\n<td>Wireless<\/td>\n<\/tr>\n<tr>\n<td>Wireless frequency<\/td>\n<td>868 MHz<\/td>\n<\/tr>\n<tr>\n<td>Wireless communication<\/td>\n<td>Two-way<\/td>\n<\/tr>\n<tr>\n<td>Dimensions<\/td>\n<td>\u00d820 x 90 mm<\/td>\n<\/tr>\n<tr>\n<td>Safety degree<\/td>\n<td>Grade 2<\/td>\n<\/tr>\n<tr>\n<td>Power supply<\/td>\n<td>Battery 1 x 3V, type CR123A<\/td>\n<\/tr>\n<tr>\n<td>Installation<\/td>\n<td>Internal<\/td>\n<\/tr>\n<tr>\n<td>Detection<\/td>\n<td>Opening &#8211; Closing<\/td>\n<\/tr>\n<tr>\n<td>Detection method<\/td>\n<td>1 x REED \/ 1 x AUX<\/td>\n<\/tr>\n<tr>\n<td>Installation<\/td>\n<td>Surface mounted<\/td>\n<\/tr>\n<tr>\n<td>Detection range<\/td>\n<td>20 mm<\/td>\n<\/tr>\n<tr>\n<td>LED signaling<\/td>\n<td>Yes<\/td>\n<\/tr>\n<tr>\n<td>Tamper<\/td>\n<td>Yes<\/td>\n<\/tr>\n<tr>\n<td>Weight<\/td>\n<td>29 g<\/td>\n<\/tr>\n<tr>\n<td>Alarm input<\/td>\n<td>NC<\/td>\n<\/tr>\n<tr>\n<td>Type \/ housing<\/td>\n<td>Plastic<\/td>\n<\/tr>\n<\/tbody>\n<\/table>","protected":false},"excerpt":{"rendered":"<p>Brez\u017ei\u010dni detektor za vrata in okna, ki opozori na prve znake vdora v prostor. Lahko se montira na vse vrste podlag, vklju\u010dno s kovinsko. Garancija 2 leti, razen na vgrajene baterije. Na voljo v \u010drni in beli barvi. Manufacturer AJAX Technology Wireless Wireless frequency 868 MHz Wireless communication Two-way Dimensions \u00d820 x 90 mm Safety [&hellip;]<\/p>\n","protected":false},"featured_media":6610,"comment_status":"open","ping_status":"closed","template":"","meta":{"inline_featured_image":false},"product_brand":[],"product_cat":[87,72,114],"product_tag":[],"class_list":{"0":"post-887","1":"product","2":"type-product","3":"status-publish","4":"has-post-thumbnail","6":"product_cat-ajax","7":"product_cat-alarmni-in-video-nadzor","8":"product_cat-detektorji-senzorji-ajax","9":"pa_barva-bela","10":"pa_barva-crna","12":"first","13":"instock","14":"taxable","15":"shipping-taxable","16":"purchasable","17":"product-type-variable","18":"czr-hentry"},"_links":{"self":[{"href":"https:\/\/www.tada.si\/en\/wp-json\/wp\/v2\/product\/887","targetHints":{"allow":["GET"]}}],"collection":[{"href":"https:\/\/www.tada.si\/en\/wp-json\/wp\/v2\/product"}],"about":[{"href":"https:\/\/www.tada.si\/en\/wp-json\/wp\/v2\/types\/product"}],"replies":[{"embeddable":true,"href":"https:\/\/www.tada.si\/en\/wp-json\/wp\/v2\/comments?post=887"}],"wp:featuredmedia":[{"embeddable":true,"href":"https:\/\/www.tada.si\/en\/wp-json\/wp\/v2\/media\/6610"}],"wp:attachment":[{"href":"https:\/\/www.tada.si\/en\/wp-json\/wp\/v2\/media?parent=887"}],"wp:term":[{"taxonomy":"product_brand","embeddable":true,"href":"https:\/\/www.tada.si\/en\/wp-json\/wp\/v2\/product_brand?post=887"},{"taxonomy":"product_cat","embeddable":true,"href":"https:\/\/www.tada.si\/en\/wp-json\/wp\/v2\/product_cat?post=887"},{"taxonomy":"product_tag","embeddable":true,"href":"https:\/\/www.tada.si\/en\/wp-json\/wp\/v2\/product_tag?post=887"}],"curies":[{"name":"wp","href":"https:\/\/api.w.org\/{rel}","templated":true}]}}