{"id":8908,"date":"2025-12-09T15:53:38","date_gmt":"2025-12-09T13:53:38","guid":{"rendered":"https:\/\/www.tada.si\/?post_type=product&#038;p=8908"},"modified":"2026-02-13T16:06:10","modified_gmt":"2026-02-13T14:06:10","slug":"akumulatorska-baterija-ips-7-2-12-12v-7-ah","status":"publish","type":"product","link":"https:\/\/www.tada.si\/en\/trgovina\/oprema-za-dom\/akumulatorji-baterije\/akumulatorji\/akumulatorska-baterija-ips-7-2-12-12v-7-ah\/","title":{"rendered":"Akumulatorska baterija IPS 7.2-12 &#8211; 12V 7 Ah"},"content":{"rendered":"","protected":false},"excerpt":{"rendered":"<p data-start=\"148\" data-end=\"471\">Baterije VRLA AGM 12V 7Ah so zasnovane predvsem za uporabo v sistemih neprekinjenega napajanja (UPS) in drugih napravah, ki zahtevajo zanesljivo delovanje v stanju pripravljenosti.<br data-start=\"328\" data-end=\"331\" \/>Zaradi odli\u010dnega razmerja med kakovostjo, vzdr\u017eljivostjo in ceno so zelo priljubljene v \u0161irokem spektru profesionalnih in doma\u010dih aplikacij.<\/p>\n<p data-start=\"473\" data-end=\"748\">Baterije te vrste so primerne tudi za uporabo kot vir napajanja v prenosnih napravah, alarmnih sistemih, telekomunikacijski opremi ter manj\u0161ih solarnih sistemih.<br data-start=\"634\" data-end=\"637\" \/>AGM tehnologija z vpojnim steklenim vlaknom zagotavlja stabilno delovanje in popolnoma brezvzdr\u017eevalno uporabo.<\/p>\n<p data-start=\"750\" data-end=\"961\">Njihova pri\u010dakovana \u017eivljenjska doba je pribli\u017eno 3 do 5 let pri temperaturah med 20 in 25 \u00b0C, kar jih uvr\u0161\u010da med zanesljive re\u0161itve za dolgoro\u010dno delovanje v stanju pripravljenosti ali pri cikli\u010dni uporabi.<\/p>","protected":false},"featured_media":8909,"comment_status":"open","ping_status":"closed","template":"","meta":{"inline_featured_image":false},"product_brand":[],"product_cat":[249,70],"product_tag":[],"class_list":{"0":"post-8908","1":"product","2":"type-product","3":"status-publish","4":"has-post-thumbnail","6":"product_cat-akumulatorji","7":"product_cat-akumulatorji-baterije","9":"first","10":"instock","11":"taxable","12":"shipping-taxable","13":"purchasable","14":"product-type-simple","15":"czr-hentry"},"_links":{"self":[{"href":"https:\/\/www.tada.si\/en\/wp-json\/wp\/v2\/product\/8908","targetHints":{"allow":["GET"]}}],"collection":[{"href":"https:\/\/www.tada.si\/en\/wp-json\/wp\/v2\/product"}],"about":[{"href":"https:\/\/www.tada.si\/en\/wp-json\/wp\/v2\/types\/product"}],"replies":[{"embeddable":true,"href":"https:\/\/www.tada.si\/en\/wp-json\/wp\/v2\/comments?post=8908"}],"wp:featuredmedia":[{"embeddable":true,"href":"https:\/\/www.tada.si\/en\/wp-json\/wp\/v2\/media\/8909"}],"wp:attachment":[{"href":"https:\/\/www.tada.si\/en\/wp-json\/wp\/v2\/media?parent=8908"}],"wp:term":[{"taxonomy":"product_brand","embeddable":true,"href":"https:\/\/www.tada.si\/en\/wp-json\/wp\/v2\/product_brand?post=8908"},{"taxonomy":"product_cat","embeddable":true,"href":"https:\/\/www.tada.si\/en\/wp-json\/wp\/v2\/product_cat?post=8908"},{"taxonomy":"product_tag","embeddable":true,"href":"https:\/\/www.tada.si\/en\/wp-json\/wp\/v2\/product_tag?post=8908"}],"curies":[{"name":"wp","href":"https:\/\/api.w.org\/{rel}","templated":true}]}}