{"id":8912,"date":"2025-12-10T09:19:04","date_gmt":"2025-12-10T07:19:04","guid":{"rendered":"https:\/\/www.tada.si\/?post_type=product&#038;p=8912"},"modified":"2026-02-19T12:52:31","modified_gmt":"2026-02-19T10:52:31","slug":"akumulatorska-baterija-ips-9-12l-12v-9ah","status":"publish","type":"product","link":"https:\/\/www.tada.si\/en\/trgovina\/oprema-za-dom\/akumulatorji-baterije\/akumulatorji\/akumulatorska-baterija-ips-9-12l-12v-9ah\/","title":{"rendered":"Akumulatorska baterija IPS 9-12L &#8211; 12V 9Ah"},"content":{"rendered":"","protected":false},"excerpt":{"rendered":"<p data-start=\"691\" data-end=\"1046\">Baterije VRLA AGM 12V 9Ah so zasnovane za zanesljivo delovanje v sistemih neprekinjenega napajanja (UPS) ter drugih napravah, ki zahtevajo stabilen vir energije v stanju pripravljenosti.<br data-start=\"873\" data-end=\"876\" \/>S tehnologijo AGM, kjer je elektrolit vpojen v stekleno vlakno, so te baterije popolnoma brez vzdr\u017eevanja in primerne za uporabo v profesionalnih ter doma\u010dih aplikacijah.<\/p>\n<p data-start=\"1048\" data-end=\"1324\">Zahvaljujo\u010d visoki kakovosti in stabilni izhodni mo\u010di so idealne za buforno delovanje, obenem pa omogo\u010dajo tudi avtonomno \u2013 cikli\u010dno uporabo, kjer je potrebno redno polnjenje in praznjenje.<br data-start=\"1237\" data-end=\"1240\" \/>Vgrajeni varnostni ventili dodatno zagotavljajo varno delovanje v razli\u010dnih pogojih.<\/p>\n<p data-start=\"1326\" data-end=\"1474\">Baterije te vrste so primerne za UPS sisteme, alarmne in po\u017earne centrale, telekomunikacijsko opremo, prenosne naprave ter manj\u0161e solarne sisteme.<\/p>","protected":false},"featured_media":8914,"comment_status":"open","ping_status":"closed","template":"","meta":{"inline_featured_image":false},"product_brand":[],"product_cat":[249,70],"product_tag":[],"class_list":{"0":"post-8912","1":"product","2":"type-product","3":"status-publish","4":"has-post-thumbnail","6":"product_cat-akumulatorji","7":"product_cat-akumulatorji-baterije","9":"first","10":"instock","11":"taxable","12":"shipping-taxable","13":"purchasable","14":"product-type-simple","15":"czr-hentry"},"_links":{"self":[{"href":"https:\/\/www.tada.si\/en\/wp-json\/wp\/v2\/product\/8912","targetHints":{"allow":["GET"]}}],"collection":[{"href":"https:\/\/www.tada.si\/en\/wp-json\/wp\/v2\/product"}],"about":[{"href":"https:\/\/www.tada.si\/en\/wp-json\/wp\/v2\/types\/product"}],"replies":[{"embeddable":true,"href":"https:\/\/www.tada.si\/en\/wp-json\/wp\/v2\/comments?post=8912"}],"wp:featuredmedia":[{"embeddable":true,"href":"https:\/\/www.tada.si\/en\/wp-json\/wp\/v2\/media\/8914"}],"wp:attachment":[{"href":"https:\/\/www.tada.si\/en\/wp-json\/wp\/v2\/media?parent=8912"}],"wp:term":[{"taxonomy":"product_brand","embeddable":true,"href":"https:\/\/www.tada.si\/en\/wp-json\/wp\/v2\/product_brand?post=8912"},{"taxonomy":"product_cat","embeddable":true,"href":"https:\/\/www.tada.si\/en\/wp-json\/wp\/v2\/product_cat?post=8912"},{"taxonomy":"product_tag","embeddable":true,"href":"https:\/\/www.tada.si\/en\/wp-json\/wp\/v2\/product_tag?post=8912"}],"curies":[{"name":"wp","href":"https:\/\/api.w.org\/{rel}","templated":true}]}}