{"id":8916,"date":"2025-12-10T09:40:04","date_gmt":"2025-12-10T07:40:04","guid":{"rendered":"https:\/\/www.tada.si\/?post_type=product&#038;p=8916"},"modified":"2026-02-13T16:05:06","modified_gmt":"2026-02-13T14:05:06","slug":"akumulatorska-baterija-mw-5-12l-12v-5ah","status":"publish","type":"product","link":"https:\/\/www.tada.si\/en\/trgovina\/oprema-za-dom\/akumulatorji-baterije\/akumulatorji\/akumulatorska-baterija-mw-5-12l-12v-5ah\/","title":{"rendered":"Akumulatorska baterija MW 5-12L &#8211; 12V 5Ah"},"content":{"rendered":"","protected":false},"excerpt":{"rendered":"<p>Akumulatorji MW Power serije MW so namenjeni uporabi v sistemih zasilnega napajanja in drugih aplikacijah, kjer akumulator deluje cikli\u010dno.<\/p>\n<p>Akumulatorji so izdelani posebej za cikli\u010dno uporabo (pogosta polnjenja in praznjenja), za uporabo v elektri\u010dnih kolesih, prenosnih svetilkah in reflektorjih, cestnih signalizacijah, avtodomih, elektri\u010dnih vozi\u010dkih in podobnih aplikacijah z vgrajenimi elektro motorji. Akumulatorje MWP serije je mogo\u010de uporabljati tudi za zasilne UPS in avtomatizacijske sisteme.<\/p>\n<p>Pri 50 odstotnih praznitvah omogo\u010da do 500 ciklov.<\/p>\n<p>Predvidena \u017eivljenjska doba: 6\u20139 let pri temperaturi 20\u201325 \u00b0C.<\/p>","protected":false},"featured_media":8917,"comment_status":"open","ping_status":"closed","template":"","meta":{"inline_featured_image":false},"product_brand":[],"product_cat":[249,70],"product_tag":[],"class_list":{"0":"post-8916","1":"product","2":"type-product","3":"status-publish","4":"has-post-thumbnail","6":"product_cat-akumulatorji","7":"product_cat-akumulatorji-baterije","9":"first","10":"instock","11":"taxable","12":"shipping-taxable","13":"purchasable","14":"product-type-simple","15":"czr-hentry"},"_links":{"self":[{"href":"https:\/\/www.tada.si\/en\/wp-json\/wp\/v2\/product\/8916","targetHints":{"allow":["GET"]}}],"collection":[{"href":"https:\/\/www.tada.si\/en\/wp-json\/wp\/v2\/product"}],"about":[{"href":"https:\/\/www.tada.si\/en\/wp-json\/wp\/v2\/types\/product"}],"replies":[{"embeddable":true,"href":"https:\/\/www.tada.si\/en\/wp-json\/wp\/v2\/comments?post=8916"}],"wp:featuredmedia":[{"embeddable":true,"href":"https:\/\/www.tada.si\/en\/wp-json\/wp\/v2\/media\/8917"}],"wp:attachment":[{"href":"https:\/\/www.tada.si\/en\/wp-json\/wp\/v2\/media?parent=8916"}],"wp:term":[{"taxonomy":"product_brand","embeddable":true,"href":"https:\/\/www.tada.si\/en\/wp-json\/wp\/v2\/product_brand?post=8916"},{"taxonomy":"product_cat","embeddable":true,"href":"https:\/\/www.tada.si\/en\/wp-json\/wp\/v2\/product_cat?post=8916"},{"taxonomy":"product_tag","embeddable":true,"href":"https:\/\/www.tada.si\/en\/wp-json\/wp\/v2\/product_tag?post=8916"}],"curies":[{"name":"wp","href":"https:\/\/api.w.org\/{rel}","templated":true}]}}