{"id":8931,"date":"2025-12-10T12:01:47","date_gmt":"2025-12-10T10:01:47","guid":{"rendered":"https:\/\/www.tada.si\/?post_type=product&#038;p=8931"},"modified":"2026-02-19T15:10:28","modified_gmt":"2026-02-19T13:10:28","slug":"mw-power-polnilnik-akumulatorskih-baterij-12v-in-24v-mw-sc8e","status":"publish","type":"product","link":"https:\/\/www.tada.si\/en\/trgovina\/oprema-za-dom\/akumulatorji-baterije\/mw-power-polnilnik-akumulatorskih-baterij-12v-in-24v-mw-sc8e\/","title":{"rendered":"MW Power polnilnik akumulatorskih baterij 12V in 24V MW-SC8E"},"content":{"rendered":"<h3 class=\"product-title\"><a href=\"https:\/\/mplpower.pl\/\" target=\"_blank\" rel=\"noopener\">MW Power polnilec akumulatorskih baterij 12V in 24V MW-SC8E<\/a><\/h3>\n<h2 data-start=\"199\" data-end=\"273\">Profesionalni mikroprocesorski polnilnik za svin\u010deno-kislinske baterije<\/h2>\n<p data-start=\"275\" data-end=\"571\">Napreden elektronski pametni polnilnik za <strong data-start=\"341\" data-end=\"378\">12V in 24V akumulatorske baterije<\/strong>, primeren za mokre (WET), GEL in AGM svin\u010deno-kislinske baterije. Z mikroprocesorskim nadzorom zagotavlja varno, u\u010dinkovito in ve\u010dstopenjsko polnjenje, ki podalj\u0161uje \u017eivljenjsko dobo baterije.<\/p>\n<p data-start=\"573\" data-end=\"613\">Polnilnik omogo\u010da izbiro toka polnjenja:<\/p>\n<ul data-start=\"614\" data-end=\"656\">\n<li data-start=\"614\" data-end=\"637\">\n<p data-start=\"616\" data-end=\"637\"><strong data-start=\"616\" data-end=\"637\">12V: 1A \/ 4A \/ 8A<\/strong><\/p>\n<\/li>\n<li data-start=\"638\" data-end=\"656\">\n<p data-start=\"640\" data-end=\"656\"><strong data-start=\"640\" data-end=\"656\">24V: 1A \/ 4A<\/strong><\/p>\n<\/li>\n<\/ul>\n<p data-start=\"658\" data-end=\"693\">Primeren je za baterije kapacitete:<\/p>\n<ul data-start=\"694\" data-end=\"743\">\n<li data-start=\"694\" data-end=\"718\">\n<p data-start=\"696\" data-end=\"718\"><strong data-start=\"696\" data-end=\"718\">12V: 1.2Ah \u2013 240Ah<\/strong><\/p>\n<\/li>\n<li data-start=\"719\" data-end=\"743\">\n<p data-start=\"721\" data-end=\"743\"><strong data-start=\"721\" data-end=\"743\">24V: 1.2Ah \u2013 120Ah<\/strong><\/p>\n<\/li>\n<\/ul>\n<hr data-start=\"745\" data-end=\"748\" \/>\n<h2 data-start=\"750\" data-end=\"795\">Inteligentni polnilni proces<\/h2>\n<ol data-start=\"0\" data-end=\"315\">\n<li data-start=\"0\" data-end=\"176\">\n<p data-start=\"3\" data-end=\"176\"><strong data-start=\"3\" data-end=\"21\">Inicializacija<\/strong><br data-start=\"21\" data-end=\"24\" \/>Preveri stanje baterije, da dolo\u010di postopek polnjenja. \u010ce je baterija globoko izpraznjena, preide v na\u010din obnovitve (Recovery Mode), da osve\u017ei baterijo.<\/p>\n<\/li>\n<li data-start=\"178\" data-end=\"315\">\n<p data-start=\"181\" data-end=\"315\"><strong data-start=\"181\" data-end=\"200\">Ne\u017eno polnjenje<\/strong><br data-start=\"200\" data-end=\"203\" \/>Za\u010dne postopek polnjenja z majhnim tokom, kar lahko ogreje baterijo in prepre\u010di nenadno hitro (polno) polnjenje.<\/p>\n<\/li>\n<\/ol>\n<p data-start=\"317\" data-end=\"441\">3.\u20136. <strong data-start=\"323\" data-end=\"356\">Polnjenje s konstantnim tokom<\/strong><br data-start=\"356\" data-end=\"359\" \/>\u00a0 \u00a0 \u00a0 \u00a0 \u00a0 Povrne 85 % kapacitete baterije s polnjenjem pri najve\u010dji in drugih stopnjah toka.<\/p>\n<ol start=\"7\" data-start=\"443\" data-end=\"1110\">\n<li data-start=\"443\" data-end=\"631\">\n<p data-start=\"446\" data-end=\"631\"><strong data-start=\"446\" data-end=\"483\">Polnjenje s konstantno napetostjo<\/strong><br data-start=\"483\" data-end=\"486\" \/>Pove\u010da raven napolnjenosti na 95 % s postopnim zmanj\u0161evanjem toka, kar omejuje nastajanje plinov v bateriji in podalj\u0161uje njeno \u017eivljenjsko dobo.<\/p>\n<\/li>\n<li data-start=\"633\" data-end=\"743\">\n<p data-start=\"636\" data-end=\"743\"><strong data-start=\"636\" data-end=\"669\">Vzdr\u017eevalno (Float) polnjenje<\/strong><br data-start=\"669\" data-end=\"672\" \/>Zaklju\u010di postopek polnjenja in baterijo napolni do najve\u010dje kapacitete.<\/p>\n<\/li>\n<li data-start=\"745\" data-end=\"924\">\n<p data-start=\"748\" data-end=\"924\"><strong data-start=\"748\" data-end=\"759\">Analiza<\/strong><br data-start=\"759\" data-end=\"762\" \/>Prekine izhod in preveri, ali baterija lahko zadr\u017ei kapaciteto. Lahko preide v na\u010din odstranjevanja sulfatizacije (Desulfation Mode) za globinsko obnovo baterije.<\/p>\n<\/li>\n<li data-start=\"926\" data-end=\"1110\">\n<p data-start=\"930\" data-end=\"1110\"><strong data-start=\"930\" data-end=\"945\">Vzdr\u017eevanje<\/strong><br data-start=\"945\" data-end=\"948\" \/>Nadzira stanje baterije. \u010ce napetost pade pod dolo\u010deno mejo, polnilnik znova za\u017eene polnjenje, kar zagotavlja popolno napolnjenost brez tveganja prenapolnjenosti.<\/p>\n<\/li>\n<\/ol>\n<hr data-start=\"1112\" data-end=\"1115\" \/>\n<h3 data-start=\"1117\" data-end=\"1156\">Na\u010din obnovitve (Recovery Mode)<\/h3>\n<p data-start=\"1157\" data-end=\"1399\">Izvede postopek obnove globoko izpraznjenih ali sulfatiziranih baterij z impulznim majhnim tokom \u2013 gre za funkcijo obnove baterije. Ta na\u010din se za\u017eene samodejno (ko je baterija globoko izpraznjena) ali ro\u010dno s pritiskom na gumb \u00bbRecondition\u00ab.<\/p>\n<h3 data-start=\"1401\" data-end=\"1462\">Na\u010din odstranjevanja sulfatizacije (Desulfation Mode)<\/h3>\n<p data-start=\"1463\" data-end=\"1694\" data-is-last-node=\"\" data-is-only-node=\"\">Obnovi kapaciteto sulfatizirane baterije z uporabo posebne visoke napetosti za raztapljanje sulfatov na plo\u0161\u010dah baterije \u2013 prav tako gre za funkcijo obnove baterije. Ta faza se za\u010dne po analizi, \u010de baterija ne zadr\u017ei napolnjenosti.<\/p>\n<hr data-start=\"1365\" data-end=\"1368\" \/>\n<h2 data-start=\"1370\" data-end=\"1390\">Klju\u010dne prednosti<\/h2>\n<ul>\n<li>Mikroprocesorski system krmiljenja<\/li>\n<li>V celoti avtomatiziran, 10-stopenjski proces polnjenja<\/li>\n<li>Vzdr\u017eevanje akumulatorja v stanju napolnjenosti<\/li>\n<li>Zaznava in regeneracija iz\u010drpanega akumulatorja<\/li>\n<li>Protikratkosti\u010dna za\u0161\u010dita, Prenapetost<\/li>\n<li>Za\u0161\u010dita pred prenapolnjenjem<\/li>\n<li>Toplotna za\u0161\u010dita<\/li>\n<li>Za\u0161\u010dita pred povezavo z obratno polarnostjo<\/li>\n<li>Izolirane krokodilske sponke<\/li>\n<li>Naprava lahko deluje tako znotraj kot zunaj stavb<\/li>\n<li>Enostavnost obe\u0161enja<\/li>\n<\/ul>\n<hr data-start=\"1732\" data-end=\"1735\" \/>\n<h2 data-start=\"1737\" data-end=\"1773\">Tehni\u010dne specifikacije<\/h2>\n<p data-start=\"1775\" data-end=\"1784\"><strong data-start=\"1775\" data-end=\"1784\">Vhod:<\/strong><\/p>\n<ul>\n<li data-start=\"1787\" data-end=\"1806\">220\u2013240V AC,<\/li>\n<li data-start=\"1787\" data-end=\"1806\">50HzMax tok: 0.75A<\/li>\n<\/ul>\n<p data-start=\"1827\" data-end=\"1837\"><strong data-start=\"1827\" data-end=\"1837\">Izhod:<\/strong><\/p>\n<ul>\n<li data-start=\"1840\" data-end=\"1859\">14.7V (12V na\u010din)<\/li>\n<li data-start=\"1840\" data-end=\"1859\">29.4V (24V na\u010din)<\/li>\n<li data-start=\"1840\" data-end=\"1859\">Max mo\u010d: 96W<\/li>\n<li data-start=\"1840\" data-end=\"1859\">U\u010dinkovitost: 80%<\/li>\n<\/ul>\n<p data-start=\"1922\" data-end=\"1941\"><strong data-start=\"1922\" data-end=\"1941\">Delovni pogoji:<\/strong><\/p>\n<ul>\n<li data-start=\"1944\" data-end=\"1972\">Temperatura: -5\u00b0C do +40\u00b0C<\/li>\n<li data-start=\"1944\" data-end=\"1972\">Vla\u017enost: 20\u201390% brez kondenza<\/li>\n<\/ul>\n<p data-start=\"2009\" data-end=\"2023\"><strong data-start=\"2009\" data-end=\"2023\">Dimenzije:<\/strong><\/p>\n<ul data-start=\"2024\" data-end=\"2062\">\n<li data-start=\"2024\" data-end=\"2044\">\n<p data-start=\"2026\" data-end=\"2044\">218 \u00d7 89 \u00d7 49 mm<\/p>\n<\/li>\n<li data-start=\"2045\" data-end=\"2062\">\n<p data-start=\"2047\" data-end=\"2062\">Te\u017ea: 0.64 kg<\/p>\n<\/li>\n<\/ul>\n<hr data-start=\"2064\" data-end=\"2067\" \/>\n<h2 data-start=\"2069\" data-end=\"2088\">Primerna uporaba<\/h2>\n<ul>\n<li data-start=\"2092\" data-end=\"2104\">Avtomobili<\/li>\n<li data-start=\"2092\" data-end=\"2104\">Motorji in mopedi<\/li>\n<li data-start=\"2092\" data-end=\"2104\">\u010colni<\/li>\n<li data-start=\"2092\" data-end=\"2104\">Kosilnice<\/li>\n<li data-start=\"2092\" data-end=\"2104\">ATV \/ quad vozila<\/li>\n<li data-start=\"2092\" data-end=\"2104\">Skuterji za sneg in vodo<\/li>\n<\/ul>\n<p data-start=\"2203\" data-end=\"2277\">Idealen za doma\u010do uporabo, servisne delavnice in profesionalne uporabnike.<\/p>","protected":false},"excerpt":{"rendered":"<p data-start=\"124\" data-end=\"468\">Elektronski pametni polnilnik MW-SC8E je napreden polnilec za 12V in 24V svin\u010deno-kislinske baterije, vklju\u010dno z mokrimi (WET), GEL in AGM tipi.<\/p>\n<p data-start=\"124\" data-end=\"468\">Zasnovan je za zanesljivo polnjenje in vzdr\u017eevanje baterij v avtomobilih, \u010dolnih, \u0161tirikolesnikih, kosilnicah, motornih kolesih, mopedi, sne\u017enih in vodnih skuterjih ter drugih vozilih in napravah.<\/p>\n<p data-start=\"124\" data-end=\"468\">Oglejte si \u0161e <a href=\"https:\/\/www.tada.si\/en\/product-category\/akumulatorji-baterije\/polnilniki\/\">ostalo ponudbo polnilnikov na na\u0161i spletni strani.<\/a><\/p>","protected":false},"featured_media":8933,"comment_status":"open","ping_status":"closed","template":"","meta":{"inline_featured_image":false},"product_brand":[],"product_cat":[70,241],"product_tag":[],"class_list":{"0":"post-8931","1":"product","2":"type-product","3":"status-publish","4":"has-post-thumbnail","6":"product_cat-akumulatorji-baterije","7":"product_cat-polnilniki","9":"first","10":"instock","11":"taxable","12":"shipping-taxable","13":"purchasable","14":"product-type-simple","15":"czr-hentry"},"_links":{"self":[{"href":"https:\/\/www.tada.si\/en\/wp-json\/wp\/v2\/product\/8931","targetHints":{"allow":["GET"]}}],"collection":[{"href":"https:\/\/www.tada.si\/en\/wp-json\/wp\/v2\/product"}],"about":[{"href":"https:\/\/www.tada.si\/en\/wp-json\/wp\/v2\/types\/product"}],"replies":[{"embeddable":true,"href":"https:\/\/www.tada.si\/en\/wp-json\/wp\/v2\/comments?post=8931"}],"wp:featuredmedia":[{"embeddable":true,"href":"https:\/\/www.tada.si\/en\/wp-json\/wp\/v2\/media\/8933"}],"wp:attachment":[{"href":"https:\/\/www.tada.si\/en\/wp-json\/wp\/v2\/media?parent=8931"}],"wp:term":[{"taxonomy":"product_brand","embeddable":true,"href":"https:\/\/www.tada.si\/en\/wp-json\/wp\/v2\/product_brand?post=8931"},{"taxonomy":"product_cat","embeddable":true,"href":"https:\/\/www.tada.si\/en\/wp-json\/wp\/v2\/product_cat?post=8931"},{"taxonomy":"product_tag","embeddable":true,"href":"https:\/\/www.tada.si\/en\/wp-json\/wp\/v2\/product_tag?post=8931"}],"curies":[{"name":"wp","href":"https:\/\/api.w.org\/{rel}","templated":true}]}}