{"id":8988,"date":"2025-12-23T12:24:21","date_gmt":"2025-12-23T10:24:21","guid":{"rendered":"https:\/\/www.tada.si\/?post_type=product&#038;p=8988"},"modified":"2026-02-26T16:07:14","modified_gmt":"2026-02-26T14:07:14","slug":"apple-magsafe-brezzicni-polnilec","status":"publish","type":"product","link":"https:\/\/www.tada.si\/en\/trgovina\/telefoni\/iphone\/apple-magsafe-brezzicni-polnilec\/","title":{"rendered":"Apple MagSafe brez\u017ei\u010dni polnilec"},"content":{"rendered":"<h3 data-start=\"159\" data-end=\"369\"><a href=\"https:\/\/www.apple.com\/\" target=\"_blank\" rel=\"noopener\">Apple MagSafe brez\u017ei\u010dni polnilec <\/a><\/h3>\n<p data-start=\"38\" data-end=\"323\">Omogo\u010da hitro in preprosto brez\u017ei\u010dno napajanje. Popolno poravnani magneti se samodejno pritrdijo na zdru\u017eljive modele iPhone ter zagotavljajo stabilen stik med polnjenjem. Naprava podpira hitrej\u0161e brez\u017ei\u010dno polnjenje do 25 W, kadar je uporabljena s 30 W napajalnikom (naprodaj lo\u010deno).<\/p>\n<p data-start=\"325\" data-end=\"534\">Zdru\u017eljiv je s standardoma Qi2 in Qi, zato omogo\u010da brez\u017ei\u010dno polnjenje modelov iPhone 8 ali novej\u0161ih ter slu\u0161alk AirPods z brez\u017ei\u010dnim polnilnim ohi\u0161jem \u2013 enako kot katerikoli Qi- ali Qi2-certificiran polnilec.<\/p>\n<p data-start=\"536\" data-end=\"607\">Magnetna poravnava je na voljo pri modelih iPhone 12, 13, 14, 15 in 16.<\/p>\n<hr data-start=\"609\" data-end=\"612\" \/>\n<h3 data-start=\"614\" data-end=\"654\">Do 25 W hitrej\u0161e brez\u017ei\u010dno polnjenje<\/h3>\n<p data-start=\"656\" data-end=\"881\">MagSafe polnilec je zasnovan za hitro in varno brez\u017ei\u010dno polnjenje va\u0161ega iPhone. Sistem se inteligentno prilagaja pogojem delovanja ter optimizira polnjenje z najve\u010djo mo\u010djo do 25 W, kar omogo\u010da hitrej\u0161e brez\u017ei\u010dno napajanje.<\/p>\n<p data-start=\"883\" data-end=\"1025\">Dejanska mo\u010d, ki se prenese na iPhone, je odvisna od modela naprave, mo\u010di uporabljenega napajalnega adapterja in trenutnih sistemskih pogojev.<\/p>\n<p data-start=\"1027\" data-end=\"1380\">Pomembno je, da napravo najprej priklju\u010dite na vir napajanja in \u0161ele nato nanjo polo\u017eite iPhone. Tako sistem preveri, ali je varno zagotoviti najve\u010djo mo\u010d.<br data-start=\"1182\" data-end=\"1185\" \/>\u010ce iPhone najprej polo\u017eite na podlago in jo \u0161ele nato priklju\u010dite v elektriko, telefon preprosto odstranite, po\u010dakajte tri sekunde in ga ponovno polo\u017eite nazaj, da se omogo\u010di polna mo\u010d polnjenja.<\/p>\n<p data-start=\"1382\" data-end=\"1572\">Napajalni adapterji imajo razli\u010dne nazivne vrednosti mo\u010di in hitrosti prenosa energije. Za doseganje hitrej\u0161ega brez\u017ei\u010dnega polnjenja mora adapter ustrezati priporo\u010denim specifikacijam mo\u010di.<\/p>\n<hr data-start=\"1574\" data-end=\"1577\" \/>\n<h3 data-start=\"1579\" data-end=\"1618\">Priporo\u010dila za najvi\u0161jo zmogljivost<\/h3>\n<ul data-start=\"1620\" data-end=\"1999\">\n<li data-start=\"1620\" data-end=\"1768\">\n<p data-start=\"1622\" data-end=\"1768\">Do 25 W brez\u017ei\u010dne mo\u010di \u2013 pribli\u017eno 50 % baterije v okoli 30 minutah za iPhone 16 in 16 Pro, ob uporabi 30 W USB-C napajalnika (naprodaj lo\u010deno).<\/p>\n<\/li>\n<li data-start=\"1769\" data-end=\"1892\">\n<p data-start=\"1771\" data-end=\"1892\">Do 15 W hitrega brez\u017ei\u010dnega polnjenja za iPhone 12 ali novej\u0161i ob povezavi z 20 W USB-C napajalnikom (naprodaj lo\u010deno).<\/p>\n<\/li>\n<li data-start=\"1893\" data-end=\"1999\">\n<p data-start=\"1895\" data-end=\"1999\">Do 7,5 W za iPhone 8 ali novej\u0161i pri uporabi Qi standarda in 20 W USB-C napajalnika (naprodaj lo\u010deno).<\/p>\n<\/li>\n<\/ul>\n<hr data-start=\"2001\" data-end=\"2004\" \/>\n<h3 data-start=\"2006\" data-end=\"2029\">Navodila za uporabo<\/h3>\n<p data-start=\"2031\" data-end=\"2223\">USB-C priklju\u010dek pove\u017eite s priporo\u010denim 30-vatnim ali zmogljivej\u0161im USB-C napajalnim adapterjem (lahko tudi drugega proizvajalca). Priklop je mogo\u010d tudi na USB-C vrata ra\u010dunalnika Mac ali PC.<\/p>\n<p data-start=\"2225\" data-end=\"2336\">Napravo polo\u017eite na ravno povr\u0161ino, obrnjeno navzgor, stran od kovinskih predmetov ali drugih tujih materialov.<\/p>\n<p data-start=\"2338\" data-end=\"2411\" data-is-last-node=\"\" data-is-only-node=\"\">Na podlago nato polo\u017eite svoj iPhone in polnjenje se bo za\u010delo samodejno.<\/p>\n<p data-start=\"371\" data-end=\"509\"><img loading=\"lazy\" decoding=\"async\" class=\"alignnone\" src=\"https:\/\/store.storeimages.cdn-apple.com\/1\/as-images.apple.com\/is\/MGD74_AV2?wid=1144&amp;hei=1144&amp;fmt=jpeg&amp;qlt=90&amp;.v=TTdHNXlmS1U2YlgvUjAxUkhoeWFiRlZya2lKWlJmUEwrYndWOTJiVWJWQUYwVmtIbGRkS25RMVpBRlo0bk5DUUR0cy9zZDlUcTZ6WVhrbURDbUlSZEE\" alt=\"Apple MagSafe brez\u017ei\u010dni polnilec\" width=\"414\" height=\"414\" \/><\/p>\n<p>&nbsp;<\/p>\n<p>&nbsp;<\/p>","protected":false},"excerpt":{"rendered":"<p>Apple MagSafe brez\u017ei\u010dni polnilec (MX6Y3ZM\/A).<\/p>\n<p>Oglejte si \u0161e <a href=\"https:\/\/www.tada.si\/en\/product-category\/telefoni\/iphone\/\">ostalo ponudbo Apple izdelkov na na\u0161i spletni strani.<\/a><\/p>","protected":false},"featured_media":8989,"comment_status":"open","ping_status":"closed","template":"","meta":{"inline_featured_image":false},"product_brand":[],"product_cat":[134,71,186,64],"product_tag":[],"class_list":{"0":"post-8988","1":"product","2":"type-product","3":"status-publish","4":"has-post-thumbnail","6":"product_cat-iphone","7":"product_cat-outlet","8":"product_cat-polnilne-postaje","9":"product_cat-telefoni","11":"first","12":"instock","13":"sale","14":"featured","15":"taxable","16":"shipping-taxable","17":"purchasable","18":"product-type-simple","19":"czr-hentry"},"_links":{"self":[{"href":"https:\/\/www.tada.si\/en\/wp-json\/wp\/v2\/product\/8988","targetHints":{"allow":["GET"]}}],"collection":[{"href":"https:\/\/www.tada.si\/en\/wp-json\/wp\/v2\/product"}],"about":[{"href":"https:\/\/www.tada.si\/en\/wp-json\/wp\/v2\/types\/product"}],"replies":[{"embeddable":true,"href":"https:\/\/www.tada.si\/en\/wp-json\/wp\/v2\/comments?post=8988"}],"wp:featuredmedia":[{"embeddable":true,"href":"https:\/\/www.tada.si\/en\/wp-json\/wp\/v2\/media\/8989"}],"wp:attachment":[{"href":"https:\/\/www.tada.si\/en\/wp-json\/wp\/v2\/media?parent=8988"}],"wp:term":[{"taxonomy":"product_brand","embeddable":true,"href":"https:\/\/www.tada.si\/en\/wp-json\/wp\/v2\/product_brand?post=8988"},{"taxonomy":"product_cat","embeddable":true,"href":"https:\/\/www.tada.si\/en\/wp-json\/wp\/v2\/product_cat?post=8988"},{"taxonomy":"product_tag","embeddable":true,"href":"https:\/\/www.tada.si\/en\/wp-json\/wp\/v2\/product_tag?post=8988"}],"curies":[{"name":"wp","href":"https:\/\/api.w.org\/{rel}","templated":true}]}}