{"id":9006,"date":"2026-01-22T12:34:09","date_gmt":"2026-01-22T10:34:09","guid":{"rendered":"https:\/\/www.tada.si\/?post_type=product&#038;p=9006"},"modified":"2026-03-09T14:01:59","modified_gmt":"2026-03-09T12:01:59","slug":"apple-iphone-ovitek-marmor","status":"publish","type":"product","link":"https:\/\/www.tada.si\/en\/trgovina\/telefoni\/iphone\/apple-iphone-ovitek-marmor\/","title":{"rendered":"Apple iPhone Ovitek Marmor"},"content":{"rendered":"<h3 data-start=\"260\" data-end=\"523\"><a href=\"https:\/\/www.apple.com\/\" target=\"_blank\" rel=\"noopener\">Apple iPhone<\/a> ovitek Marmor je silikonski etui, ki va\u0161 telefon u\u010dinkovito \u0161\u010diti pred udarci, praskami in vsakodnevnimi po\u0161kodbami. Popolnoma se prilega telefonu, kar zagotavlja enostavno uporabo vseh gumbov, priklju\u010dkov in kamere.<\/h3>\n<p data-start=\"525\" data-end=\"768\">Zaradi elegantnega vzorca marmorja bo po\u017eivil zunanji videz va\u0161ega telefona in mu dodal sodoben, modni pridih. Tanek, lahek in prijeten na otip, hkrati pa nudi zanesljivo za\u0161\u010dito va\u0161ega telefona<\/p>\n<p data-start=\"428\" data-end=\"702\">Mehak, a trpe\u017een silikonski material pomaga absorbirati udarce pri manj\u0161ih padcih ter prepre\u010duje nastanek prask na zadnji strani in robovih telefona. Rahlo dvignjeni robovi okoli kamere in zaslona nudijo dodatno za\u0161\u010dito, ko telefon polo\u017eite na mizo ali drugo ravno povr\u0161ino.<\/p>\n<p data-start=\"704\" data-end=\"938\">Ovitek je zasnovan tako, da ohranja tanek profil telefona, zato ne pove\u010da njegove velikosti in omogo\u010da udoben oprijem v roki. Povr\u0161ina je prijetna na dotik ter prepre\u010duje drsenje, kar zmanj\u0161uje mo\u017enost, da bi vam telefon padel iz rok.<\/p>\n<p data-start=\"940\" data-end=\"1173\">Namestitev ovitka je zelo preprosta \u2013 ovitek se hitro in brez napora namesti ali odstrani, hkrati pa ostane trdno na mestu. Natan\u010dni izrezi omogo\u010dajo nemoten dostop do vseh funkcij telefona, vklju\u010dno s polnjenjem, zvo\u010dniki in kamero.<\/p>\n<p data-start=\"770\" data-end=\"807\">Glavne prednosti ovitka Marmor:<\/p>\n<ul>\n<li data-start=\"810\" data-end=\"865\">Silikonski material za za\u0161\u010dito pred padci in praskami<\/li>\n<li data-start=\"810\" data-end=\"865\">Popolno prileganje telefonu<\/li>\n<li data-start=\"810\" data-end=\"865\">Elegantni marmorni vzorec za moderen videz<\/li>\n<li data-start=\"810\" data-end=\"865\">Enostavna namestitev in odstranitev<\/li>\n<li data-start=\"810\" data-end=\"865\">Zdru\u017eljiv z Apple iPhone 11, 11 Pro in 11 Pro Max<\/li>\n<\/ul>","protected":false},"excerpt":{"rendered":"<p>Idealna izbira za vse, ki \u017eelijo za\u0161\u010dititi svoj telefon, hkrati pa ohraniti eleganten in moderen videz naprave.<\/p>\n<p>Popolnoma se prilega telefonu in nudi odli\u010dno za\u0161\u010dito pred udarci, padci in praskami.<\/p>\n<p>Oglejte si \u0161e<a href=\"https:\/\/www.tada.si\/en\/product-category\/telefoni\/ovitki\/\"> ostalo ponudbo ovitkov na na\u0161i spletni strani.<\/a><\/p>","protected":false},"featured_media":9717,"comment_status":"open","ping_status":"closed","template":"","meta":{"inline_featured_image":false},"product_brand":[],"product_cat":[134,71,148,64],"product_tag":[],"class_list":{"0":"post-9006","1":"product","2":"type-product","3":"status-publish","4":"has-post-thumbnail","6":"product_cat-iphone","7":"product_cat-outlet","8":"product_cat-ovitki","9":"product_cat-telefoni","10":"pa_barva-rose-marble","11":"pa_barva-white-marble","13":"first","14":"instock","15":"sale","16":"taxable","17":"shipping-taxable","18":"purchasable","19":"product-type-variable","20":"czr-hentry"},"_links":{"self":[{"href":"https:\/\/www.tada.si\/en\/wp-json\/wp\/v2\/product\/9006","targetHints":{"allow":["GET"]}}],"collection":[{"href":"https:\/\/www.tada.si\/en\/wp-json\/wp\/v2\/product"}],"about":[{"href":"https:\/\/www.tada.si\/en\/wp-json\/wp\/v2\/types\/product"}],"replies":[{"embeddable":true,"href":"https:\/\/www.tada.si\/en\/wp-json\/wp\/v2\/comments?post=9006"}],"wp:featuredmedia":[{"embeddable":true,"href":"https:\/\/www.tada.si\/en\/wp-json\/wp\/v2\/media\/9717"}],"wp:attachment":[{"href":"https:\/\/www.tada.si\/en\/wp-json\/wp\/v2\/media?parent=9006"}],"wp:term":[{"taxonomy":"product_brand","embeddable":true,"href":"https:\/\/www.tada.si\/en\/wp-json\/wp\/v2\/product_brand?post=9006"},{"taxonomy":"product_cat","embeddable":true,"href":"https:\/\/www.tada.si\/en\/wp-json\/wp\/v2\/product_cat?post=9006"},{"taxonomy":"product_tag","embeddable":true,"href":"https:\/\/www.tada.si\/en\/wp-json\/wp\/v2\/product_tag?post=9006"}],"curies":[{"name":"wp","href":"https:\/\/api.w.org\/{rel}","templated":true}]}}