{"id":9087,"date":"2026-01-08T10:19:13","date_gmt":"2026-01-08T08:19:13","guid":{"rendered":"https:\/\/www.tada.si\/?post_type=product&#038;p=9087"},"modified":"2026-03-24T10:13:35","modified_gmt":"2026-03-24T08:13:35","slug":"baterija-gp-aa-ultra-alkalna-plus-15aup-lr6","status":"publish","type":"product","link":"https:\/\/www.tada.si\/en\/trgovina\/oprema-za-dom\/akumulatorji-baterije\/baterije\/baterija-gp-aa-ultra-alkalna-plus-15aup-lr6\/","title":{"rendered":"Baterija GP AA Ultra Alkalna Plus 15AUP (LR6)"},"content":{"rendered":"<h3><a href=\"https:\/\/de.gpbatteries.com\/\" target=\"_blank\" rel=\"noopener\">Baterija GP AA Ultra Alkalna Plus 15AUP (LR6)<\/a><\/h3>\n<p>Za izjemno dolgo delovanje, splo\u0161na uporaba.<\/p>\n<p>Tehnologija daje <strong>do 200 % ve\u010d energije kot standardne alkalne baterije, ki so na voljo na trgu<\/strong>.<\/p>\n<p>Baterije serije ULTRA+ vam zagotavljajo\u00a0<strong>dolgotrajno delovanje<\/strong>\u00a0va\u0161ih naprav &#8211; naj gre za daljinske upravljalnike ali digitalne fotoaparate.<\/p>\n<p>S to serijo baterij podjetja GP, boste imeli vedno dovolj\u00a0<strong>energije za najzahtevnej\u0161e naloge in dejavnosti<\/strong>. Ne glede na to, ali ste doma, v slu\u017ebi ali na poti, bodo alkalne baterije ULTRA+ postale va\u0161 zanesljiv partner za zagotavljanje potrebne energije.<\/p>\n<h3><strong>Visoka zmogljivost za va\u0161e dejavnosti<\/strong><\/h3>\n<p>Nova serija baterij GP Alkaline ULTRA+ ponuja\u00a0do 200 %\u00a0bolj\u0161o zmogljivost in neprekinjeno delovanje, kar je idealno za dalj\u0161e aktivnosti in druge dejavnosti, ki zahtevajo zanesljiv vir energije.<\/p>\n<p>Te baterije so zasnovane z mislijo na izbolj\u0161ano zmogljivost in u\u010dinkovitost, zato so idealne\u00a0za uporabo v razli\u010dnih napravah, ki zahtevajo veliko energije.<\/p>\n<h3><strong>G-TECH: Inovacije, ki zagotavljajo novo zmogljivost serije<\/strong><\/h3>\n<p>V notranjosti so bile izvedene \u0161tiri prelomne spremembe, med drugim\u00a0dalj\u0161e ohranjanje energije in mo\u010dnej\u0161e tesnjenje. Tehnologija G-TECH je sestavljena iz\u00a0cinkovega prahu\u00a0visoke gostote, ki zagotavlja\u00a0hitro proizvodnjo energije ter izbolj\u0161ano zmogljivost. Jedro iz grafita visoke \u010distosti, pove\u010duje\u00a0elektri\u010dno prevodnost, kar zagotavlja\u00a0dalj\u0161o \u017eivljenjsko dobo energije. Notranja zasnova pove\u010da\u00a0reakcijsko povr\u0161ino znotraj baterije in prenos energije znotraj celice.\u00a0Patentirana\u00a0tehnologija pu\u0161\u010danja energije to\u010dno to prepre\u010duje in u\u010dinkovito zaklepa baterijo.<\/p>\n<h3>Baterije visoke zmogljivosti za zahtevne situacije<\/h3>\n<p>Nove alkalne baterije GP so zaradi\u00a0visoke zmogljivosti in u\u010dinkovitosti\u00a0idealna izbira za uporabo v zahtevnih situacijah ali v vsakdanjem \u017eivljenju. Uporabljate jih lahko v razli\u010dnih napravah kot so\u00a0daljinski upravljalniki ali celo ra\u010dunalni\u0161ke mi\u0161ke.<\/p>\n<p>Nova serija baterij GP Ultra plus ponuja\u00a0\u0161irok izbor vseh velikosti, vklju\u010dno z AA, AAA, C, D in 9V, zato so primerne za vse vrste elektronskih naprav, ki potrebujejo baterije.<\/p>\n<h3>Varujemo na\u0161e okolje<\/h3>\n<p>GP je pripravil\u00a0inovativno re\u0161itev embala\u017ee, ki ne le\u00a0zmanj\u0161uje uporabo plastike, temve\u010d tudi\u00a0poudarja trajnost in enostavno recikla\u017eo.<\/p>\n<p>Nov koncept uporablja embala\u017eo iz trajnostno pridobljenega papirja, ki ima\u00a0posebno funkcijo ponovnega zapiranja.\u00a0Sama embala\u017ea po odprtju postane\u00a0prakti\u010dno vezivo\u00a0za va\u0161e nove ali rabljene baterije.<\/p>\n<p>Druga inovativna lastnost, je\u00a0uporaba \u010drnila na osnovi soje, kar ne le zmanj\u0161uje vpliv na okolje, temve\u010d tudi\u00a0olaj\u0161a recikliranje\u00a0embala\u017ee. Ta korak odra\u017ea GP-jev poudarek na upravljanju okolja in odgovornosti do planeta.<\/p>\n<p>Proizvajalec : GP Batteries<br \/>\nOznaka : GP15AUP<br \/>\nVelikost baterije: AA \/ LR6<br \/>\nNapetost : 1,5 V<br \/>\nTip baterije\u00a0: Ultra Plus Alkalna<\/p>\n<p><strong>Ultra Plus Alkalne GP baterije vam zagotavljajo dolgo delovanje. Baterije NE ste\u010dejo!<\/strong><\/p>","protected":false},"excerpt":{"rendered":"<p>Ultra Alkalna Plus AA GP baterija 15AUP (LR6)<\/p>\n<p><strong>POZOR !<\/strong><br \/>\n<strong>Cena je za 1 kos baterije.\u00a0Naro\u010dila za baterije sprejemamo za koli\u010dino po va\u0161i \u017eelji !<\/strong><\/p>\n<p>Oglejte si \u0161e <a href=\"https:\/\/www.tada.si\/en\/product-category\/oprema-za-dom\/akumulatorji-baterije\/\">ostalo ponudbo baterij na na\u0161i spletni strani.<\/a><\/p>","protected":false},"featured_media":9090,"comment_status":"open","ping_status":"closed","template":"","meta":{"inline_featured_image":false},"product_brand":[],"product_cat":[70,93],"product_tag":[],"class_list":{"0":"post-9087","1":"product","2":"type-product","3":"status-publish","4":"has-post-thumbnail","6":"product_cat-akumulatorji-baterije","7":"product_cat-baterije","9":"first","10":"instock","11":"taxable","12":"shipping-taxable","13":"purchasable","14":"product-type-simple","15":"czr-hentry"},"_links":{"self":[{"href":"https:\/\/www.tada.si\/en\/wp-json\/wp\/v2\/product\/9087","targetHints":{"allow":["GET"]}}],"collection":[{"href":"https:\/\/www.tada.si\/en\/wp-json\/wp\/v2\/product"}],"about":[{"href":"https:\/\/www.tada.si\/en\/wp-json\/wp\/v2\/types\/product"}],"replies":[{"embeddable":true,"href":"https:\/\/www.tada.si\/en\/wp-json\/wp\/v2\/comments?post=9087"}],"wp:featuredmedia":[{"embeddable":true,"href":"https:\/\/www.tada.si\/en\/wp-json\/wp\/v2\/media\/9090"}],"wp:attachment":[{"href":"https:\/\/www.tada.si\/en\/wp-json\/wp\/v2\/media?parent=9087"}],"wp:term":[{"taxonomy":"product_brand","embeddable":true,"href":"https:\/\/www.tada.si\/en\/wp-json\/wp\/v2\/product_brand?post=9087"},{"taxonomy":"product_cat","embeddable":true,"href":"https:\/\/www.tada.si\/en\/wp-json\/wp\/v2\/product_cat?post=9087"},{"taxonomy":"product_tag","embeddable":true,"href":"https:\/\/www.tada.si\/en\/wp-json\/wp\/v2\/product_tag?post=9087"}],"curies":[{"name":"wp","href":"https:\/\/api.w.org\/{rel}","templated":true}]}}