{"id":937,"date":"2020-02-14T14:18:20","date_gmt":"2020-02-14T14:18:20","guid":{"rendered":"http:\/\/www.tada.si\/?post_type=product&#038;p=937"},"modified":"2025-04-12T17:52:56","modified_gmt":"2025-04-12T15:52:56","slug":"ajax-wallswitch","status":"publish","type":"product","link":"https:\/\/www.tada.si\/en\/trgovina\/alarmni-in-video-nadzor\/ajax\/razsiritveni-moduli-ajax\/ajax-wallswitch\/","title":{"rendered":"AJAX WallSwitch"},"content":{"rendered":"<p>Brez\u017ei\u010dno stikalo za 220VAC, poraba do 3kW, max tok 13A, vgrajena prenapetostna za\u0161\u010dita (min 161V, max 264V), prilagojen za vgradnjo v podometno ohi\u0161je. Na voljo v \u010drni barvi.<\/p>","protected":false},"excerpt":{"rendered":"<p class=\"card__subtitle\">Brez\u017ei\u010dno stikalo za 220VAC, poraba do 3kW, max tok 13A, vgrajena prenapetostna za\u0161\u010dita (min 161V, max 264V), prilagojen za vgradnjo v podometno ohi\u0161je. Na voljo v \u010drni barvi.<\/p>","protected":false},"featured_media":6706,"comment_status":"open","ping_status":"closed","template":"","meta":{"inline_featured_image":false},"product_brand":[],"product_cat":[87,72,124],"product_tag":[],"class_list":{"0":"post-937","1":"product","2":"type-product","3":"status-publish","4":"has-post-thumbnail","6":"product_cat-ajax","7":"product_cat-alarmni-in-video-nadzor","8":"product_cat-razsiritveni-moduli-ajax","9":"pa_barva-214","11":"first","12":"instock","13":"taxable","14":"shipping-taxable","15":"purchasable","16":"product-type-simple","17":"czr-hentry"},"_links":{"self":[{"href":"https:\/\/www.tada.si\/en\/wp-json\/wp\/v2\/product\/937","targetHints":{"allow":["GET"]}}],"collection":[{"href":"https:\/\/www.tada.si\/en\/wp-json\/wp\/v2\/product"}],"about":[{"href":"https:\/\/www.tada.si\/en\/wp-json\/wp\/v2\/types\/product"}],"replies":[{"embeddable":true,"href":"https:\/\/www.tada.si\/en\/wp-json\/wp\/v2\/comments?post=937"}],"wp:featuredmedia":[{"embeddable":true,"href":"https:\/\/www.tada.si\/en\/wp-json\/wp\/v2\/media\/6706"}],"wp:attachment":[{"href":"https:\/\/www.tada.si\/en\/wp-json\/wp\/v2\/media?parent=937"}],"wp:term":[{"taxonomy":"product_brand","embeddable":true,"href":"https:\/\/www.tada.si\/en\/wp-json\/wp\/v2\/product_brand?post=937"},{"taxonomy":"product_cat","embeddable":true,"href":"https:\/\/www.tada.si\/en\/wp-json\/wp\/v2\/product_cat?post=937"},{"taxonomy":"product_tag","embeddable":true,"href":"https:\/\/www.tada.si\/en\/wp-json\/wp\/v2\/product_tag?post=937"}],"curies":[{"name":"wp","href":"https:\/\/api.w.org\/{rel}","templated":true}]}}