{"id":939,"date":"2018-10-03T07:25:50","date_gmt":"2018-10-03T05:25:50","guid":{"rendered":"http:\/\/www.tada.si\/?post_type=product&#038;p=939"},"modified":"2026-03-10T17:19:19","modified_gmt":"2026-03-10T15:19:19","slug":"ajax-fireprotect-plus","status":"publish","type":"product","link":"https:\/\/www.tada.si\/en\/trgovina\/alarmni-in-video-nadzor\/ajax\/detektorji-senzorji-ajax\/ajax-fireprotect-plus\/","title":{"rendered":"AJAX FireProtect Plus"},"content":{"rendered":"<p>Brez\u017ei\u010dni detektor dima, fiksne temperature in hitrega pove\u010danja temperature, detekcija po\u017eara na podlagi detekcije plina CO z vgrajeno piezzo sireno 85dB@1m. Garancija 2 leti razen na vgrajene baterije. Na voljo v \u010drni in beli barvi.<\/p>\n<table id=\"ContentPlaceHolder1_GridViewTechnicalCharacteristics\" class=\"table table-striped mt-2\" cellspacing=\"0\">\n<tbody>\n<tr>\n<td>Manufacturer<\/td>\n<td>AJAX<\/td>\n<\/tr>\n<tr>\n<td>Technology<\/td>\n<td>Wireless<\/td>\n<\/tr>\n<tr>\n<td>Wireless frequency<\/td>\n<td>868 MHz<\/td>\n<\/tr>\n<tr>\n<td>Wireless communication<\/td>\n<td>Two-way<\/td>\n<\/tr>\n<tr>\n<td>Dimensions<\/td>\n<td>132 x 132 x 31 mm<\/td>\n<\/tr>\n<tr>\n<td>Power supply<\/td>\n<td>battery 2 x CR2 (backup CR2032), 3V<\/td>\n<\/tr>\n<tr>\n<td>Installation<\/td>\n<td>Internal<\/td>\n<\/tr>\n<tr>\n<td>Detection<\/td>\n<td>Smoke \/ CO \/ temperature \/ sudden rise in temperature<\/td>\n<\/tr>\n<tr>\n<td>Detection method<\/td>\n<td>Optical<\/td>\n<\/tr>\n<tr>\n<td>Installation<\/td>\n<td>Ceiling<\/td>\n<\/tr>\n<tr>\n<td>Operating temperature<\/td>\n<td>0\u00b0C to +65\u00b0C<\/td>\n<\/tr>\n<tr>\n<td>LED and sound signaling<\/td>\n<td>Yes<\/td>\n<\/tr>\n<tr>\n<td>Built-in siren \/ buzzer<\/td>\n<td>85 dB @ 1 m<\/td>\n<\/tr>\n<\/tbody>\n<\/table>","protected":false},"excerpt":{"rendered":"<div class=\"card__info\">\n<p class=\"card__title\">\n<\/div>","protected":false},"featured_media":6625,"comment_status":"open","ping_status":"closed","template":"","meta":{"inline_featured_image":false},"product_brand":[],"product_cat":[87,72,114],"product_tag":[],"class_list":{"0":"post-939","1":"product","2":"type-product","3":"status-publish","4":"has-post-thumbnail","6":"product_cat-ajax","7":"product_cat-alarmni-in-video-nadzor","8":"product_cat-detektorji-senzorji-ajax","9":"pa_barva-bela","10":"pa_barva-crna","12":"first","13":"instock","14":"taxable","15":"shipping-taxable","16":"purchasable","17":"product-type-variable","18":"czr-hentry"},"_links":{"self":[{"href":"https:\/\/www.tada.si\/en\/wp-json\/wp\/v2\/product\/939","targetHints":{"allow":["GET"]}}],"collection":[{"href":"https:\/\/www.tada.si\/en\/wp-json\/wp\/v2\/product"}],"about":[{"href":"https:\/\/www.tada.si\/en\/wp-json\/wp\/v2\/types\/product"}],"replies":[{"embeddable":true,"href":"https:\/\/www.tada.si\/en\/wp-json\/wp\/v2\/comments?post=939"}],"wp:featuredmedia":[{"embeddable":true,"href":"https:\/\/www.tada.si\/en\/wp-json\/wp\/v2\/media\/6625"}],"wp:attachment":[{"href":"https:\/\/www.tada.si\/en\/wp-json\/wp\/v2\/media?parent=939"}],"wp:term":[{"taxonomy":"product_brand","embeddable":true,"href":"https:\/\/www.tada.si\/en\/wp-json\/wp\/v2\/product_brand?post=939"},{"taxonomy":"product_cat","embeddable":true,"href":"https:\/\/www.tada.si\/en\/wp-json\/wp\/v2\/product_cat?post=939"},{"taxonomy":"product_tag","embeddable":true,"href":"https:\/\/www.tada.si\/en\/wp-json\/wp\/v2\/product_tag?post=939"}],"curies":[{"name":"wp","href":"https:\/\/api.w.org\/{rel}","templated":true}]}}