{"id":942,"date":"2018-10-03T07:22:48","date_gmt":"2018-10-03T05:22:48","guid":{"rendered":"http:\/\/www.tada.si\/?post_type=product&#038;p=942"},"modified":"2026-03-10T17:19:28","modified_gmt":"2026-03-10T15:19:28","slug":"ajax-leaksprotect","status":"publish","type":"product","link":"https:\/\/www.tada.si\/en\/trgovina\/alarmni-in-video-nadzor\/ajax\/detektorji-senzorji-ajax\/ajax-leaksprotect\/","title":{"rendered":"AJAX LeaksProtect, brez\u017ei\u010dni detektor izliva vode"},"content":{"rendered":"<h3 data-start=\"81\" data-end=\"139\"><strong data-start=\"85\" data-end=\"139\">Za\u0161\u010dita pred poplavami in upravljanje vodne oskrbe<\/strong><\/h3>\n<p>Detektorji pu\u0161\u010danja <strong data-start=\"161\" data-end=\"177\">LeaksProtect<\/strong> v kombinaciji z elektri\u010dnim zapornim ventilom <a href=\"https:\/\/www.tada.si\/en\/trgovina\/alarmni-sistemi\/ajax\/detekcija-stanja-okolice\/ajax-waterstop\/\"><strong data-start=\"224\" data-end=\"237\">WaterStop<\/strong><\/a><\/p>\n<figure id=\"attachment_9224\" aria-describedby=\"caption-attachment-9224\" style=\"width: 280px\" class=\"wp-caption alignnone\"><a href=\"https:\/\/www.tada.si\/wp-content\/uploads\/2018\/10\/Waterstop-public-space-white.png\"><img loading=\"lazy\" decoding=\"async\" class=\"wp-image-9224\" src=\"https:\/\/www.tada.si\/wp-content\/uploads\/2018\/10\/Waterstop-public-space-white-300x169.png\" alt=\"\" width=\"280\" height=\"158\" srcset=\"https:\/\/www.tada.si\/wp-content\/uploads\/2018\/10\/Waterstop-public-space-white-300x169.png 300w, https:\/\/www.tada.si\/wp-content\/uploads\/2018\/10\/Waterstop-public-space-white-1024x576.png 1024w, https:\/\/www.tada.si\/wp-content\/uploads\/2018\/10\/Waterstop-public-space-white-768x432.png 768w, https:\/\/www.tada.si\/wp-content\/uploads\/2018\/10\/Waterstop-public-space-white-1536x864.png 1536w, https:\/\/www.tada.si\/wp-content\/uploads\/2018\/10\/Waterstop-public-space-white-2048x1152.png 2048w, https:\/\/www.tada.si\/wp-content\/uploads\/2018\/10\/Waterstop-public-space-white-18x10.png 18w, https:\/\/www.tada.si\/wp-content\/uploads\/2018\/10\/Waterstop-public-space-white-570x321.png 570w, https:\/\/www.tada.si\/wp-content\/uploads\/2018\/10\/Waterstop-public-space-white-1110x624.png 1110w, https:\/\/www.tada.si\/wp-content\/uploads\/2018\/10\/Waterstop-public-space-white-528x297.png 528w, https:\/\/www.tada.si\/wp-content\/uploads\/2018\/10\/Waterstop-public-space-white-600x338.png 600w, https:\/\/www.tada.si\/wp-content\/uploads\/2018\/10\/Waterstop-public-space-white-64x36.png 64w\" sizes=\"auto, (max-width: 280px) 100vw, 280px\" \/><\/a><figcaption id=\"caption-attachment-9224\" class=\"wp-caption-text\"><a href=\"https:\/\/www.tada.si\/en\/trgovina\/alarmni-sistemi\/ajax\/detekcija-stanja-okolice\/ajax-waterstop\/\"><strong data-start=\"224\" data-end=\"237\">Ajax WaterStop<\/strong><\/a><\/figcaption><\/figure>\n<p data-start=\"141\" data-end=\"366\">omogo\u010dajo vzpostavitev pametnega sistema za prepre\u010devanje izlivov vode ter <strong data-start=\"313\" data-end=\"365\">oddaljeno ali samodejno upravljanje vodne oskrbe<\/strong>.<\/p>\n<ul data-start=\"368\" data-end=\"577\">\n<li data-start=\"368\" data-end=\"422\">\n<p data-start=\"370\" data-end=\"422\">\u00a0Samodejni izklop dovoda vode ob zaznani pu\u0161\u010danju<\/p>\n<\/li>\n<li data-start=\"423\" data-end=\"495\">\n<p data-start=\"425\" data-end=\"495\">Samodejni izklop \/ vklop dovoda vode ob vklopu ali izklopu sistema<\/p>\n<\/li>\n<li data-start=\"496\" data-end=\"542\">\n<p data-start=\"498\" data-end=\"542\">Ro\u010dni izklop dovoda vode prek aplikacije<\/p>\n<\/li>\n<li data-start=\"543\" data-end=\"577\">\n<p data-start=\"545\" data-end=\"577\">\u010casovno na\u010drtovan dovod vode<\/p>\n<\/li>\n<\/ul>\n<p><strong><em>Visoka u\u010dinkovitost delovanja<\/em><\/strong><\/p>\n<ul>\n<li>V odprtem prostoru je obmo\u010dje delovanja do 1.300 m od centrale Ajax oziroma \u010dez ve\u010d nadstropij v poslovni ali stanovanjski stavbi.<\/li>\n<li>Zgodnje odkrivanje poplav.<\/li>\n<\/ul>\n<p><strong><em>Za\u0161\u010dita pred vlomilci in morebitnim nedelovanjem<\/em><\/strong><\/p>\n<ul>\n<li>Vodotesen detektor z nikljanimi kontakti.<\/li>\n<li>Za za\u0161\u010dito pred zlorabo uporablja avtentifikacijo.<\/li>\n<li>Proti po\u0161kodbam odporno ohi\u0161je detektorja.<\/li>\n<li>Odziv detektorja je mogo\u010de preveriti vsakih 12-300 sekund (nastavljivo).<\/li>\n<\/ul>\n<p><strong><em>Brezhibno delovanje<\/em><\/strong><\/p>\n<ul>\n<li>Alarm se samodejno prekli\u010de, \u010de se povr\u0161ina posu\u0161i.<\/li>\n<li>Var\u010duje z energijo na na\u010din reguliranja porabe energije glede na razdaljo od Ajax centrale<\/li>\n<li>\u017divljenjska doba baterije je do 5 let<\/li>\n<li>Dvosmerna komunikacija z Ajax centralo omogo\u010da redno testiranje in prilagajanje<\/li>\n<\/ul>\n<p><strong><em>Enostavna in profesionalna monta\u017ea<\/em><\/strong><\/p>\n<ul>\n<li>Kakovost povezave se lahko preverja na daljavo.<\/li>\n<li>Z Ajax centralo se pove\u017ee z enim klikom.<\/li>\n<\/ul>\n<div style=\"width: 1140px;\" class=\"wp-video\"><video class=\"wp-video-shortcode\" id=\"video-942-1\" width=\"1140\" height=\"638\" loop autoplay preload=\"auto\" controls=\"controls\"><source type=\"video\/mp4\" src=\"https:\/\/www.tada.si\/wp-content\/uploads\/2018\/10\/leaksprotect-_bathroom_97028a901b.mp4?_=1\" \/><a href=\"https:\/\/www.tada.si\/wp-content\/uploads\/2018\/10\/leaksprotect-_bathroom_97028a901b.mp4\">https:\/\/www.tada.si\/wp-content\/uploads\/2018\/10\/leaksprotect-_bathroom_97028a901b.mp4<\/a><\/video><\/div>\n<p>&nbsp;<\/p>\n<p>&nbsp;<\/p>\n<p>&nbsp;<\/p>\n<p>&nbsp;<\/p>\n<figure id=\"attachment_9223\" aria-describedby=\"caption-attachment-9223\" style=\"width: 300px\" class=\"wp-caption alignleft\"><a href=\"https:\/\/www.tada.si\/wp-content\/uploads\/2018\/10\/leakprotect-converted.jpg\"><img loading=\"lazy\" decoding=\"async\" class=\"wp-image-9223 size-medium\" src=\"https:\/\/www.tada.si\/wp-content\/uploads\/2018\/10\/leakprotect-converted-300x225.jpg\" alt=\"\" width=\"300\" height=\"225\" srcset=\"https:\/\/www.tada.si\/wp-content\/uploads\/2018\/10\/leakprotect-converted-300x225.jpg 300w, https:\/\/www.tada.si\/wp-content\/uploads\/2018\/10\/leakprotect-converted-16x12.jpg 16w, https:\/\/www.tada.si\/wp-content\/uploads\/2018\/10\/leakprotect-converted-64x48.jpg 64w, https:\/\/www.tada.si\/wp-content\/uploads\/2018\/10\/leakprotect-converted.jpg 400w\" sizes=\"auto, (max-width: 300px) 100vw, 300px\" \/><\/a><figcaption id=\"caption-attachment-9223\" class=\"wp-caption-text\">Pod umivalnikom<\/figcaption><\/figure>\n<figure id=\"attachment_9218\" aria-describedby=\"caption-attachment-9218\" style=\"width: 300px\" class=\"wp-caption alignleft\"><a href=\"https:\/\/www.tada.si\/wp-content\/uploads\/2018\/10\/leakprotect2-converted.jpg\"><img loading=\"lazy\" decoding=\"async\" class=\"wp-image-9218 size-medium\" src=\"https:\/\/www.tada.si\/wp-content\/uploads\/2018\/10\/leakprotect2-converted-300x225.jpg\" alt=\"\" width=\"300\" height=\"225\" srcset=\"https:\/\/www.tada.si\/wp-content\/uploads\/2018\/10\/leakprotect2-converted-300x225.jpg 300w, https:\/\/www.tada.si\/wp-content\/uploads\/2018\/10\/leakprotect2-converted-16x12.jpg 16w, https:\/\/www.tada.si\/wp-content\/uploads\/2018\/10\/leakprotect2-converted-64x48.jpg 64w, https:\/\/www.tada.si\/wp-content\/uploads\/2018\/10\/leakprotect2-converted.jpg 400w\" sizes=\"auto, (max-width: 300px) 100vw, 300px\" \/><\/a><figcaption id=\"caption-attachment-9218\" class=\"wp-caption-text\">Pod kadjo<\/figcaption><\/figure>\n<figure id=\"attachment_9219\" aria-describedby=\"caption-attachment-9219\" style=\"width: 300px\" class=\"wp-caption alignleft\"><a href=\"https:\/\/www.tada.si\/wp-content\/uploads\/2018\/10\/leakprotect3-converted.jpg\"><img loading=\"lazy\" decoding=\"async\" class=\"wp-image-9219 size-medium\" src=\"https:\/\/www.tada.si\/wp-content\/uploads\/2018\/10\/leakprotect3-converted-300x225.jpg\" alt=\"\" width=\"300\" height=\"225\" srcset=\"https:\/\/www.tada.si\/wp-content\/uploads\/2018\/10\/leakprotect3-converted-300x225.jpg 300w, https:\/\/www.tada.si\/wp-content\/uploads\/2018\/10\/leakprotect3-converted-16x12.jpg 16w, https:\/\/www.tada.si\/wp-content\/uploads\/2018\/10\/leakprotect3-converted-64x48.jpg 64w, https:\/\/www.tada.si\/wp-content\/uploads\/2018\/10\/leakprotect3-converted.jpg 400w\" sizes=\"auto, (max-width: 300px) 100vw, 300px\" \/><\/a><figcaption id=\"caption-attachment-9219\" class=\"wp-caption-text\">Pod pralnim strojem<\/figcaption><\/figure>\n<figure id=\"attachment_9222\" aria-describedby=\"caption-attachment-9222\" style=\"width: 300px\" class=\"wp-caption alignleft\"><a href=\"https:\/\/www.tada.si\/wp-content\/uploads\/2018\/10\/leakprotect6-converted.jpg\"><img loading=\"lazy\" decoding=\"async\" class=\"wp-image-9222 size-medium\" src=\"https:\/\/www.tada.si\/wp-content\/uploads\/2018\/10\/leakprotect6-converted-300x225.jpg\" alt=\"\" width=\"300\" height=\"225\" srcset=\"https:\/\/www.tada.si\/wp-content\/uploads\/2018\/10\/leakprotect6-converted-300x225.jpg 300w, https:\/\/www.tada.si\/wp-content\/uploads\/2018\/10\/leakprotect6-converted-16x12.jpg 16w, https:\/\/www.tada.si\/wp-content\/uploads\/2018\/10\/leakprotect6-converted-64x48.jpg 64w, https:\/\/www.tada.si\/wp-content\/uploads\/2018\/10\/leakprotect6-converted.jpg 400w\" sizes=\"auto, (max-width: 300px) 100vw, 300px\" \/><\/a><figcaption id=\"caption-attachment-9222\" class=\"wp-caption-text\">V kotlovnici<\/figcaption><\/figure>\n<figure id=\"attachment_9221\" aria-describedby=\"caption-attachment-9221\" style=\"width: 300px\" class=\"wp-caption alignleft\"><a href=\"https:\/\/www.tada.si\/wp-content\/uploads\/2018\/10\/leakprotect5-converted.jpg\"><img loading=\"lazy\" decoding=\"async\" class=\"wp-image-9221 size-medium\" src=\"https:\/\/www.tada.si\/wp-content\/uploads\/2018\/10\/leakprotect5-converted-300x225.jpg\" alt=\"\" width=\"300\" height=\"225\" srcset=\"https:\/\/www.tada.si\/wp-content\/uploads\/2018\/10\/leakprotect5-converted-300x225.jpg 300w, https:\/\/www.tada.si\/wp-content\/uploads\/2018\/10\/leakprotect5-converted-16x12.jpg 16w, https:\/\/www.tada.si\/wp-content\/uploads\/2018\/10\/leakprotect5-converted-64x48.jpg 64w, https:\/\/www.tada.si\/wp-content\/uploads\/2018\/10\/leakprotect5-converted.jpg 400w\" sizes=\"auto, (max-width: 300px) 100vw, 300px\" \/><\/a><figcaption id=\"caption-attachment-9221\" class=\"wp-caption-text\">Pod pomivalnim strojem<\/figcaption><\/figure>\n<div class=\"mceTemp\"><\/div>\n<p>&nbsp;<\/p>\n<p>&nbsp;<\/p>\n<p>&nbsp;<\/p>\n<p>&nbsp;<\/p>\n<p>&nbsp;<\/p>\n<p>&nbsp;<\/p>\n<p>&nbsp;<\/p>\n<p>&nbsp;<\/p>","protected":false},"excerpt":{"rendered":"<p>Brez\u017ei\u010dni detektor izliva vode in drugih negorljivih teko\u010din, IP65.<\/p>\n<p>Garancija 2 leti razen na vgrajene baterije.<\/p>\n<p>Na voljo v \u010drni in beli barvi.<\/p>","protected":false},"featured_media":6650,"comment_status":"open","ping_status":"closed","template":"","meta":{"inline_featured_image":false},"product_brand":[],"product_cat":[87,72,114],"product_tag":[],"class_list":{"0":"post-942","1":"product","2":"type-product","3":"status-publish","4":"has-post-thumbnail","6":"product_cat-ajax","7":"product_cat-alarmni-in-video-nadzor","8":"product_cat-detektorji-senzorji-ajax","9":"pa_barva-bela","10":"pa_barva-crna","12":"first","13":"instock","14":"taxable","15":"shipping-taxable","16":"purchasable","17":"product-type-variable","18":"czr-hentry"},"_links":{"self":[{"href":"https:\/\/www.tada.si\/en\/wp-json\/wp\/v2\/product\/942","targetHints":{"allow":["GET"]}}],"collection":[{"href":"https:\/\/www.tada.si\/en\/wp-json\/wp\/v2\/product"}],"about":[{"href":"https:\/\/www.tada.si\/en\/wp-json\/wp\/v2\/types\/product"}],"replies":[{"embeddable":true,"href":"https:\/\/www.tada.si\/en\/wp-json\/wp\/v2\/comments?post=942"}],"wp:featuredmedia":[{"embeddable":true,"href":"https:\/\/www.tada.si\/en\/wp-json\/wp\/v2\/media\/6650"}],"wp:attachment":[{"href":"https:\/\/www.tada.si\/en\/wp-json\/wp\/v2\/media?parent=942"}],"wp:term":[{"taxonomy":"product_brand","embeddable":true,"href":"https:\/\/www.tada.si\/en\/wp-json\/wp\/v2\/product_brand?post=942"},{"taxonomy":"product_cat","embeddable":true,"href":"https:\/\/www.tada.si\/en\/wp-json\/wp\/v2\/product_cat?post=942"},{"taxonomy":"product_tag","embeddable":true,"href":"https:\/\/www.tada.si\/en\/wp-json\/wp\/v2\/product_tag?post=942"}],"curies":[{"name":"wp","href":"https:\/\/api.w.org\/{rel}","templated":true}]}}