{"id":959,"date":"2018-10-02T07:26:34","date_gmt":"2018-10-02T05:26:34","guid":{"rendered":"http:\/\/www.tada.si\/?post_type=product&#038;p=959"},"modified":"2026-03-10T17:17:56","modified_gmt":"2026-03-10T15:17:56","slug":"ajax-streetsiren","status":"publish","type":"product","link":"https:\/\/www.tada.si\/en\/trgovina\/alarmni-in-video-nadzor\/ajax\/detektorji-senzorji-ajax\/ajax-streetsiren\/","title":{"rendered":"AJAX StreetSiren"},"content":{"rendered":"<p>Brez\u017ei\u010dna zunanja sirena, nastavljive glasnosti od 85 do 113 dB@1m z LED notifikacijo in vgrajeno sabota\u017eno za\u0161\u010dito, baterijsko napajanje, mo\u017enost priklopa zunanjega napajanja 12 VDC, 1.5A DC. Na voljo v \u010drni in beli barvi. Vgrajene 4 \u00d7 CR123A, 3 V. Garancija 2 leti razen na vgrajene baterije.<\/p>\n<p>&nbsp;<\/p>","protected":false},"excerpt":{"rendered":"<p class=\"card__subtitle\">Brez\u017ei\u010dni magnetni kontakt z vhodom za dodaten kontakt.\u00a0Na voljo v \u010drni in beli barvi.<\/p>","protected":false},"featured_media":6693,"comment_status":"open","ping_status":"closed","template":"","meta":{"inline_featured_image":false},"product_brand":[],"product_cat":[87,72,114,374],"product_tag":[],"class_list":{"0":"post-959","1":"product","2":"type-product","3":"status-publish","4":"has-post-thumbnail","6":"product_cat-ajax","7":"product_cat-alarmni-in-video-nadzor","8":"product_cat-detektorji-senzorji-ajax","9":"product_cat-sirene","10":"pa_barva-bela","11":"pa_barva-crna","13":"first","14":"instock","15":"taxable","16":"shipping-taxable","17":"purchasable","18":"product-type-variable","19":"czr-hentry"},"_links":{"self":[{"href":"https:\/\/www.tada.si\/en\/wp-json\/wp\/v2\/product\/959","targetHints":{"allow":["GET"]}}],"collection":[{"href":"https:\/\/www.tada.si\/en\/wp-json\/wp\/v2\/product"}],"about":[{"href":"https:\/\/www.tada.si\/en\/wp-json\/wp\/v2\/types\/product"}],"replies":[{"embeddable":true,"href":"https:\/\/www.tada.si\/en\/wp-json\/wp\/v2\/comments?post=959"}],"wp:featuredmedia":[{"embeddable":true,"href":"https:\/\/www.tada.si\/en\/wp-json\/wp\/v2\/media\/6693"}],"wp:attachment":[{"href":"https:\/\/www.tada.si\/en\/wp-json\/wp\/v2\/media?parent=959"}],"wp:term":[{"taxonomy":"product_brand","embeddable":true,"href":"https:\/\/www.tada.si\/en\/wp-json\/wp\/v2\/product_brand?post=959"},{"taxonomy":"product_cat","embeddable":true,"href":"https:\/\/www.tada.si\/en\/wp-json\/wp\/v2\/product_cat?post=959"},{"taxonomy":"product_tag","embeddable":true,"href":"https:\/\/www.tada.si\/en\/wp-json\/wp\/v2\/product_tag?post=959"}],"curies":[{"name":"wp","href":"https:\/\/api.w.org\/{rel}","templated":true}]}}