{"id":970,"date":"2018-10-01T07:27:53","date_gmt":"2018-10-01T05:27:53","guid":{"rendered":"http:\/\/www.tada.si\/?post_type=product&#038;p=970"},"modified":"2024-04-17T14:34:04","modified_gmt":"2024-04-17T12:34:04","slug":"ajax-ocbridge-plus","status":"publish","type":"product","link":"https:\/\/www.tada.si\/en\/trgovina\/alarmni-in-video-nadzor\/ajax\/razsiritveni-moduli-ajax\/ajax-ocbridge-plus\/","title":{"rendered":"AJAX ocBridge Plus"},"content":{"rendered":"<p>Modul za integracijo AJAX brez\u017ei\u010dnih naprav z \u017ei\u010dnimi sistemi drugih proizvajalcev, 8 alarmnih in 5 servisnih OC izhodov, programabilen.<\/p>","protected":false},"excerpt":{"rendered":"<p>Modul za integracijo AJAX brez\u017ei\u010dnih naprav z \u017ei\u010dnimi sistemi drugih proizvajalcev, 8 alarmnih in 5 servisnih OC izhodov, programabilen.<\/p>","protected":false},"featured_media":6669,"comment_status":"open","ping_status":"closed","template":"","meta":{"inline_featured_image":false},"product_brand":[],"product_cat":[87,72,124],"product_tag":[],"class_list":{"0":"post-970","1":"product","2":"type-product","3":"status-publish","4":"has-post-thumbnail","6":"product_cat-ajax","7":"product_cat-alarmni-in-video-nadzor","8":"product_cat-razsiritveni-moduli-ajax","9":"pa_barva-214","11":"first","12":"instock","13":"taxable","14":"shipping-taxable","15":"purchasable","16":"product-type-simple","17":"czr-hentry"},"_links":{"self":[{"href":"https:\/\/www.tada.si\/en\/wp-json\/wp\/v2\/product\/970","targetHints":{"allow":["GET"]}}],"collection":[{"href":"https:\/\/www.tada.si\/en\/wp-json\/wp\/v2\/product"}],"about":[{"href":"https:\/\/www.tada.si\/en\/wp-json\/wp\/v2\/types\/product"}],"replies":[{"embeddable":true,"href":"https:\/\/www.tada.si\/en\/wp-json\/wp\/v2\/comments?post=970"}],"wp:featuredmedia":[{"embeddable":true,"href":"https:\/\/www.tada.si\/en\/wp-json\/wp\/v2\/media\/6669"}],"wp:attachment":[{"href":"https:\/\/www.tada.si\/en\/wp-json\/wp\/v2\/media?parent=970"}],"wp:term":[{"taxonomy":"product_brand","embeddable":true,"href":"https:\/\/www.tada.si\/en\/wp-json\/wp\/v2\/product_brand?post=970"},{"taxonomy":"product_cat","embeddable":true,"href":"https:\/\/www.tada.si\/en\/wp-json\/wp\/v2\/product_cat?post=970"},{"taxonomy":"product_tag","embeddable":true,"href":"https:\/\/www.tada.si\/en\/wp-json\/wp\/v2\/product_tag?post=970"}],"curies":[{"name":"wp","href":"https:\/\/api.w.org\/{rel}","templated":true}]}}