{"id":972,"date":"2018-10-01T07:26:36","date_gmt":"2018-10-01T05:26:36","guid":{"rendered":"http:\/\/www.tada.si\/?post_type=product&#038;p=972"},"modified":"2026-03-11T09:57:15","modified_gmt":"2026-03-11T07:57:15","slug":"ajax-transmitter","status":"publish","type":"product","link":"https:\/\/www.tada.si\/en\/trgovina\/alarmni-in-video-nadzor\/ajax\/razsiritveni-moduli-ajax\/ajax-transmitter\/","title":{"rendered":"AJAX Transmitter"},"content":{"rendered":"<h3 data-start=\"153\" data-end=\"436\"><a href=\"https:\/\/ajax.systems\/products\/transmitter\/\" target=\"_blank\" rel=\"noopener\"><strong data-start=\"153\" data-end=\"173\">Ajax Transmitter<\/strong><\/a> je modul za integracijo \u017ei\u010dnih senzorjev v brez\u017ei\u010dni varnostni sistem Ajax.<\/h3>\n<p data-start=\"153\" data-end=\"436\">Omogo\u010da povezavo univerzalnih \u017ei\u010dnih detektorjev tretjih proizvajalcev (Optex BX80R, AMC Soutdoor BC in podobno) s centralno enoto, kar uporabnikom omogo\u010da nadgradnjo obstoje\u010dega alarmnega sistema brez zamenjave vseh naprav.<\/p>\n<p data-start=\"153\" data-end=\"436\"><img loading=\"lazy\" decoding=\"async\" class=\"\" src=\"https:\/\/ajax.systems\/api\/cdn-img\/?img=%2Fupload%2FTRNS_2x_1_0e6b99d0ff%401.jpg&amp;1752844393\" alt=\"Principle of operation\" width=\"770\" height=\"422\" \/><\/p>\n<p>Brez\u017ei\u010dni modul s katerim lahko razli\u010dne univerzalne detektorje, kot so na primer detektorji gibanja, detektorji teko\u010din, detektorji plina in naprave drugih proizvajalcev pove\u017eete z varnostnim sistemom Ajax.<\/p>\n<p>Z njegovo pomo\u010djo boste lahko sedaj pretvornike drugih proizvajalcev pretvorili v popolne naprave AJAX. To vam je lahko v veliko pomo\u010d, kadar gre za nadgradnjo obstoje\u010dega alarmnega sistema, ki bi ga \u017eeleli posodobiti z AJAX alarmnim sistemom. V tem primeru ni potrebna zamenjava vseh detektorjev, ampak vanje vgradite zgolj ta modul.<\/p>\n<p>Deluje v okviru AJAX alarmnega sistema. Naparava s strani detektorjev prejme aktivacijski signal, na podlagi katerega po\u0161lje alarm centralni enoti Hub, ki naj ne bo oddaljena ve\u010d kot 1600 metrov.<\/p>\n<h2>Lastnosti, ki vas bodo prepri\u010dale<\/h2>\n<ul>\n<li>Brezhibno deluje tudi pri temperaturi od +50\u00b0C do -25\u00b0C in vla\u017enosti do 75%, zato je primeren za vgradnjo v zunanje in notranje detektorje, ki spremljajo gibanje, odpiranje, vibracije, lome stekla, pline, po\u017ear, izliv teko\u010din in \u0161e marsikaj drugega.<\/li>\n<li>Nudi tudi u\u010dinkovito za\u0161\u010dito pred uni\u010denjem ali vdorom, saj ima vgrajen merilnik pospe\u0161ka. Le ta zazna njegovo morebitno odstranitev in na podlagi tega spro\u017ei alarm, o katerem ste obve\u0161\u010deni na mobilni telefon.<\/li>\n<\/ul>\n<h2>Enostavna namestitev<\/h2>\n<ul>\n<li>Modul je vgrajen v ohi\u0161je zunanjih detektorjev ali posebno namestitveno omarico. Naprava ima \u017ee vgrajene tri CR123A baterije, zato lahko deluje tudi kot napajalnik za detektorje.<\/li>\n<li>Po vgradnji ga je potrebno\u00a0 povezati s centralno enoto Hub. To storite s pomo\u010djo mobilne aplikacije v kateri izberete dodaj napravo in jo poskenirate s pomo\u010djo QR kode, ki se nahaja na ohi\u0161ju. Po tem je potrebno napravo le \u0161e vklopiti in po\u010dakati nekaj sekund, da se pove\u017ee.<\/li>\n<\/ul>\n<p data-start=\"438\" data-end=\"733\">Modul podpira razli\u010dne tipe alarmnih vhodov ter zagotavlja stabilno in varno komunikacijo s Hubom preko naprednega protokola Jeweller. Ta zagotavlja hitro in zanesljivo prena\u0161anje signalov na razdalji do ve\u010d sto metrov, hkrati pa \u0161\u010diti komunikacijo pred motnjami in nepoobla\u0161\u010denim dostopom.<\/p>\n<p data-start=\"735\" data-end=\"1070\">Omogo\u010da tudi spremljanje stanja povezanega senzorja, napajanja in tamper za\u0161\u010dite. Kompaktna zasnova omogo\u010da enostavno namestitev v ohi\u0161je obstoje\u010dega detektorja ali v monta\u017eno dozo. Naprava je idealna re\u0161itev za modernizacijo starej\u0161ih varnostnih sistemov ali za integracijo specializiranih senzorjev v Ajax sistem.<\/p>\n<p data-start=\"1072\" data-end=\"1236\">Z uporabo aplikacije lahko uporabniki enostavno nadzorujejo stanje naprave, prejemajo takoj\u0161nja obvestila in upravljajo celoten varnostni sistem na enem mestu.<\/p>\n<p>&nbsp;<\/p>","protected":false},"excerpt":{"rendered":"<p class=\"card__subtitle\">Modul za brez\u017ei\u010dno povezovanje univerzalnih brez\u017ei\u010dnih detektorjev (Optex BX80R, AMC Soutdoor BC in podobno) na Ajax protivlomni sistem.<\/p>\n<p>Oglejte si \u0161e\u00a0<a href=\"https:\/\/www.tada.si\/en\/product-category\/alarmni-sistemi\/ajax\/\">ostalo ponudbo Ajax izdelkov na na\u0161i spletni strani.<\/a><\/p>","protected":false},"featured_media":11065,"comment_status":"open","ping_status":"closed","template":"","meta":{"inline_featured_image":false},"product_brand":[],"product_cat":[87,72,124],"product_tag":[],"class_list":{"0":"post-972","1":"product","2":"type-product","3":"status-publish","4":"has-post-thumbnail","6":"product_cat-ajax","7":"product_cat-alarmni-in-video-nadzor","8":"product_cat-razsiritveni-moduli-ajax","9":"pa_barva-214","11":"first","12":"instock","13":"taxable","14":"shipping-taxable","15":"purchasable","16":"product-type-simple","17":"czr-hentry"},"_links":{"self":[{"href":"https:\/\/www.tada.si\/en\/wp-json\/wp\/v2\/product\/972","targetHints":{"allow":["GET"]}}],"collection":[{"href":"https:\/\/www.tada.si\/en\/wp-json\/wp\/v2\/product"}],"about":[{"href":"https:\/\/www.tada.si\/en\/wp-json\/wp\/v2\/types\/product"}],"replies":[{"embeddable":true,"href":"https:\/\/www.tada.si\/en\/wp-json\/wp\/v2\/comments?post=972"}],"wp:featuredmedia":[{"embeddable":true,"href":"https:\/\/www.tada.si\/en\/wp-json\/wp\/v2\/media\/11065"}],"wp:attachment":[{"href":"https:\/\/www.tada.si\/en\/wp-json\/wp\/v2\/media?parent=972"}],"wp:term":[{"taxonomy":"product_brand","embeddable":true,"href":"https:\/\/www.tada.si\/en\/wp-json\/wp\/v2\/product_brand?post=972"},{"taxonomy":"product_cat","embeddable":true,"href":"https:\/\/www.tada.si\/en\/wp-json\/wp\/v2\/product_cat?post=972"},{"taxonomy":"product_tag","embeddable":true,"href":"https:\/\/www.tada.si\/en\/wp-json\/wp\/v2\/product_tag?post=972"}],"curies":[{"name":"wp","href":"https:\/\/api.w.org\/{rel}","templated":true}]}}