{"id":9977,"date":"2026-02-03T12:01:14","date_gmt":"2026-02-03T10:01:14","guid":{"rendered":"https:\/\/www.tada.si\/?post_type=product&#038;p=9977"},"modified":"2026-03-10T12:20:48","modified_gmt":"2026-03-10T10:20:48","slug":"reolink-go-ranger-pt-g450","status":"publish","type":"product","link":"https:\/\/www.tada.si\/en\/trgovina\/alarmni-in-video-nadzor\/reolink\/brezzicne-kamere\/reolink-go-ranger-pt-g450\/","title":{"rendered":"Reolink Go Ranger PT G450"},"content":{"rendered":"<section id=\"ssr-render-app\">\n<div class=\"_template-product_1sls8_27\">\n<div>\n<div class=\"reo-shop-abstract-banner\">\n<div class=\"reo-banner-video-right\">\n<div class=\"p295__Media-937c_ceb34e2__15utp8la banner_media_video\">\n<div class=\"reo-product-smart-box\">\n<div class=\"reo-product-logo\"><\/div>\n<div class=\"reo-product-logo\"><a href=\"https:\/\/reolink.com\/product\/reolink-go-ranger-pt\/?gad_source=1&amp;gad_campaignid=20801222381&amp;gclid=CjwKCAiA1obMBhAbEiwAsUBbIjNEEr4duIzsL5qFLt0WbCtvFJUqR5L1DEqdiNUvGv5Nvo1rBCpI5hoCUCEQAvD_BwE\" target=\"_blank\" rel=\"noopener\">Reolink<\/a> Go Ranger PT (G450) kamera za divje \u017eivali 4G ima prvi\u010d v panogi funkcijo vrtenja in nagibanja ter resni\u010dno lo\u010dljivost 4K 8MP brez interpolacije. Aktivnosti divjih \u017eivali lahko spremljate v \u017eivo v 360\u00b0-pogledu ali na daljavo prenesete 4K videoposnetke in slike, shranjene na kartici microSD.<\/div>\n<\/div>\n<\/div>\n<\/div>\n<\/div>\n<\/div>\n<div class=\"overview_wrap\">\n<div class=\"overview-tab\">\n<div>\n<div class=\"reo_nec0y3iZUa _container_60gmd_50 _dark_60gmd_1\">\n<div class=\"_container_60gmd_50\">\n<div class=\"_video_container_60gmd_21\">\n<div class=\"p295__Media-937c_ceb34e2__15utp8la _media_item_60gmd_41\">\n<h3 class=\"p295__Media-937c_ceb34e2__15utp8l3 p295__Media-937c_ceb34e2__bigVideo__15utp8l5 p295__Media-937c_ceb34e2__15utp8l0\">Divje \u017eivali v fokusu, podnevi in pono\u010di<\/h3>\n<\/div>\n<\/div>\n<\/div>\n<\/div>\n<\/div>\n<div>\n<div class=\"reo_nTggWk4g8a _dark_tvjlt_126 _mainTitleAndTitleDescLinkImgGroup_tvjlt_1\">\n<div class=\"_media_container_tvjlt_4\">\n<div class=\"_media_item_tvjlt_11\">\n<div class=\"_text-with-button_tvjlt_22\">\n<div class=\"_text_info_tvjlt_37\">\n<h3 class=\"_info_title_tvjlt_37\">Oster no\u010dni vid brez motenj<\/h3>\n<div class=\"_dark_kuunn_24 _input_balloon_wrap_kuunn_1 _info_des_tvjlt_42\">\n<p>Kamera ima kristalno jasen no\u010dni vid zahvaljujo\u010d veliki zaslonki F1,6 in infrarde\u010dim LED-diodam z valovno dol\u017eino 940 nm, ki so posebej zasnovane za spremljanje divjih \u017eivali, saj so pono\u010di nevidne in jih zato ne motijo.<\/p>\n<\/div>\n<\/div>\n<\/div>\n<div class=\"_media_info_tvjlt_57\"><picture class=\"p295__Media-937c_ceb34e2__15utp8l8 _media_tvjlt_4\"><source media=\"(max-width: 999px)\" \/><img decoding=\"async\" class=\"p295__Media-937c_ceb34e2__15utp8l9\" src=\"https:\/\/home-cdn.reolink.us\/wp-content\/uploads\/2023\/12\/290230351703817035.8056.jpg.webp\" alt=\"\" \/><\/picture><\/div>\n<\/div>\n<div class=\"_media_item_tvjlt_11 _media_position_left_tvjlt_19\">\n<div class=\"_text-with-button_tvjlt_22\">\n<div class=\"_text_info_tvjlt_37\">\n<h3 class=\"_info_title_tvjlt_37\">Pametno zaznavanje brez dodatnih stro\u0161kov<\/h3>\n<div class=\"_dark_kuunn_24 _input_balloon_wrap_kuunn_1 _info_des_tvjlt_42\">\n<p>Kamera Go Ranger PT je pametnej\u0161a od drugih 4G kamer in lahko prepozna jelene, srnjad brez rogov ter purane od drugih predmetov, poleg tega pa zaznava ljudi, vozila in \u017eivali. Spro\u017eila se bo za fotografiranje in po\u0161iljanje obvestil v 0,5 sekunde, tako da boste obve\u0161\u010deni o dogajanju z divjimi \u017eivalmi.<\/p>\n<\/div>\n<\/div>\n<\/div>\n<div class=\"_media_info_tvjlt_57\">\n<div class=\"p295__Media-937c_ceb34e2__15utp8la _media_tvjlt_4\">\n<div class=\"p295__Media-937c_ceb34e2__15utp8l3 p295__Media-937c_ceb34e2__smallVideo__15utp8l6 p295__Media-937c_ceb34e2__15utp8l0\"><strong>Opazovalec narave na naslednji ravni<\/strong><\/div>\n<\/div>\n<\/div>\n<\/div>\n<\/div>\n<\/div>\n<\/div>\n<div>\n<div class=\"reo_QyJ3u9VRAN _dark_d34a7_1\">\n<div class=\"_total_contianer_d34a7_4 _reolink_d34a7_21\">\n<div class=\"_title-with-desc-content_m8if7_1 _reolink_m8if7_7 _dark_m8if7_33 _text-content_d34a7_54\">\n<div class=\"_dark_kuunn_24 _input_balloon_wrap_kuunn_1 _desc_m8if7_13\">\n<p>Prek aplikacije Reolink si lahko ogledate 4K prenose v \u017eivo od koder koli, do 20 minut naenkrat. S 355\u00b0-vrtenjem in 90\u00b0-nagibom se lahko prilagodljivo vrti med prednastavljenimi to\u010dkami, da s klikom spremlja klju\u010dna obmo\u010dja.<\/p>\n<\/div>\n<\/div>\n<div class=\"_media_container_d34a7_62\">\n<div class=\"p295__Media-937c_ceb34e2__15utp8la _media_d34a7_13\">\n<div class=\"p295__Media-937c_ceb34e2__15utp8l3 p295__Media-937c_ceb34e2__bigVideo__15utp8l5 p295__Media-937c_ceb34e2__15utp8l0\">Prilagodljivo snemanje dogodkov<\/div>\n<\/div>\n<\/div>\n<\/div>\n<\/div>\n<\/div>\n<div id=\"\">\n<div class=\"reo_rO0eGtNNdE _card-dark_zi16f_192\">\n<div class=\"_TitleAndAccordionWithMedia_zi16f_1 _left_zi16f_182\">\n<div class=\"_content_zi16f_24\">\n<h2 class=\"_title_zi16f_34\">Dva na\u010dina za razli\u010dne potrebe<\/h2>\n<div class=\"p273__ReoAccordion-b772_fc28477f3__9n863k0 p273__font-12da_fc4f2c024__b73pke0 _accordion_zi16f_62\">\n<div class=\"p273__ReoAccordion-b772_fc28477f3__9n863k2 p273__ReoAccordion-b772_fc28477f3__9n863k1 _accordion-item_zi16f_88\">\n<div class=\"p273__ReoAccordion-b772_fc28477f3__9n863k3 _accordion-title_zi16f_91\">\n<p><strong>Na\u010din slike<\/strong><\/p>\n<div class=\"p273__ReoAccordion-b772_fc28477f3__9n863k5\">Kamera Go Ranger PT je opremljena z vrhunskim 4K senzorjem, ki vam zagotavlja vodilno kakovost slike in videa v panogi. Ko na\u010din slike zazna gibanje, posname ve\u010d zaporednih fotografij in obdr\u017ei tiste z najvi\u0161jo kakovostjo.<\/div>\n<\/div>\n<div class=\"p273__ReoAccordion-b772_fc28477f3__9n863ka _accordion-item-content_zi16f_293\">\n<div class=\"_accordion-content_zi16f_115\">\n<p><img loading=\"lazy\" decoding=\"async\" class=\"p295__Media-937c_ceb34e2__15utp8l9\" src=\"https:\/\/home-cdn.reolink.us\/wp-content\/uploads\/2023\/12\/290235021703817302.0041.jpg.webp\" alt=\"\" width=\"500\" height=\"500\" \/><\/p>\n<\/div>\n<\/div>\n<\/div>\n<div class=\"p273__ReoAccordion-b772_fc28477f3__9n863k2 _accordion-item_zi16f_88\">\n<div class=\"p273__ReoAccordion-b772_fc28477f3__9n863k3 _accordion-title_zi16f_91\">\n<p><strong>Na\u010din videa<\/strong><\/p>\n<div class=\"p273__ReoAccordion-b772_fc28477f3__9n863k5\">Kamera Go Ranger PT je opremljena z mikrofonom in zvo\u010dnikom, ki lahko po \u017eelji posname do 5 minut videoposnetkov z zvokom, videoposnetke pa lahko nato kadar koli predvajate in prenesete. Ta na\u010din podpira tudi fotografiranje pred snemanjem videoposnetkov.<\/div>\n<\/div>\n<\/div>\n<\/div>\n<\/div>\n<div class=\"_media-wrap_zi16f_133\">\n<div class=\"_media_zi16f_133 _media-hide_zi16f_172\"><picture class=\"p295__Media-937c_ceb34e2__15utp8l8 _media-container_zi16f_161\"><source media=\"(max-width: 999px)\" \/><img loading=\"lazy\" decoding=\"async\" class=\"p295__Media-937c_ceb34e2__15utp8l9\" src=\"https:\/\/home-cdn.reolink.us\/wp-content\/uploads\/2023\/12\/290235141703817314.5113.jpg.webp\" alt=\"\" width=\"500\" height=\"500\" \/><\/picture><\/div>\n<\/div>\n<\/div>\n<\/div>\n<\/div>\n<div>\n<div class=\"reo_libTZTptJY _card_dark_1d9b1_19\">\n<div class=\"_card_group_wrap_1d9b1_1\">\n<div class=\"_card_group_content_1d9b1_29\">\n<div class=\"_card_item_1d9b1_45 _topTextBottomImage_1d9b1_149\">\n<div class=\"_card_text_1d9b1_55 _left_1d9b1_92\">\n<h3 class=\"_card_title_1d9b1_13\">Kartica micro SD<\/h3>\n<div class=\"_dark_kuunn_24 _input_balloon_wrap_kuunn_1 _card_desc_1d9b1_16\">\n<p>Shranite posnetke dogodkov v \u017eivo in zaznavanja lokalno na kartico microSD (32 GB predname\u0161\u010denih, najve\u010d 128 GB) za oddaljeno predvajanje ali prenos.<\/p>\n<\/div>\n<\/div>\n<div><picture class=\"p295__Media-937c_ceb34e2__15utp8l8 _media_common_1d9b1_101\"><source srcset=\"\" media=\"(max-width: 999px)\" \/><img decoding=\"async\" class=\"p295__Media-937c_ceb34e2__15utp8l9\" src=\"https:\/\/home-cdn.reolink.us\/wp-content\/uploads\/2023\/12\/290237191703817439.1335.jpg.webp\" alt=\"\" \/><\/picture><\/div>\n<\/div>\n<div class=\"_card_item_1d9b1_45 _topTextBottomImage_1d9b1_149\">\n<div class=\"_card_text_1d9b1_55 _left_1d9b1_92\">\n<h3 class=\"_card_title_1d9b1_13\">Reolink Cloud<\/h3>\n<div class=\"_dark_kuunn_24 _input_balloon_wrap_kuunn_1 _card_desc_1d9b1_16\">\n<p>Posnete videoposnetke v lo\u010dljivosti 4K lahko nalo\u017eite tudi v\u00a0<a href=\"https:\/\/cloud.reolink.com\/\" target=\"_blank\" rel=\"noopener\">Reolink Cloud<\/a>. V sodelovanju z Amazon Web Services zagotavlja, da so va\u0161i podatki vedno zaupni.<\/p>\n<\/div>\n<\/div>\n<div><picture class=\"p295__Media-937c_ceb34e2__15utp8l8 _media_common_1d9b1_101\"><source media=\"(max-width: 999px)\" \/><img decoding=\"async\" class=\"p295__Media-937c_ceb34e2__15utp8l9\" src=\"https:\/\/home-cdn.reolink.us\/wp-content\/uploads\/2023\/12\/290238491703817529.6935.jpg.webp\" alt=\"\" \/><\/picture><\/div>\n<\/div>\n<div class=\"_card_item_1d9b1_45 _topTextBottomImage_1d9b1_149\">\n<div class=\"_card_text_1d9b1_55 _left_1d9b1_92\">\n<h3 class=\"_card_title_1d9b1_13\">FTP-stre\u017enik<\/h3>\n<div class=\"_dark_kuunn_24 _input_balloon_wrap_kuunn_1 _card_desc_1d9b1_16\">\n<p>Kamera Go Ranger PT ponuja tudi mo\u017enost shranjevanja posnetkov na\u00a0<a href=\"https:\/\/support.reolink.com\/hc\/en-us\/articles\/26152220058777\" target=\"_blank\" rel=\"noopener\">FTP-stre\u017enik<\/a>, kar zagotavlja centralizirano in varno upravljanje va\u0161ih nadzornih podatkov.<\/p>\n<\/div>\n<\/div>\n<div><picture class=\"p295__Media-937c_ceb34e2__15utp8l8 _media_common_1d9b1_101\"><source media=\"(max-width: 999px)\" \/><img decoding=\"async\" class=\"p295__Media-937c_ceb34e2__15utp8l9\" src=\"https:\/\/home-cdn.reolink.us\/wp-content\/uploads\/2023\/12\/290239301703817570.3659.jpg.webp\" alt=\"\" \/><\/picture><\/div>\n<\/div>\n<\/div>\n<\/div>\n<\/div>\n<\/div>\n<div>\n<div class=\"reo_vjrFhGvPwk _fixed_scene_layer_1ss0n_1 undefined _fixed_scene_dark_1ss0n_114\">\n<div>\n<div class=\"_title-with-desc-content_m8if7_1 _reolink_m8if7_7 _dark_m8if7_33\">\n<h2 class=\"_title_m8if7_1\">Samostojna kamera za divje pustolov\u0161\u010dine<\/h2>\n<div class=\"_desc_m8if7_13\">\n<p>Kamera Go Ranger PT je izdelana za divjino, povezana z mobilnim omre\u017ejem 3G\/4G LTE in stalno napajana zaradi nastavljive son\u010dne celice, tako da vam ni treba ob\u010dasno menjavati baterije na mestu uporabe. Tako je vse brez napora pod va\u0161im nadzorom.<\/p>\n<\/div>\n<\/div>\n<div class=\"_fixed_scene_wrap_1ss0n_7\">\n<div class=\"_img_column_1ss0n_28\">\n<div class=\"_media_box_1ss0n_65\"><picture class=\"p295__Media-937c_ceb34e2__15utp8l8\"><source srcset=\"\" media=\"(max-width: 767px)\" \/><img loading=\"lazy\" decoding=\"async\" class=\"p295__Media-937c_ceb34e2__15utp8l9\" src=\"https:\/\/home-cdn.reolink.us\/wp-content\/uploads\/2023\/12\/290327571703820477.6684.jpg.webp\" alt=\"\" width=\"710\" height=\"473\" \/><\/picture><\/div>\n<div class=\"_media_box_1ss0n_65\"><picture class=\"p295__Media-937c_ceb34e2__15utp8l8\"><source srcset=\"\" media=\"(max-width: 767px)\" \/><img loading=\"lazy\" decoding=\"async\" class=\"p295__Media-937c_ceb34e2__15utp8l9\" src=\"https:\/\/home-cdn.reolink.us\/wp-content\/uploads\/2023\/12\/290328011703820481.9967.jpg.webp\" alt=\"\" width=\"711\" height=\"474\" \/><\/picture><\/div>\n<\/div>\n<div class=\"_img_column_1ss0n_28 _img_middle_1ss0n_51\">\n<div class=\"_media_middle_box_1ss0n_99\"><picture class=\"p295__Media-937c_ceb34e2__15utp8l8\"><source srcset=\"\" media=\"(max-width: 767px)\" \/><img loading=\"lazy\" decoding=\"async\" class=\"p295__Media-937c_ceb34e2__15utp8l9\" src=\"https:\/\/home-cdn.reolink.us\/wp-content\/uploads\/2024\/01\/120106281705021588.1126.jpg.webp\" alt=\"\" width=\"710\" height=\"982\" \/><\/picture><\/div>\n<\/div>\n<div class=\"_img_column_1ss0n_28\">\n<div class=\"_media_box_1ss0n_65\"><picture class=\"p295__Media-937c_ceb34e2__15utp8l8\"><source srcset=\"\" media=\"(max-width: 767px)\" \/><img loading=\"lazy\" decoding=\"async\" class=\"p295__Media-937c_ceb34e2__15utp8l9\" src=\"https:\/\/home-cdn.reolink.us\/wp-content\/uploads\/2023\/12\/290328071703820487.3475.jpg.webp\" alt=\"\" width=\"710\" height=\"473\" \/><\/picture><\/div>\n<div class=\"_media_box_1ss0n_65\"><picture class=\"p295__Media-937c_ceb34e2__15utp8l8\"><source srcset=\"\" media=\"(max-width: 767px)\" \/><img loading=\"lazy\" decoding=\"async\" class=\"p295__Media-937c_ceb34e2__15utp8l9\" src=\"https:\/\/home-cdn.reolink.us\/wp-content\/uploads\/2023\/12\/290328111703820491.1282.jpg.webp\" alt=\"\" width=\"711\" height=\"474\" \/><\/picture><\/div>\n<\/div>\n<\/div>\n<\/div>\n<\/div>\n<\/div>\n<div id=\"\">\n<div class=\"reo_9OP5niYSw3 _dark_tvjlt_126 _mainTitleAndTitleDescLinkImgGroup_tvjlt_1\">\n<div>\n<div class=\"_media_container_tvjlt_4\">\n<div class=\"_media_item_tvjlt_11\">\n<div class=\"_text-with-button_tvjlt_22\">\n<div class=\"_text_info_tvjlt_37\">\n<h3 class=\"_info_title_tvjlt_37\">Neprekinjena son\u010dna energija<\/h3>\n<div class=\"_dark_kuunn_24 _input_balloon_wrap_kuunn_1 _info_des_tvjlt_42\">\n<p>6W Reolink Solar Panel 2\u00a0zagotavlja neprekinjeno napajanje za va\u0161e varnostne potrebe. Z nastavljivim nosilcem in 4 m dolgim kablom lahko u\u017eivate v prilagodljivi namestitvi in optimizirate absorpcijo son\u010dne svetlobe \u010dez dan, ne glede na polo\u017eaj kamere.<\/p>\n<\/div>\n<\/div>\n<\/div>\n<div class=\"_media_info_tvjlt_57\"><picture class=\"p295__Media-937c_ceb34e2__15utp8l8 _media_tvjlt_4\"><source media=\"(max-width: 999px)\" \/><img decoding=\"async\" class=\"p295__Media-937c_ceb34e2__15utp8l9\" src=\"https:\/\/home-cdn.reolink.us\/wp-content\/uploads\/2023\/12\/290243541703817834.4495.jpg.webp\" alt=\"\" \/><\/picture><\/div>\n<\/div>\n<div class=\"_media_item_tvjlt_11 _media_position_left_tvjlt_19\">\n<div class=\"_text-with-button_tvjlt_22\">\n<div class=\"_text_info_tvjlt_37\">\n<h3 class=\"_info_title_tvjlt_37\">Nimate brez\u017ei\u010dnega omre\u017eja? 4G LTE prisko\u010di na pomo\u010d<\/h3>\n<div class=\"_dark_kuunn_24 _input_balloon_wrap_kuunn_1 _info_des_tvjlt_42\">\n<p>*Pred uporabo potrebujete kartico Nano SIM in naro\u010dnino za mobilne podatke.<\/p>\n<\/div>\n<\/div>\n<\/div>\n<div class=\"_media_info_tvjlt_57\"><picture class=\"p295__Media-937c_ceb34e2__15utp8l8 _media_tvjlt_4\"><source media=\"(max-width: 999px)\" \/><img loading=\"lazy\" decoding=\"async\" class=\"p295__Media-937c_ceb34e2__15utp8l9\" src=\"https:\/\/home-cdn.reolink.us\/wp-content\/uploads\/2023\/12\/290423461703823826.651.jpg.webp\" alt=\"\" width=\"710\" height=\"507\" \/><\/picture><\/div>\n<\/div>\n<\/div>\n<\/div>\n<\/div>\n<\/div>\n<div>\n<div class=\"reo_ZwnzrDmdbB _dark_lfcea_188 dark\">\n<div class=\"_google_alex_wrap_lfcea_1 google-alexa\">\n<div class=\"_google_alex_content_lfcea_22\">\n<div class=\"_left_lfcea_68\">\n<div class=\"_tab_control_lfcea_82\">\n<div>\n<div class=\"_not_online_tab_lfcea_31 _tab_img_lfcea_96 _tab_img_2_lfcea_104\">Upravljanje s storitvijo Alexa<\/div>\n<\/div>\n<div class=\"_line_tab_lfcea_107 _google_type_lfcea_115\"><\/div>\n<\/div>\n<div>\n<div>\n<h3 class=\"_title_lfcea_123\">Dostopajte do svojih kamer prostoro\u010dno<\/h3>\n<div class=\"_dark_kuunn_24 _input_balloon_wrap_kuunn_1 _input_balloon_wrap_lfcea_162\">\n<p>Z glasovnimi ukazi lahko hitro dostopate do kamere in si ogledate sliko v \u017eivo na Google Nest Hub ali televizorju s omogo\u010deno storitvijo Chromecast.<\/p>\n<\/div>\n<div class=\"_link_item_lfcea_225\"><\/div>\n<\/div>\n<\/div>\n<\/div>\n<div class=\"_right_lfcea_178\">\n<div><picture class=\"p295__Media-937c_ceb34e2__15utp8l8\"><source srcset=\"\" media=\"(max-width: 767px)\" \/><img decoding=\"async\" class=\"p295__Media-937c_ceb34e2__15utp8l9\" src=\"https:\/\/home-cdn.reolink.us\/wp-content\/uploads\/2023\/12\/290255291703818529.4565.jpg.webp\" alt=\"\" \/><\/picture><\/div>\n<\/div>\n<\/div>\n<\/div>\n<\/div>\n<\/div>\n<\/div>\n<\/div>\n<\/div>\n<\/section>","protected":false},"excerpt":{"rendered":"<p><strong data-start=\"123\" data-end=\"152\">Reolink Go Ranger PT (G530) <\/strong>Prva 4K 4G LTE kamera za divje \u017eivali s 360\u00b0-pogledom.<\/p>\n<div class=\"reo-productDetails\">\n<div class=\"reo-productDetail\">\n<div class=\"reo-des\">\n<p>4K 8MP Ultra HD<br \/>\nZaznavanje in prepoznavanje \u017eivali<br \/>\nNa baterije\/son\u010dno energijo<br \/>\nNo\u010dni vid<br \/>\nVodoodporna<\/p>\n<\/div>\n<\/div>\n<\/div>\n<p>Oglejte si \u0161e <a href=\"https:\/\/www.tada.si\/en\/product-category\/video-nadzor\/reolink\/\">ostalo ponudbo Reolink kamer na\u0161i spletni strani.<\/a><\/p>","protected":false},"featured_media":9980,"comment_status":"open","ping_status":"closed","template":"","meta":{"inline_featured_image":false},"product_brand":[],"product_cat":[72,209,191],"product_tag":[],"class_list":{"0":"post-9977","1":"product","2":"type-product","3":"status-publish","4":"has-post-thumbnail","6":"product_cat-alarmni-in-video-nadzor","7":"product_cat-brezzicne-kamere","8":"product_cat-reolink","10":"first","11":"instock","12":"taxable","13":"shipping-taxable","14":"purchasable","15":"product-type-simple","16":"czr-hentry"},"_links":{"self":[{"href":"https:\/\/www.tada.si\/en\/wp-json\/wp\/v2\/product\/9977","targetHints":{"allow":["GET"]}}],"collection":[{"href":"https:\/\/www.tada.si\/en\/wp-json\/wp\/v2\/product"}],"about":[{"href":"https:\/\/www.tada.si\/en\/wp-json\/wp\/v2\/types\/product"}],"replies":[{"embeddable":true,"href":"https:\/\/www.tada.si\/en\/wp-json\/wp\/v2\/comments?post=9977"}],"wp:featuredmedia":[{"embeddable":true,"href":"https:\/\/www.tada.si\/en\/wp-json\/wp\/v2\/media\/9980"}],"wp:attachment":[{"href":"https:\/\/www.tada.si\/en\/wp-json\/wp\/v2\/media?parent=9977"}],"wp:term":[{"taxonomy":"product_brand","embeddable":true,"href":"https:\/\/www.tada.si\/en\/wp-json\/wp\/v2\/product_brand?post=9977"},{"taxonomy":"product_cat","embeddable":true,"href":"https:\/\/www.tada.si\/en\/wp-json\/wp\/v2\/product_cat?post=9977"},{"taxonomy":"product_tag","embeddable":true,"href":"https:\/\/www.tada.si\/en\/wp-json\/wp\/v2\/product_tag?post=9977"}],"curies":[{"name":"wp","href":"https:\/\/api.w.org\/{rel}","templated":true}]}}