{"id":9996,"date":"2026-02-06T09:36:11","date_gmt":"2026-02-06T07:36:11","guid":{"rendered":"https:\/\/www.tada.si\/?post_type=product&#038;p=9996"},"modified":"2026-03-05T14:06:53","modified_gmt":"2026-03-05T12:06:53","slug":"reolink-baterijski-zvonec-s-kamero-d340b","status":"publish","type":"product","link":"https:\/\/www.tada.si\/en\/trgovina\/alarmni-in-video-nadzor\/reolink\/dodatki\/reolink-baterijski-zvonec-s-kamero-d340b\/","title":{"rendered":"Reolink baterijski zvonec s kamero PIR, IP65 (D340B)"},"content":{"rendered":"<p><a href=\"https:\/\/reolink.com\/bg\/product\/reolink-doorbell-battery\/?redirect=1\" target=\"_blank\" rel=\"noopener\">Reolink baterijski\u00a0zunanji zvonec s kamero D340P (Doorbell WiFi)<\/a> <strong>pametni brez\u017ei\u010dni zvonec<\/strong>\u00a0je idealna pametna re\u0161itev za nadzor vhoda brez potrebe po \u017ei\u010dnem napajanju. Vgrajena polnilna baterija omogo\u010da prilagodljivo namestitev, mo\u017eno pa je tudi stalno napajanje (12 V ali 24 V) prek prilo\u017eenega adapterja. Zdru\u017eljiv je z obstoje\u010do in\u0161talacijo starega zvonca, \u010de ta podpira omenjeno napetost.<\/p>\n<h4><img loading=\"lazy\" decoding=\"async\" class=\"aligncenter wp-image-33845\" src=\"https:\/\/alex.shop\/wp-content\/uploads\/2025\/06\/reolink-doorbell-battery-3.jpg\" alt=\"Reolink zvonec D340P\" width=\"1042\" height=\"427\" \/><\/h4>\n<h3><strong>Napredna kamera z jasno sliko in pametno detekcijo<\/strong><\/h3>\n<p>Kamera zaznava gibanje in zvok, po\u0161ilja obvestila ter nudi ostro sliko zahvaljujo\u010d 5MP Super HD lo\u010dljivosti in prikaznem razmerju 1:1 \u2013 kar omogo\u010da vertikalni zajem celotne osebe pred vrati.<\/p>\n<h3><strong>Vklju\u010den pametni notranji zvonec (chime)<\/strong><\/h3>\n<p>V kompletu prejmete tudi notranji zvonec s 10 razli\u010dnimi melodijami, nastavljivo glasnostjo do 90 dB in mo\u017enostjo prilagoditve glasnosti po \u017eelji.<\/p>\n<p><img loading=\"lazy\" decoding=\"async\" class=\"aligncenter wp-image-33851\" src=\"https:\/\/alex.shop\/wp-content\/uploads\/2025\/06\/reolink-doorbell-battery-6.jpg\" alt=\"Reolink zvonec D340P\" width=\"1025\" height=\"420\" \/><\/p>\n<h3><strong>Tehnologija za zmanj\u0161anje la\u017enih alarmov<\/strong><\/h3>\n<p>Z analizo oblike oseb in vozil, zvonec zanesljivo prepozna pomembne dogodke in ignorira ne\u017eelene premike, kar znatno zmanj\u0161a \u0161tevilo la\u017enih opozoril.<\/p>\n<h3><strong>Zanesljiva Dual-Band WiFi povezava<\/strong><\/h3>\n<p>Podpira 2,4 GHz in 5 GHz WiFi z 2T2R MIMO antenami, kar zagotavlja mo\u010dno in stabilno brez\u017ei\u010dno povezavo brez prekinitev.<\/p>\n<p><img loading=\"lazy\" decoding=\"async\" class=\"aligncenter wp-image-33861\" src=\"https:\/\/alex.shop\/wp-content\/uploads\/2025\/06\/reolink-doorbell-battery-8.jpg\" alt=\"zunanji pametni zvonec s kamero\" width=\"1022\" height=\"419\" \/><\/p>\n<h3><strong>Super HD slika podnevi in pono\u010di<\/strong><\/h3>\n<p>Z 180\u00b0 kotom zajema in 5MP Super HD lo\u010dljivostjo boste imeli jasen pregled nad vhodom. Visokokakovostni CMOS senzor in 2 IR LED lu\u010dki omogo\u010data odli\u010den no\u010dni vid do 10 metrov.<\/p>\n<h3><strong>Time-lapse snemanje<\/strong><\/h3>\n<p>Funkcija snemanja s tehniko \u201ctime lapse\u201d omogo\u010da hitro in zanimivo prikazovanje dolgoro\u010dnih dogajanj \u2013 idealno za posnetke son\u010dnih vzhodov, vremenskih sprememb ali vsakodnevnega dogajanja.<\/p>\n<p><img loading=\"lazy\" decoding=\"async\" class=\"aligncenter wp-image-33856\" src=\"https:\/\/alex.shop\/wp-content\/uploads\/2025\/06\/reolink-doorbell-battery-7.jpg\" alt=\"zunanji pametni zvonec s kamero\" width=\"1027\" height=\"421\" \/><\/p>\n<p data-start=\"201\" data-end=\"482\"><strong data-start=\"201\" data-end=\"235\">Pametno shranjevanje posnetkov<\/strong><br data-start=\"235\" data-end=\"238\" \/>Omogo\u010da snemanje ob zaznavi gibanja, kar pomaga var\u010devati z energijo in prostorom za shranjevanje. Posnetke lahko shranite na prilo\u017eeno 64 GB microSD kartico (podpora do 256 GB), Reolink NVR ali Home Hub.<\/p>\n<p data-start=\"484\" data-end=\"842\"><strong data-start=\"484\" data-end=\"534\">Pametna zaznava gibanja in takoj\u0161nja obvestila<\/strong><br data-start=\"534\" data-end=\"537\" \/>Opremljen je z zelo ob\u010dutljivim PIR senzorjem, ki zazna vsak gib. Ob zaznavi se kamera aktivira in po\u0161lje opozorilo na va\u0161 pametni telefon. Ko obiskovalec pritisne na gumb, zazvoni tako zunanji kot notranji del naprave, vi pa prejmete video klic in se lahko takoj oglasite.<\/p>\n<p data-start=\"844\" data-end=\"1037\"><strong data-start=\"844\" data-end=\"873\">Push obvestila in e-po\u0161ta<\/strong><br data-start=\"873\" data-end=\"876\" \/>V realnem \u010dasu vas opozori na gibanje z obvestili na va\u0161em telefonu ali e-po\u0161ti \u2013 tako ste vedno na teko\u010dem, tudi ko vas ni doma.<\/p>\n<p data-start=\"1039\" data-end=\"1341\"><strong data-start=\"1039\" data-end=\"1072\">Dvosmerna zvo\u010dna komunikacija<\/strong><br data-start=\"1072\" data-end=\"1075\" \/>Z vgrajenim mikrofonom in zvo\u010dnikom omogo\u010da dvosmerno komunikacijo \u2013 poslu\u0161ajte in govorite z obiskovalci, dostavljavci ali dru\u017einskimi \u010dlani kjerkoli \u017ee ste. Jasna in glasna povezava omogo\u010da u\u010dinkovito komunikacijo v vsakem trenutku.<\/p>\n<p><img loading=\"lazy\" decoding=\"async\" class=\"aligncenter wp-image-33866\" src=\"https:\/\/alex.shop\/wp-content\/uploads\/2025\/06\/reolink-doorbell-battery-10.jpg\" alt=\"Reolink zvonec D340P\" width=\"1059\" height=\"434\" \/><\/p>\n<h3><strong>Oddaljen dostop kjerkoli in kadarkoli<\/strong><\/h3>\n<p>Z brezpla\u010dno aplikacijo za iOS, Android, Windows ali Mac lahko v vsakem trenutku preverite stanje pred va\u0161imi vrati \u2013 tudi ko ste na poti ali v slu\u017ebi.<\/p>\n<h3><strong>Enostavna namestitev<\/strong><\/h3>\n<p>Zvonec preprosto namestite pred vhodna vrata. Z nastavkom za nagib, ki je prilo\u017een v paketu, ga lahko optimalno usmerite. Namestitev poteka hitro in preprosto preko QR kode v aplikaciji.<\/p>\n<h3><strong>Vsebina paketa<\/strong><\/h3>\n<ul>\n<li>baterijski pametni zvonec<\/li>\n<li>Notranji chime (zvo\u010dnik)<\/li>\n<li>microSD kartica (64 GB)<\/li>\n<li>Polnilni kabel, nastavki in navodila za uporabo<\/li>\n<\/ul>\n<h3 data-start=\"670\" data-end=\"699\">Pogosta vpra\u0161anja<\/h3>\n<p data-start=\"701\" data-end=\"898\"><strong data-start=\"701\" data-end=\"768\">1. Ali zvonec potrebuje elektri\u010dno napajanje?<\/strong><br data-start=\"768\" data-end=\"771\" \/>Ne, saj\u00a0ima vgrajeno polnilno baterijo in deluje brez\u017ei\u010dno. Po \u017eelji ga lahko priklopite tudi na stalno napajanje (12\u201324 V).<\/p>\n<p data-start=\"900\" data-end=\"1038\"><strong data-start=\"900\" data-end=\"947\">2. Ali je notranji zvonec (chime) prilo\u017een?<\/strong><br data-start=\"947\" data-end=\"950\" \/>Da, v kompletu prejmete tudi notranji zvo\u010dnik z nastavljivo glasnostjo in 10 melodijami.<\/p>\n<p data-start=\"1040\" data-end=\"1170\"><strong data-start=\"1040\" data-end=\"1075\">3. Kako kamera zaznava gibanje?<\/strong><br data-start=\"1075\" data-end=\"1078\" \/>S pomo\u010djo naprednega PIR senzorja in prepoznave oseb in vozil \u2013 kar zmanj\u0161a la\u017ena opozorila.<\/p>\n<p data-start=\"1172\" data-end=\"1290\"><strong data-start=\"1172\" data-end=\"1214\">4. Ali kamera omogo\u010da snemanje pono\u010di?<\/strong><br data-start=\"1214\" data-end=\"1217\" \/>Da, kamera omogo\u010da no\u010dno snemanje z IR LED lu\u010dkama do razdalje 10 metrov.<\/p>\n<p data-start=\"1292\" data-end=\"1449\"><strong data-start=\"1292\" data-end=\"1327\">5. Kam se shranjujejo posnetki?<\/strong><br data-start=\"1327\" data-end=\"1330\" \/>Posnetki se lahko shranjujejo na prilo\u017eeno 64 GB microSD kartico (mo\u017enost do 256 GB), Reolink NVR ali Home Hub.<\/p>","protected":false},"excerpt":{"rendered":"<p>Reolink D340B (Doorbell Battery) je pametni zunanji zvonec s kamero, ki deluje na vgrajeno polnilno baterijo, po \u017eelji pa ga je mo\u017eno priklju\u010diti tudi na stalno napajanje. Snema v 4MP Super HD lo\u010dljivosti, aktivira se ob zaznavi gibanja ter omogo\u010da dvosmerno komunikacijo in obvestila v realnem \u010dasu.<\/p>\n<p>Oglejte si \u0161e <a href=\"https:\/\/www.tada.si\/en\/product-category\/video-nadzor\/\">ostalo ponudbo Reolink izdelkov na na\u0161i spletni strani.<\/a><\/p>","protected":false},"featured_media":10001,"comment_status":"open","ping_status":"closed","template":"","meta":{"inline_featured_image":false},"product_brand":[],"product_cat":[72,381,191],"product_tag":[],"class_list":{"0":"post-9996","1":"product","2":"type-product","3":"status-publish","4":"has-post-thumbnail","6":"product_cat-alarmni-in-video-nadzor","7":"product_cat-dodatki","8":"product_cat-reolink","10":"first","11":"instock","12":"sale","13":"taxable","14":"shipping-taxable","15":"purchasable","16":"product-type-simple","17":"czr-hentry"},"_links":{"self":[{"href":"https:\/\/www.tada.si\/en\/wp-json\/wp\/v2\/product\/9996","targetHints":{"allow":["GET"]}}],"collection":[{"href":"https:\/\/www.tada.si\/en\/wp-json\/wp\/v2\/product"}],"about":[{"href":"https:\/\/www.tada.si\/en\/wp-json\/wp\/v2\/types\/product"}],"replies":[{"embeddable":true,"href":"https:\/\/www.tada.si\/en\/wp-json\/wp\/v2\/comments?post=9996"}],"wp:featuredmedia":[{"embeddable":true,"href":"https:\/\/www.tada.si\/en\/wp-json\/wp\/v2\/media\/10001"}],"wp:attachment":[{"href":"https:\/\/www.tada.si\/en\/wp-json\/wp\/v2\/media?parent=9996"}],"wp:term":[{"taxonomy":"product_brand","embeddable":true,"href":"https:\/\/www.tada.si\/en\/wp-json\/wp\/v2\/product_brand?post=9996"},{"taxonomy":"product_cat","embeddable":true,"href":"https:\/\/www.tada.si\/en\/wp-json\/wp\/v2\/product_cat?post=9996"},{"taxonomy":"product_tag","embeddable":true,"href":"https:\/\/www.tada.si\/en\/wp-json\/wp\/v2\/product_tag?post=9996"}],"curies":[{"name":"wp","href":"https:\/\/api.w.org\/{rel}","templated":true}]}}